{"id":8409,"date":"2021-02-14T23:30:01","date_gmt":"2021-02-14T20:30:01","guid":{"rendered":"https:\/\/ceoparts.com\/?post_type=product&#038;p=8409"},"modified":"2026-05-03T05:05:52","modified_gmt":"2026-05-03T02:05:52","slug":"85x110-115-12-yuk-tekeri","status":"publish","type":"product","link":"https:\/\/ceoparts.com\/fr\/urun\/85x110-115-12-yuk-tekeri\/","title":{"rendered":"85&#215;110\/115-12 Ceoparts Roulettes charge &#8211; 1590996 , 580064668"},"content":{"rendered":"<p>85&#215;110\/115-12 Ceoparts Roulettes charge &#8211; 1590996 , 580064668<\/p>\n<p><\/p>","protected":false},"excerpt":{"rendered":"<p data-start=\"118\" data-end=\"554\"><br data-start=\"3311\" data-end=\"3314\" \/>La <strong data-start=\"3317\" data-end=\"3379\">Roue de charge 85\u00d7110\/115-12 Ceoparts \u2013 1590996, 580064668<\/strong> est sp\u00e9cialement con\u00e7ue pour les chariots \u00e9l\u00e9vateurs et les machines lourdes, offrant une grande capacit\u00e9 de charge et une durabilit\u00e9 \u00e9lev\u00e9e. La combinaison de caoutchouc de qualit\u00e9 et de corps m\u00e9tallique robuste garantit une longue dur\u00e9e de vie dans des conditions difficiles. Elle am\u00e9liore l\u2019efficacit\u00e9 des machines tout en r\u00e9duisant les vibrations pour le confort de l\u2019op\u00e9rateur. Facile \u00e0 entretenir, c\u2019est un composant essentiel pour la s\u00e9curit\u00e9 au travail.<\/p>\n<p data-start=\"3843\" data-end=\"4217\"><strong data-start=\"3843\" data-end=\"3863\">Caract\u00e9ristiques<\/strong><br data-start=\"3863\" data-end=\"3866\" \/><strong data-start=\"3866\" data-end=\"3885\">Nom du produit:<\/strong> Roue de charge<br data-start=\"3900\" data-end=\"3903\" \/><strong data-start=\"3903\" data-end=\"3923\">Num\u00e9ro de pi\u00e8ce:<\/strong> 1590996, 580064668<br data-start=\"3942\" data-end=\"3945\" \/><strong data-start=\"3945\" data-end=\"3958\">Mat\u00e9riau:<\/strong> Caoutchouc durable, corps m\u00e9tallique renforc\u00e9<br data-start=\"4004\" data-end=\"4007\" \/><strong data-start=\"4007\" data-end=\"4023\">Application:<\/strong> Syst\u00e8me de charge pour chariots \u00e9l\u00e9vateurs et machines lourdes<br data-start=\"4086\" data-end=\"4089\" \/><strong data-start=\"4089\" data-end=\"4102\">Avantage:<\/strong> Haute r\u00e9sistance \u00e0 l\u2019usure, longue dur\u00e9e de vie, r\u00e9duction des vibrations, faible entretien, stabilit\u00e9 am\u00e9lior\u00e9e<\/p>\n<p data-start=\"4219\" data-end=\"4694\">\n","protected":false},"featured_media":15925,"template":"","meta":[],"product_brand":[],"product_cat":[256,259,395,398,400],"product_tag":[],"class_list":{"0":"post-8409","1":"product","2":"type-product","3":"status-publish","4":"has-post-thumbnail","6":"product_cat-hyster","7":"product_cat-catal-tekeri-hyster","8":"product_cat-ceoparts","9":"product_cat-catal-tekeri-ceo","10":"product_cat-catal-tekeri","12":"first","13":"instock","14":"taxable","15":"shipping-taxable","16":"purchasable","17":"product-type-simple"},"_links":{"self":[{"href":"https:\/\/ceoparts.com\/fr\/wp-json\/wp\/v2\/product\/8409","targetHints":{"allow":["GET"]}}],"collection":[{"href":"https:\/\/ceoparts.com\/fr\/wp-json\/wp\/v2\/product"}],"about":[{"href":"https:\/\/ceoparts.com\/fr\/wp-json\/wp\/v2\/types\/product"}],"wp:featuredmedia":[{"embeddable":true,"href":"https:\/\/ceoparts.com\/fr\/wp-json\/wp\/v2\/media\/15925"}],"wp:attachment":[{"href":"https:\/\/ceoparts.com\/fr\/wp-json\/wp\/v2\/media?parent=8409"}],"wp:term":[{"taxonomy":"product_brand","embeddable":true,"href":"https:\/\/ceoparts.com\/fr\/wp-json\/wp\/v2\/product_brand?post=8409"},{"taxonomy":"product_cat","embeddable":true,"href":"https:\/\/ceoparts.com\/fr\/wp-json\/wp\/v2\/product_cat?post=8409"},{"taxonomy":"product_tag","embeddable":true,"href":"https:\/\/ceoparts.com\/fr\/wp-json\/wp\/v2\/product_tag?post=8409"}],"curies":[{"name":"wp","href":"https:\/\/api.w.org\/{rel}","templated":true}]}}