{"id":8411,"date":"2021-02-14T23:33:44","date_gmt":"2021-02-14T20:33:44","guid":{"rendered":"https:\/\/ceoparts.com\/?post_type=product&#038;p=8411"},"modified":"2026-05-16T19:52:37","modified_gmt":"2026-05-16T16:52:37","slug":"85x110-115-20-yuk-tekeri","status":"publish","type":"product","link":"https:\/\/ceoparts.com\/fr\/urun\/85x110-115-20-yuk-tekeri\/","title":{"rendered":"85&#215;110\/115-20 Ceoparts Roulettes charge"},"content":{"rendered":"<p>85&#215;110\/115-20 Ceoparts Roulettes charge<\/p>","protected":false},"excerpt":{"rendered":"<p data-start=\"97\" data-end=\"510\"><br data-start=\"3204\" data-end=\"3207\" \/>La <strong data-start=\"3210\" data-end=\"3251\">Roue de charge 85\u00d7110\/115-20 Ceoparts<\/strong> est sp\u00e9cialement fabriqu\u00e9e pour les chariots \u00e9l\u00e9vateurs et les machines lourdes, offrant une grande capacit\u00e9 de charge et une durabilit\u00e9 \u00e9lev\u00e9e. La combinaison de caoutchouc de qualit\u00e9 et de corps m\u00e9tallique robuste garantit une longue dur\u00e9e de vie dans des conditions difficiles. Elle am\u00e9liore l\u2019efficacit\u00e9 des machines tout en r\u00e9duisant les vibrations pour le confort de l\u2019op\u00e9rateur. Facile \u00e0 entretenir et un composant important pour la s\u00e9curit\u00e9 au travail.<\/p>\n<p data-start=\"3714\" data-end=\"4097\"><strong data-start=\"3714\" data-end=\"3734\">Caract\u00e9ristiques<\/strong><br data-start=\"3734\" data-end=\"3737\" \/><strong data-start=\"3737\" data-end=\"3756\">Nom du produit:<\/strong> Roue de charge<br data-start=\"3771\" data-end=\"3774\" \/><strong data-start=\"3774\" data-end=\"3794\">Num\u00e9ro de pi\u00e8ce:<\/strong> &#8211;<br data-start=\"3824\" data-end=\"3827\" \/><strong data-start=\"3827\" data-end=\"3840\">Mat\u00e9riau:<\/strong> Caoutchouc durable, corps m\u00e9tallique renforc\u00e9<br data-start=\"3886\" data-end=\"3889\" \/><strong data-start=\"3889\" data-end=\"3905\">Application:<\/strong> Syst\u00e8me de charge pour chariots \u00e9l\u00e9vateurs et machines lourdes<br data-start=\"3968\" data-end=\"3971\" \/><strong data-start=\"3971\" data-end=\"3984\">Avantage:<\/strong> Haute capacit\u00e9 de charge, longue dur\u00e9e de vie, r\u00e9duction des vibrations, faible entretien, stabilit\u00e9 am\u00e9lior\u00e9e<\/p>\n<p data-start=\"4099\" data-end=\"4550\">\n","protected":false},"featured_media":15941,"template":"","meta":[],"product_brand":[],"product_cat":[395,398,400],"product_tag":[],"class_list":{"0":"post-8411","1":"product","2":"type-product","3":"status-publish","4":"has-post-thumbnail","6":"product_cat-ceoparts","7":"product_cat-catal-tekeri-ceo","8":"product_cat-catal-tekeri","10":"first","11":"instock","12":"taxable","13":"shipping-taxable","14":"purchasable","15":"product-type-simple"},"_links":{"self":[{"href":"https:\/\/ceoparts.com\/fr\/wp-json\/wp\/v2\/product\/8411","targetHints":{"allow":["GET"]}}],"collection":[{"href":"https:\/\/ceoparts.com\/fr\/wp-json\/wp\/v2\/product"}],"about":[{"href":"https:\/\/ceoparts.com\/fr\/wp-json\/wp\/v2\/types\/product"}],"wp:featuredmedia":[{"embeddable":true,"href":"https:\/\/ceoparts.com\/fr\/wp-json\/wp\/v2\/media\/15941"}],"wp:attachment":[{"href":"https:\/\/ceoparts.com\/fr\/wp-json\/wp\/v2\/media?parent=8411"}],"wp:term":[{"taxonomy":"product_brand","embeddable":true,"href":"https:\/\/ceoparts.com\/fr\/wp-json\/wp\/v2\/product_brand?post=8411"},{"taxonomy":"product_cat","embeddable":true,"href":"https:\/\/ceoparts.com\/fr\/wp-json\/wp\/v2\/product_cat?post=8411"},{"taxonomy":"product_tag","embeddable":true,"href":"https:\/\/ceoparts.com\/fr\/wp-json\/wp\/v2\/product_tag?post=8411"}],"curies":[{"name":"wp","href":"https:\/\/api.w.org\/{rel}","templated":true}]}}