{"id":8412,"date":"2021-02-14T23:36:06","date_gmt":"2021-02-14T20:36:06","guid":{"rendered":"https:\/\/ceoparts.com\/?post_type=product&#038;p=8412"},"modified":"2026-05-16T15:14:07","modified_gmt":"2026-05-16T12:14:07","slug":"85x100-102-25-yuk-tekeri","status":"publish","type":"product","link":"https:\/\/ceoparts.com\/fr\/urun\/85x100-102-25-yuk-tekeri\/","title":{"rendered":"85&#215;100\/102-25 Ceoparts Roulettes charge &#8211; 4413923 , 4490050"},"content":{"rendered":"<p>85&#215;100\/102-25 Ceoparts Roulettes charge &#8211; 4413923 , 4490050<\/p>\n<p>CS20\/711040\/06-06<\/p>\n<p>CX20\/711044\/01-07<\/p>\n<p>EGU-710115\/710117\/710119\/710125<\/p>\n<p>EGV 14\/16-710244\/710248\/710250<br \/>\nEGV 10-12\/710239-710241\/01-07<br \/>\nEGV 10-12\/710240-710242\/01-07<\/p>\n<p>EXU-S\/710148-710149\/01-07<br \/>\nEXU 710140\/710141\/710142\/710143\/01-07<br \/>\nEXU AC 710150\/710151\/710152\/0143<\/p>","protected":false},"excerpt":{"rendered":"<p data-start=\"116\" data-end=\"598\"><br data-start=\"3428\" data-end=\"3431\" \/>La <strong data-start=\"3434\" data-end=\"3494\">Roue de charge 85\u00d7100\/102-25 Ceoparts \u2013 4413923, 4490050<\/strong> est sp\u00e9cialement con\u00e7ue pour les chariots \u00e9l\u00e9vateurs et les machines lourdes, offrant une grande capacit\u00e9 de charge et une durabilit\u00e9 \u00e9lev\u00e9e. La combinaison de caoutchouc de qualit\u00e9 et de corps m\u00e9tallique renforc\u00e9 garantit une longue dur\u00e9e de vie dans des conditions difficiles. Sa grande capacit\u00e9 de charge am\u00e9liore l\u2019efficacit\u00e9 des machines, tandis que la r\u00e9duction des vibrations soutient le confort de l\u2019op\u00e9rateur. Facile \u00e0 entretenir et un composant critique pour la s\u00e9curit\u00e9 au travail.<\/p>\n<p data-start=\"3989\" data-end=\"4361\"><strong data-start=\"3989\" data-end=\"4009\">Caract\u00e9ristiques<\/strong><br data-start=\"4009\" data-end=\"4012\" \/><strong data-start=\"4012\" data-end=\"4031\">Nom du produit:<\/strong> Roue de charge<br data-start=\"4046\" data-end=\"4049\" \/><strong data-start=\"4049\" data-end=\"4069\">Num\u00e9ro de pi\u00e8ce:<\/strong> 4413923, 4490050<br data-start=\"4086\" data-end=\"4089\" \/><strong data-start=\"4089\" data-end=\"4102\">Mat\u00e9riau:<\/strong> Caoutchouc durable, corps m\u00e9tallique renforc\u00e9<br data-start=\"4148\" data-end=\"4151\" \/><strong data-start=\"4151\" data-end=\"4167\">Application:<\/strong> Syst\u00e8me de charge pour chariots \u00e9l\u00e9vateurs et machines lourdes<br data-start=\"4230\" data-end=\"4233\" \/><strong data-start=\"4233\" data-end=\"4246\">Avantage:<\/strong> Haute r\u00e9sistance \u00e0 l\u2019usure, longue dur\u00e9e de vie, r\u00e9duction des vibrations, faible entretien, stabilit\u00e9 am\u00e9lior\u00e9e<\/p>\n<p data-start=\"4363\" data-end=\"4875\">\n","protected":false},"featured_media":15561,"template":"","meta":[],"product_brand":[],"product_cat":[398,400],"product_tag":[],"class_list":{"0":"post-8412","1":"product","2":"type-product","3":"status-publish","4":"has-post-thumbnail","6":"product_cat-catal-tekeri-ceo","7":"product_cat-catal-tekeri","9":"first","10":"instock","11":"taxable","12":"shipping-taxable","13":"purchasable","14":"product-type-simple"},"_links":{"self":[{"href":"https:\/\/ceoparts.com\/fr\/wp-json\/wp\/v2\/product\/8412","targetHints":{"allow":["GET"]}}],"collection":[{"href":"https:\/\/ceoparts.com\/fr\/wp-json\/wp\/v2\/product"}],"about":[{"href":"https:\/\/ceoparts.com\/fr\/wp-json\/wp\/v2\/types\/product"}],"wp:featuredmedia":[{"embeddable":true,"href":"https:\/\/ceoparts.com\/fr\/wp-json\/wp\/v2\/media\/15561"}],"wp:attachment":[{"href":"https:\/\/ceoparts.com\/fr\/wp-json\/wp\/v2\/media?parent=8412"}],"wp:term":[{"taxonomy":"product_brand","embeddable":true,"href":"https:\/\/ceoparts.com\/fr\/wp-json\/wp\/v2\/product_brand?post=8412"},{"taxonomy":"product_cat","embeddable":true,"href":"https:\/\/ceoparts.com\/fr\/wp-json\/wp\/v2\/product_cat?post=8412"},{"taxonomy":"product_tag","embeddable":true,"href":"https:\/\/ceoparts.com\/fr\/wp-json\/wp\/v2\/product_tag?post=8412"}],"curies":[{"name":"wp","href":"https:\/\/api.w.org\/{rel}","templated":true}]}}