{"id":8413,"date":"2021-02-14T23:37:22","date_gmt":"2021-02-14T20:37:22","guid":{"rendered":"https:\/\/ceoparts.com\/?post_type=product&#038;p=8413"},"modified":"2026-05-16T15:08:44","modified_gmt":"2026-05-16T12:08:44","slug":"85x100-102-20-yuk-tekeri","status":"publish","type":"product","link":"https:\/\/ceoparts.com\/fr\/urun\/85x100-102-20-yuk-tekeri\/","title":{"rendered":"85&#215;100\/102-20 Ceoparts Roulettes charge &#8211; 215176"},"content":{"rendered":"<p>85&#215;100\/102-20 Ceoparts Roulettes charge &#8211; 215176<\/p>\n<p>BT 10100 BT 215176<\/p>\n<p>BT LPE200<br \/>\nBT LWE200<br \/>\nBT P20 ORION<br \/>\nBT W20 ORION<br \/>\nBT LT2200<br \/>\nBT MP 16\/20<br \/>\nBT MT 22<\/p>","protected":false},"excerpt":{"rendered":"<p data-start=\"106\" data-end=\"543\"><br data-start=\"3272\" data-end=\"3275\" \/>La <strong data-start=\"3278\" data-end=\"3328\">Roue de charge 85\u00d7100\/102-20 Ceoparts \u2013 215176<\/strong> est sp\u00e9cialement fabriqu\u00e9e pour les chariots \u00e9l\u00e9vateurs et les machines lourdes, offrant une grande capacit\u00e9 de charge et une durabilit\u00e9 \u00e9lev\u00e9e. La combinaison de caoutchouc de qualit\u00e9 et de corps m\u00e9tallique robuste garantit une longue dur\u00e9e de vie dans des conditions difficiles. Elle am\u00e9liore l\u2019efficacit\u00e9 des machines gr\u00e2ce \u00e0 sa haute capacit\u00e9 de charge et r\u00e9duit les vibrations pour le confort de l\u2019op\u00e9rateur. Facile \u00e0 entretenir et un composant important pour la s\u00e9curit\u00e9 au travail.<\/p>\n<p data-start=\"3819\" data-end=\"4179\"><strong data-start=\"3819\" data-end=\"3839\">Caract\u00e9ristiques<\/strong><br data-start=\"3839\" data-end=\"3842\" \/><strong data-start=\"3842\" data-end=\"3861\">Nom du produit:<\/strong> Roue de charge<br data-start=\"3876\" data-end=\"3879\" \/><strong data-start=\"3879\" data-end=\"3899\">Num\u00e9ro de pi\u00e8ce:<\/strong> 215176<br data-start=\"3906\" data-end=\"3909\" \/><strong data-start=\"3909\" data-end=\"3922\">Mat\u00e9riau:<\/strong> Caoutchouc durable, corps m\u00e9tallique renforc\u00e9<br data-start=\"3968\" data-end=\"3971\" \/><strong data-start=\"3971\" data-end=\"3987\">Application:<\/strong> Syst\u00e8me de charge pour chariots \u00e9l\u00e9vateurs et machines lourdes<br data-start=\"4050\" data-end=\"4053\" \/><strong data-start=\"4053\" data-end=\"4066\">Avantage:<\/strong> Haute capacit\u00e9 de charge, longue dur\u00e9e de vie, r\u00e9duction des vibrations, faible entretien, stabilit\u00e9 am\u00e9lior\u00e9e<\/p>\n<p data-start=\"4181\" data-end=\"4678\">\n","protected":false},"featured_media":15558,"template":"","meta":[],"product_brand":[],"product_cat":[251,253,398,400],"product_tag":[],"class_list":{"0":"post-8413","1":"product","2":"type-product","3":"status-publish","4":"has-post-thumbnail","6":"product_cat-bt","7":"product_cat-catal-tekeri-bt","8":"product_cat-catal-tekeri-ceo","9":"product_cat-catal-tekeri","11":"first","12":"instock","13":"taxable","14":"shipping-taxable","15":"purchasable","16":"product-type-simple"},"_links":{"self":[{"href":"https:\/\/ceoparts.com\/fr\/wp-json\/wp\/v2\/product\/8413","targetHints":{"allow":["GET"]}}],"collection":[{"href":"https:\/\/ceoparts.com\/fr\/wp-json\/wp\/v2\/product"}],"about":[{"href":"https:\/\/ceoparts.com\/fr\/wp-json\/wp\/v2\/types\/product"}],"wp:featuredmedia":[{"embeddable":true,"href":"https:\/\/ceoparts.com\/fr\/wp-json\/wp\/v2\/media\/15558"}],"wp:attachment":[{"href":"https:\/\/ceoparts.com\/fr\/wp-json\/wp\/v2\/media?parent=8413"}],"wp:term":[{"taxonomy":"product_brand","embeddable":true,"href":"https:\/\/ceoparts.com\/fr\/wp-json\/wp\/v2\/product_brand?post=8413"},{"taxonomy":"product_cat","embeddable":true,"href":"https:\/\/ceoparts.com\/fr\/wp-json\/wp\/v2\/product_cat?post=8413"},{"taxonomy":"product_tag","embeddable":true,"href":"https:\/\/ceoparts.com\/fr\/wp-json\/wp\/v2\/product_tag?post=8413"}],"curies":[{"name":"wp","href":"https:\/\/api.w.org\/{rel}","templated":true}]}}