{"id":8414,"date":"2021-02-14T23:38:21","date_gmt":"2021-02-14T20:38:21","guid":{"rendered":"https:\/\/ceoparts.com\/?post_type=product&#038;p=8414"},"modified":"2026-05-16T15:09:09","modified_gmt":"2026-05-16T12:09:09","slug":"85x100-102-17-yuk-tekeri","status":"publish","type":"product","link":"https:\/\/ceoparts.com\/fr\/urun\/85x100-102-17-yuk-tekeri\/","title":{"rendered":"85&#215;100\/102-17 Ceoparts Roulettes charge -167599 , 225152"},"content":{"rendered":"<p>85&#215;100\/102-17 Ceoparts Roulettes charge -167599 , 225152<\/p>\n<p>BT 167599, 225152, 119991, 129929,129930<\/p>\n<p>BT L2000<br \/>\nBT L23<br \/>\nBT LWE 180<br \/>\nBT LWE 200<br \/>\nBT PPT 1400<br \/>\nBT PPT1600<br \/>\nBT PPT1800<br \/>\nBT PPT2000<br \/>\nBT W18 ORION<br \/>\nBT W20<\/p>","protected":false},"excerpt":{"rendered":"<p data-start=\"116\" data-end=\"558\"><br data-start=\"3309\" data-end=\"3312\" \/>La <strong data-start=\"3315\" data-end=\"3373\">Roue de charge 85\u00d7100\/102-17 Ceoparts &#8211; 167599, 225152<\/strong> est sp\u00e9cialement fabriqu\u00e9e pour les chariots \u00e9l\u00e9vateurs et les machines lourdes, offrant une grande capacit\u00e9 de charge et une durabilit\u00e9 \u00e9lev\u00e9e. La combinaison de caoutchouc de qualit\u00e9 et de corps m\u00e9tallique robuste garantit une longue dur\u00e9e de vie dans des conditions difficiles. Elle am\u00e9liore l\u2019efficacit\u00e9 des machines gr\u00e2ce \u00e0 sa haute capacit\u00e9 de charge et r\u00e9duit les vibrations pour le confort de l\u2019op\u00e9rateur. Facile \u00e0 entretenir et am\u00e9liore la s\u00e9curit\u00e9 au travail.<\/p>\n<p data-start=\"3845\" data-end=\"4213\"><strong data-start=\"3845\" data-end=\"3865\">Caract\u00e9ristiques<\/strong><br data-start=\"3865\" data-end=\"3868\" \/><strong data-start=\"3868\" data-end=\"3887\">Nom du produit:<\/strong> Roue de charge<br data-start=\"3902\" data-end=\"3905\" \/><strong data-start=\"3905\" data-end=\"3925\">Num\u00e9ro de pi\u00e8ce:<\/strong> 167599, 225152<br data-start=\"3940\" data-end=\"3943\" \/><strong data-start=\"3943\" data-end=\"3956\">Mat\u00e9riau:<\/strong> Caoutchouc durable, corps m\u00e9tallique renforc\u00e9<br data-start=\"4002\" data-end=\"4005\" \/><strong data-start=\"4005\" data-end=\"4021\">Application:<\/strong> Syst\u00e8me de charge pour chariots \u00e9l\u00e9vateurs et machines lourdes<br data-start=\"4084\" data-end=\"4087\" \/><strong data-start=\"4087\" data-end=\"4100\">Avantage:<\/strong> Haute capacit\u00e9 de charge, longue dur\u00e9e de vie, r\u00e9duction des vibrations, faible entretien, stabilit\u00e9 am\u00e9lior\u00e9e<\/p>\n<p data-start=\"4215\" data-end=\"4700\">\n","protected":false},"featured_media":15552,"template":"","meta":[],"product_brand":[],"product_cat":[251,253,398,400],"product_tag":[],"class_list":{"0":"post-8414","1":"product","2":"type-product","3":"status-publish","4":"has-post-thumbnail","6":"product_cat-bt","7":"product_cat-catal-tekeri-bt","8":"product_cat-catal-tekeri-ceo","9":"product_cat-catal-tekeri","11":"first","12":"instock","13":"taxable","14":"shipping-taxable","15":"purchasable","16":"product-type-simple"},"_links":{"self":[{"href":"https:\/\/ceoparts.com\/fr\/wp-json\/wp\/v2\/product\/8414","targetHints":{"allow":["GET"]}}],"collection":[{"href":"https:\/\/ceoparts.com\/fr\/wp-json\/wp\/v2\/product"}],"about":[{"href":"https:\/\/ceoparts.com\/fr\/wp-json\/wp\/v2\/types\/product"}],"wp:featuredmedia":[{"embeddable":true,"href":"https:\/\/ceoparts.com\/fr\/wp-json\/wp\/v2\/media\/15552"}],"wp:attachment":[{"href":"https:\/\/ceoparts.com\/fr\/wp-json\/wp\/v2\/media?parent=8414"}],"wp:term":[{"taxonomy":"product_brand","embeddable":true,"href":"https:\/\/ceoparts.com\/fr\/wp-json\/wp\/v2\/product_brand?post=8414"},{"taxonomy":"product_cat","embeddable":true,"href":"https:\/\/ceoparts.com\/fr\/wp-json\/wp\/v2\/product_cat?post=8414"},{"taxonomy":"product_tag","embeddable":true,"href":"https:\/\/ceoparts.com\/fr\/wp-json\/wp\/v2\/product_tag?post=8414"}],"curies":[{"name":"wp","href":"https:\/\/api.w.org\/{rel}","templated":true}]}}