{"id":8422,"date":"2021-02-15T10:20:17","date_gmt":"2021-02-15T07:20:17","guid":{"rendered":"https:\/\/ceoparts.com\/?post_type=product&#038;p=8422"},"modified":"2026-05-16T16:18:10","modified_gmt":"2026-05-16T13:18:10","slug":"125x40-40-15-denge-tekeri-dokum","status":"publish","type":"product","link":"https:\/\/ceoparts.com\/fr\/urun\/125x40-40-15-denge-tekeri-dokum\/","title":{"rendered":"125&#215;40\/40-15  Roues D&#8217;\u00e9quilibre"},"content":{"rendered":"<p>125&#215;40\/40-15  Roues D&#8217;\u00e9quilibre<\/p>","protected":false},"excerpt":{"rendered":"<p data-start=\"169\" data-end=\"625\"><br data-start=\"3551\" data-end=\"3554\" \/>La <strong data-start=\"3557\" data-end=\"3593\">Roue stabilisatrice 125\u00d740\/40-15<\/strong> est con\u00e7ue pour les chariots \u00e9l\u00e9vateurs et les machines lourdes, offrant une grande durabilit\u00e9 et stabilit\u00e9. Combinant un caoutchouc de qualit\u00e9 et une structure m\u00e9tallique robuste, elle garantit une longue dur\u00e9e de vie m\u00eame sous de lourdes charges. Elle r\u00e9duit les vibrations pour am\u00e9liorer le confort de l\u2019op\u00e9rateur, est r\u00e9sistante aux conditions difficiles et minimise les besoins d\u2019entretien. Id\u00e9ale pour les machines \u00e9voluant sur des terrains \u00e9troits et accident\u00e9s, elle am\u00e9liore la s\u00e9curit\u00e9 et l\u2019efficacit\u00e9.<\/p>\n<p data-start=\"4108\" data-end=\"4522\"><strong data-start=\"4108\" data-end=\"4128\">Caract\u00e9ristiques<\/strong><br data-start=\"4128\" data-end=\"4131\" \/><strong data-start=\"4131\" data-end=\"4150\">Nom du produit:<\/strong> Roue stabilisatrice<br data-start=\"4170\" data-end=\"4173\" \/><strong data-start=\"4173\" data-end=\"4193\">Num\u00e9ro de pi\u00e8ce:<\/strong> (Doit \u00eatre indiqu\u00e9 sur l\u2019\u00e9tiquette du produit)<br data-start=\"4240\" data-end=\"4243\" \/><strong data-start=\"4243\" data-end=\"4256\">Mat\u00e9riau:<\/strong> Caoutchouc durable, corps m\u00e9tallique renforc\u00e9<br data-start=\"4302\" data-end=\"4305\" \/><strong data-start=\"4305\" data-end=\"4321\">Application:<\/strong> Syst\u00e8me de stabilisation pour chariots \u00e9l\u00e9vateurs et machines lourdes<br data-start=\"4391\" data-end=\"4394\" \/><strong data-start=\"4394\" data-end=\"4407\">Avantage:<\/strong> Haute r\u00e9sistance \u00e0 l\u2019usure, longue dur\u00e9e de vie, r\u00e9duction des vibrations, faible entretien, stabilit\u00e9 am\u00e9lior\u00e9e<\/p>\n<p data-start=\"4524\" data-end=\"5008\">\n","protected":false},"featured_media":17641,"template":"","meta":[],"product_brand":[],"product_cat":[185],"product_tag":[],"class_list":{"0":"post-8422","1":"product","2":"type-product","3":"status-publish","4":"has-post-thumbnail","6":"product_cat-denge-tekeri","8":"first","9":"instock","10":"taxable","11":"shipping-taxable","12":"purchasable","13":"product-type-simple"},"_links":{"self":[{"href":"https:\/\/ceoparts.com\/fr\/wp-json\/wp\/v2\/product\/8422","targetHints":{"allow":["GET"]}}],"collection":[{"href":"https:\/\/ceoparts.com\/fr\/wp-json\/wp\/v2\/product"}],"about":[{"href":"https:\/\/ceoparts.com\/fr\/wp-json\/wp\/v2\/types\/product"}],"wp:featuredmedia":[{"embeddable":true,"href":"https:\/\/ceoparts.com\/fr\/wp-json\/wp\/v2\/media\/17641"}],"wp:attachment":[{"href":"https:\/\/ceoparts.com\/fr\/wp-json\/wp\/v2\/media?parent=8422"}],"wp:term":[{"taxonomy":"product_brand","embeddable":true,"href":"https:\/\/ceoparts.com\/fr\/wp-json\/wp\/v2\/product_brand?post=8422"},{"taxonomy":"product_cat","embeddable":true,"href":"https:\/\/ceoparts.com\/fr\/wp-json\/wp\/v2\/product_cat?post=8422"},{"taxonomy":"product_tag","embeddable":true,"href":"https:\/\/ceoparts.com\/fr\/wp-json\/wp\/v2\/product_tag?post=8422"}],"curies":[{"name":"wp","href":"https:\/\/api.w.org\/{rel}","templated":true}]}}