{"id":8423,"date":"2021-02-15T10:22:55","date_gmt":"2021-02-15T07:22:55","guid":{"rendered":"https:\/\/ceoparts.com\/?post_type=product&#038;p=8423"},"modified":"2026-05-03T06:11:17","modified_gmt":"2026-05-03T03:11:17","slug":"125x40-45-15-alu-denge-tekeri","status":"publish","type":"product","link":"https:\/\/ceoparts.com\/fr\/urun\/125x40-45-15-alu-denge-tekeri\/","title":{"rendered":"125&#215;40\/45-15 Alu Roues D&#8217;\u00e9quilibre"},"content":{"rendered":"<p>125&#215;40\/45-15 Alu Roues D&#8217;\u00e9quilibre<\/p>","protected":false},"excerpt":{"rendered":"<p data-start=\"185\" data-end=\"821\"><br data-start=\"4158\" data-end=\"4161\" \/>La <strong data-start=\"4164\" data-end=\"4204\">Roue stabilisatrice 125\u00d740\/45-15 Alu<\/strong> est sp\u00e9cialement con\u00e7ue pour les chariots \u00e9l\u00e9vateurs et les machines lourdes, offrant l\u00e9g\u00e8ret\u00e9 et durabilit\u00e9 gr\u00e2ce \u00e0 sa carrosserie en aluminium. Associ\u00e9e \u00e0 des pneus en caoutchouc de haute qualit\u00e9, cette roue stabilisatrice offre une excellente stabilit\u00e9 m\u00eame sous de lourdes charges et minimise les vibrations pour am\u00e9liorer le confort de l\u2019op\u00e9rateur. Le mat\u00e9riau en aluminium est r\u00e9sistant \u00e0 la corrosion et garantit une longue dur\u00e9e de vie dans des conditions de travail difficiles. Sa conception permet un entretien facile, assurant une s\u00e9curit\u00e9 et une efficacit\u00e9 sup\u00e9rieures dans les syst\u00e8mes de stabilisation des chariots \u00e9l\u00e9vateurs et des machines. Id\u00e9ale pour les machines op\u00e9rant dans des espaces pr\u00e9cis et confin\u00e9s.<\/p>\n<p data-start=\"4933\" data-end=\"5358\"><strong data-start=\"4933\" data-end=\"4953\">Caract\u00e9ristiques<\/strong><br data-start=\"4953\" data-end=\"4956\" \/><strong data-start=\"4956\" data-end=\"4975\">Nom du produit:<\/strong> Roue stabilisatrice<br data-start=\"4995\" data-end=\"4998\" \/><strong data-start=\"4998\" data-end=\"5018\">Num\u00e9ro de pi\u00e8ce:<\/strong> (Le num\u00e9ro de pi\u00e8ce doit \u00eatre indiqu\u00e9 sur l\u2019\u00e9tiquette du produit)<br data-start=\"5084\" data-end=\"5087\" \/><strong data-start=\"5087\" data-end=\"5100\">Mat\u00e9riau:<\/strong> Carrosserie en aluminium, caoutchouc de haute qualit\u00e9<br data-start=\"5154\" data-end=\"5157\" \/><strong data-start=\"5157\" data-end=\"5173\">Application:<\/strong> Syst\u00e8me de stabilisation pour chariots \u00e9l\u00e9vateurs et machines lourdes<br data-start=\"5243\" data-end=\"5246\" \/><strong data-start=\"5246\" data-end=\"5259\">Avantage:<\/strong> L\u00e9ger, r\u00e9sistant \u00e0 la corrosion, r\u00e9duction des vibrations, longue dur\u00e9e de vie, entretien facile<\/p>\n<p data-start=\"5360\" data-end=\"6108\">\n","protected":false},"featured_media":17640,"template":"","meta":[],"product_brand":[],"product_cat":[185],"product_tag":[],"class_list":{"0":"post-8423","1":"product","2":"type-product","3":"status-publish","4":"has-post-thumbnail","6":"product_cat-denge-tekeri","8":"first","9":"instock","10":"taxable","11":"shipping-taxable","12":"purchasable","13":"product-type-simple"},"_links":{"self":[{"href":"https:\/\/ceoparts.com\/fr\/wp-json\/wp\/v2\/product\/8423","targetHints":{"allow":["GET"]}}],"collection":[{"href":"https:\/\/ceoparts.com\/fr\/wp-json\/wp\/v2\/product"}],"about":[{"href":"https:\/\/ceoparts.com\/fr\/wp-json\/wp\/v2\/types\/product"}],"wp:featuredmedia":[{"embeddable":true,"href":"https:\/\/ceoparts.com\/fr\/wp-json\/wp\/v2\/media\/17640"}],"wp:attachment":[{"href":"https:\/\/ceoparts.com\/fr\/wp-json\/wp\/v2\/media?parent=8423"}],"wp:term":[{"taxonomy":"product_brand","embeddable":true,"href":"https:\/\/ceoparts.com\/fr\/wp-json\/wp\/v2\/product_brand?post=8423"},{"taxonomy":"product_cat","embeddable":true,"href":"https:\/\/ceoparts.com\/fr\/wp-json\/wp\/v2\/product_cat?post=8423"},{"taxonomy":"product_tag","embeddable":true,"href":"https:\/\/ceoparts.com\/fr\/wp-json\/wp\/v2\/product_tag?post=8423"}],"curies":[{"name":"wp","href":"https:\/\/api.w.org\/{rel}","templated":true}]}}