{"id":8424,"date":"2021-02-15T10:28:27","date_gmt":"2021-02-15T07:28:27","guid":{"rendered":"https:\/\/ceoparts.com\/?post_type=product&#038;p=8424"},"modified":"2026-05-16T15:12:23","modified_gmt":"2026-05-16T12:12:23","slug":"125x50-54-20-denge-tekeri-2","status":"publish","type":"product","link":"https:\/\/ceoparts.com\/fr\/urun\/125x50-54-20-denge-tekeri-2\/","title":{"rendered":"125&#215;50\/50-20 Roues D&#8217;\u00e9quilibre"},"content":{"rendered":"<p>125&#215;50\/50-20 Roues D&#8217;\u00e9quilibre<\/p>","protected":false},"excerpt":{"rendered":"<p data-start=\"194\" data-end=\"734\"><br data-start=\"3916\" data-end=\"3919\" \/>La <strong data-start=\"3922\" data-end=\"3958\">Roue stabilisatrice 125\u00d750\/50-20<\/strong> est con\u00e7ue pour les chariots \u00e9l\u00e9vateurs et les machines lourdes afin d\u2019am\u00e9liorer la stabilit\u00e9 et l\u2019\u00e9quilibre du v\u00e9hicule. Fabriqu\u00e9e en caoutchouc de qualit\u00e9 sup\u00e9rieure et m\u00e9tal durable, cette roue stabilisatrice offre une longue dur\u00e9e de vie dans des conditions de travail difficiles. Elle r\u00e9duit les vibrations, augmentant le confort de l\u2019op\u00e9rateur et am\u00e9liorant l\u2019efficacit\u00e9 de la machine. Les exigences de maintenance sont minimales, permettant aux chariots \u00e9l\u00e9vateurs de se d\u00e9placer plus stablement dans des espaces \u00e9troits et sur des terrains difficiles. C\u2019est un composant crucial qui am\u00e9liore la s\u00e9curit\u00e9 au travail.<\/p>\n<p data-start=\"4584\" data-end=\"4998\"><strong data-start=\"4584\" data-end=\"4604\">Caract\u00e9ristiques<\/strong><br data-start=\"4604\" data-end=\"4607\" \/><strong data-start=\"4607\" data-end=\"4626\">Nom du produit:<\/strong> Roue stabilisatrice<br data-start=\"4646\" data-end=\"4649\" \/><strong data-start=\"4649\" data-end=\"4669\">Num\u00e9ro de pi\u00e8ce:<\/strong> (Doit \u00eatre indiqu\u00e9 sur l\u2019\u00e9tiquette du produit)<br data-start=\"4716\" data-end=\"4719\" \/><strong data-start=\"4719\" data-end=\"4732\">Mat\u00e9riau:<\/strong> Caoutchouc durable, corps m\u00e9tallique renforc\u00e9<br data-start=\"4778\" data-end=\"4781\" \/><strong data-start=\"4781\" data-end=\"4797\">Application:<\/strong> Syst\u00e8me de stabilisation pour chariots \u00e9l\u00e9vateurs et machines lourdes<br data-start=\"4867\" data-end=\"4870\" \/><strong data-start=\"4870\" data-end=\"4883\">Avantage:<\/strong> Haute r\u00e9sistance \u00e0 l\u2019usure, longue dur\u00e9e de vie, r\u00e9duction des vibrations, faible entretien, stabilit\u00e9 am\u00e9lior\u00e9e<\/p>\n<p data-start=\"5000\" data-end=\"5615\">\n","protected":false},"featured_media":17644,"template":"","meta":[],"product_brand":[],"product_cat":[185],"product_tag":[],"class_list":{"0":"post-8424","1":"product","2":"type-product","3":"status-publish","4":"has-post-thumbnail","6":"product_cat-denge-tekeri","8":"first","9":"instock","10":"taxable","11":"shipping-taxable","12":"purchasable","13":"product-type-simple"},"_links":{"self":[{"href":"https:\/\/ceoparts.com\/fr\/wp-json\/wp\/v2\/product\/8424","targetHints":{"allow":["GET"]}}],"collection":[{"href":"https:\/\/ceoparts.com\/fr\/wp-json\/wp\/v2\/product"}],"about":[{"href":"https:\/\/ceoparts.com\/fr\/wp-json\/wp\/v2\/types\/product"}],"wp:featuredmedia":[{"embeddable":true,"href":"https:\/\/ceoparts.com\/fr\/wp-json\/wp\/v2\/media\/17644"}],"wp:attachment":[{"href":"https:\/\/ceoparts.com\/fr\/wp-json\/wp\/v2\/media?parent=8424"}],"wp:term":[{"taxonomy":"product_brand","embeddable":true,"href":"https:\/\/ceoparts.com\/fr\/wp-json\/wp\/v2\/product_brand?post=8424"},{"taxonomy":"product_cat","embeddable":true,"href":"https:\/\/ceoparts.com\/fr\/wp-json\/wp\/v2\/product_cat?post=8424"},{"taxonomy":"product_tag","embeddable":true,"href":"https:\/\/ceoparts.com\/fr\/wp-json\/wp\/v2\/product_tag?post=8424"}],"curies":[{"name":"wp","href":"https:\/\/api.w.org\/{rel}","templated":true}]}}