{"id":8425,"date":"2021-02-15T10:33:50","date_gmt":"2021-02-15T07:33:50","guid":{"rendered":"https:\/\/ceoparts.com\/?post_type=product&#038;p=8425"},"modified":"2026-05-02T15:08:30","modified_gmt":"2026-05-02T12:08:30","slug":"125x50-54-20-denge-tekeri","status":"publish","type":"product","link":"https:\/\/ceoparts.com\/fr\/urun\/125x50-54-20-denge-tekeri\/","title":{"rendered":"125&#215;50\/54-20 Ceoparts Roues D&#8217;\u00e9quilibre &#8211; 156259"},"content":{"rendered":"<p>125&#215;50\/54-20 Ceoparts Roues D&#8217;\u00e9quilibre &#8211; 156259<\/p>\n<p>MO 15<\/p>\n<p>PPO 1500MX<\/p>\n<p>MPH 16<br \/>\nMPL 10<br \/>\nMPL 12<br \/>\nMPL 12 F<br \/>\nMPL 16D<\/p>\n<p>PPH 1600 MX<\/p>\n<p>PPS 1000 MX<br \/>\nPPS 1200 MX<br \/>\nPPS 1200MXF<br \/>\nPPS 1600 MXD<\/p>\n<p>S12 F<br \/>\nS16 D<\/p>\n<p>SWE 080 L<br \/>\nSWE100 STAXIO<br \/>\nSWE 120 IKEA<br \/>\nSWE 120 STAXIO<br \/>\nSWE 120 L<br \/>\nSWE 120 LIKEA<br \/>\nSWE 140 STAXIO<br \/>\nSWE 140 L STAXIO<br \/>\nSWE 160 D IKEA<br \/>\nSWE 160D<br \/>\nSWE 200 D IKEA<br \/>\nSWE 200 D<\/p>\n<p>LWE 140 LEVIO<br \/>\nLWE 160LEVIO<br \/>\nLWE 180<br \/>\nLWE 180 LEVIO<br \/>\nLWE 200<br \/>\nLWE 200 N<br \/>\nLWE 250LEVIO<\/p>\n<p>MP 14 C<br \/>\nMP 14<br \/>\nMP 16<br \/>\nMP 20<br \/>\nMP 20L<\/p>\n<p>PPL 2000 MX<\/p>\n<p>PPT 1400 C<br \/>\nPPT 1400 MX<br \/>\nPPT 1400MXC<br \/>\nPPT 1600 MX<br \/>\nPPT 1800 MMD<br \/>\nPPT 2000 MX<br \/>\nPPT 2000MMD<\/p>\n<p>W18 ORION<br \/>\nW20 ORION<br \/>\nW20 N<\/p>","protected":false},"excerpt":{"rendered":"<p data-start=\"203\" data-end=\"789\"><br data-start=\"4010\" data-end=\"4013\" \/>La <strong data-start=\"4016\" data-end=\"4070\">Roue stabilisatrice 125\u00d750\/54-20 Ceoparts \u2013 156259<\/strong> est con\u00e7ue pour les chariots \u00e9l\u00e9vateurs et les machines lourdes afin d\u2019am\u00e9liorer la stabilit\u00e9 du v\u00e9hicule et garantir un fonctionnement s\u00fbr et \u00e9quilibr\u00e9. Fabriqu\u00e9e en caoutchouc de qualit\u00e9 sup\u00e9rieure et m\u00e9tal durable, cette roue stabilisatrice offre une longue dur\u00e9e de vie m\u00eame sous des charges lourdes. Elle r\u00e9duit les vibrations, augmentant le confort de l\u2019op\u00e9rateur et am\u00e9liorant l\u2019efficacit\u00e9 de la machine. Sa construction robuste r\u00e9siste aux conditions de travail difficiles et minimise les besoins d\u2019entretien. Elle permet aux chariots \u00e9l\u00e9vateurs de se d\u00e9placer plus stablement dans des espaces \u00e9troits et sur des terrains difficiles, am\u00e9liorant la s\u00e9curit\u00e9 au travail.<\/p>\n<p data-start=\"4749\" data-end=\"5123\"><strong data-start=\"4749\" data-end=\"4769\">Caract\u00e9ristiques<\/strong><br data-start=\"4769\" data-end=\"4772\" \/><strong data-start=\"4772\" data-end=\"4791\">Nom du produit:<\/strong> Roue stabilisatrice<br data-start=\"4811\" data-end=\"4814\" \/><strong data-start=\"4814\" data-end=\"4834\">Num\u00e9ro de pi\u00e8ce:<\/strong> 156259<br data-start=\"4841\" data-end=\"4844\" \/><strong data-start=\"4844\" data-end=\"4857\">Mat\u00e9riau:<\/strong> Caoutchouc durable, corps m\u00e9tallique renforc\u00e9<br data-start=\"4903\" data-end=\"4906\" \/><strong data-start=\"4906\" data-end=\"4922\">Application:<\/strong> Syst\u00e8me de stabilisation pour chariots \u00e9l\u00e9vateurs et machines lourdes<br data-start=\"4992\" data-end=\"4995\" \/><strong data-start=\"4995\" data-end=\"5008\">Avantage:<\/strong> Haute r\u00e9sistance \u00e0 l\u2019usure, longue dur\u00e9e de vie, r\u00e9duction des vibrations, faible entretien, stabilit\u00e9 am\u00e9lior\u00e9e<\/p>\n<p data-start=\"5125\" data-end=\"5829\">\n","protected":false},"featured_media":12048,"template":"","meta":[],"product_brand":[],"product_cat":[396,185],"product_tag":[],"class_list":{"0":"post-8425","1":"product","2":"type-product","3":"status-publish","4":"has-post-thumbnail","6":"product_cat-denge-tekeri-ceo","7":"product_cat-denge-tekeri","9":"first","10":"instock","11":"taxable","12":"shipping-taxable","13":"purchasable","14":"product-type-simple"},"_links":{"self":[{"href":"https:\/\/ceoparts.com\/fr\/wp-json\/wp\/v2\/product\/8425","targetHints":{"allow":["GET"]}}],"collection":[{"href":"https:\/\/ceoparts.com\/fr\/wp-json\/wp\/v2\/product"}],"about":[{"href":"https:\/\/ceoparts.com\/fr\/wp-json\/wp\/v2\/types\/product"}],"wp:featuredmedia":[{"embeddable":true,"href":"https:\/\/ceoparts.com\/fr\/wp-json\/wp\/v2\/media\/12048"}],"wp:attachment":[{"href":"https:\/\/ceoparts.com\/fr\/wp-json\/wp\/v2\/media?parent=8425"}],"wp:term":[{"taxonomy":"product_brand","embeddable":true,"href":"https:\/\/ceoparts.com\/fr\/wp-json\/wp\/v2\/product_brand?post=8425"},{"taxonomy":"product_cat","embeddable":true,"href":"https:\/\/ceoparts.com\/fr\/wp-json\/wp\/v2\/product_cat?post=8425"},{"taxonomy":"product_tag","embeddable":true,"href":"https:\/\/ceoparts.com\/fr\/wp-json\/wp\/v2\/product_tag?post=8425"}],"curies":[{"name":"wp","href":"https:\/\/api.w.org\/{rel}","templated":true}]}}