{"id":8428,"date":"2021-02-15T10:40:31","date_gmt":"2021-02-15T07:40:31","guid":{"rendered":"https:\/\/ceoparts.com\/?post_type=product&#038;p=8428"},"modified":"2026-05-16T05:01:46","modified_gmt":"2026-05-16T02:01:46","slug":"125x50-60-20-alu-denge-tekeri","status":"publish","type":"product","link":"https:\/\/ceoparts.com\/fr\/urun\/125x50-60-20-alu-denge-tekeri\/","title":{"rendered":"125&#215;50\/60-20 Tellure Rota Roues D&#8217;\u00e9quilibre 7563324 \/ 50464813 \/ 7611201"},"content":{"rendered":"<p>125&#215;50\/60-20 Tellure Rota Roues D&#8217;\u00e9quilibre 7563324 \/ 50464813 \/ 7611201<\/p>\n<div class=\"font12\">BT LPE200 \/LPE220 \/ LPE250 z 2016r.<\/div>\n<div class=\"font12\">SPE160 L po 2015<\/div>","protected":false},"excerpt":{"rendered":"<div>\n<p data-start=\"122\" data-end=\"558\"><br data-start=\"3458\" data-end=\"3461\" \/>Le <strong data-start=\"3464\" data-end=\"3511\">Rouleau de charge 125\u00d750\/60-20 Tellure Rota<\/strong> est une roue d\u2019\u00e9quilibrage de haute qualit\u00e9 et durable sp\u00e9cialement con\u00e7ue pour les chariots \u00e9l\u00e9vateurs et les machines lourdes. Fabriqu\u00e9 sous la marque fiable Tellure Rota, ce rouleau dispose d\u2019un noyau m\u00e9tallique robuste avec un rev\u00eatement en caoutchouc ou polyur\u00e9thane pour un fonctionnement durable et silencieux. Il am\u00e9liore la stabilit\u00e9 des chariots \u00e9l\u00e9vateurs et des machines, assurant une utilisation s\u00fbre et efficace.<\/p>\n<p data-start=\"3940\" data-end=\"4377\"><strong data-start=\"3940\" data-end=\"3960\">Caract\u00e9ristiques<\/strong><br data-start=\"3960\" data-end=\"3963\" \/><strong data-start=\"3963\" data-end=\"3982\">Nom du produit:<\/strong> Rouleau de charge 125\u00d750\/60-20 Tellure Rota<br data-start=\"4026\" data-end=\"4029\" \/><strong data-start=\"4029\" data-end=\"4049\">Num\u00e9ro de pi\u00e8ce:<\/strong> 7563324 \/ 50464813<br data-start=\"4068\" data-end=\"4071\" \/><strong data-start=\"4071\" data-end=\"4084\">Mat\u00e9riau:<\/strong> Noyau m\u00e9tallique robuste, rev\u00eatement en caoutchouc ou polyur\u00e9thane<br data-start=\"4151\" data-end=\"4154\" \/><strong data-start=\"4154\" data-end=\"4170\">Application:<\/strong> Syst\u00e8mes d\u2019\u00e9quilibrage pour chariots \u00e9l\u00e9vateurs et machines lourdes<br data-start=\"4238\" data-end=\"4241\" \/><strong data-start=\"4241\" data-end=\"4254\">Avantage:<\/strong> Haute durabilit\u00e9, longue dur\u00e9e de vie, fonctionnement silencieux, excellente stabilit\u00e9 et \u00e9quilibre, installation facile<\/p>\n<hr data-start=\"4379\" data-end=\"4382\" \/>\n<p data-start=\"4384\" data-end=\"4849\">\n<\/div>\n","protected":false},"featured_media":11476,"template":"","meta":[],"product_brand":[],"product_cat":[251,252,412,413,185],"product_tag":[],"class_list":{"0":"post-8428","1":"product","2":"type-product","3":"status-publish","4":"has-post-thumbnail","6":"product_cat-bt","7":"product_cat-denge-tekeri-bt","8":"product_cat-tellure-rota","9":"product_cat-tellure-rota-denge-tekeri","10":"product_cat-denge-tekeri","12":"first","13":"instock","14":"taxable","15":"shipping-taxable","16":"purchasable","17":"product-type-simple"},"_links":{"self":[{"href":"https:\/\/ceoparts.com\/fr\/wp-json\/wp\/v2\/product\/8428","targetHints":{"allow":["GET"]}}],"collection":[{"href":"https:\/\/ceoparts.com\/fr\/wp-json\/wp\/v2\/product"}],"about":[{"href":"https:\/\/ceoparts.com\/fr\/wp-json\/wp\/v2\/types\/product"}],"wp:featuredmedia":[{"embeddable":true,"href":"https:\/\/ceoparts.com\/fr\/wp-json\/wp\/v2\/media\/11476"}],"wp:attachment":[{"href":"https:\/\/ceoparts.com\/fr\/wp-json\/wp\/v2\/media?parent=8428"}],"wp:term":[{"taxonomy":"product_brand","embeddable":true,"href":"https:\/\/ceoparts.com\/fr\/wp-json\/wp\/v2\/product_brand?post=8428"},{"taxonomy":"product_cat","embeddable":true,"href":"https:\/\/ceoparts.com\/fr\/wp-json\/wp\/v2\/product_cat?post=8428"},{"taxonomy":"product_tag","embeddable":true,"href":"https:\/\/ceoparts.com\/fr\/wp-json\/wp\/v2\/product_tag?post=8428"}],"curies":[{"name":"wp","href":"https:\/\/api.w.org\/{rel}","templated":true}]}}