{"id":8438,"date":"2021-02-15T11:01:34","date_gmt":"2021-02-15T08:01:34","guid":{"rendered":"https:\/\/ceoparts.com\/?post_type=product&#038;p=8438"},"modified":"2026-05-16T10:42:06","modified_gmt":"2026-05-16T07:42:06","slug":"140x50-62-20-denge-tekeri-2","status":"publish","type":"product","link":"https:\/\/ceoparts.com\/fr\/urun\/140x50-62-20-denge-tekeri-2\/","title":{"rendered":"140&#215;50\/62-20 Roues D&#8217;\u00e9quilibre"},"content":{"rendered":"<p>140&#215;50\/62-20 Roues D&#8217;\u00e9quilibre<\/p>","protected":false},"excerpt":{"rendered":"<p data-start=\"88\" data-end=\"455\"><br data-start=\"2919\" data-end=\"2922\" \/>Le <strong data-start=\"2925\" data-end=\"2959\">Rouleau de charge 140\u00d750\/62-20<\/strong> est une roue d\u2019\u00e9quilibrage de haute qualit\u00e9 et durable con\u00e7ue pour les chariots \u00e9l\u00e9vateurs et les machines lourdes. Dot\u00e9e d\u2019un noyau m\u00e9tallique robuste avec un rev\u00eatement en caoutchouc ou polyur\u00e9thane, elle offre une longue dur\u00e9e de vie, un fonctionnement silencieux et fiable. Elle am\u00e9liore la stabilit\u00e9 des machines, favorisant une utilisation s\u00fbre et efficace.<\/p>\n<p data-start=\"3325\" data-end=\"3707\"><strong data-start=\"3325\" data-end=\"3345\">Caract\u00e9ristiques<\/strong><br data-start=\"3345\" data-end=\"3348\" \/><strong data-start=\"3348\" data-end=\"3367\">Nom du produit:<\/strong> Rouleau de charge 140\u00d750\/62-20<br data-start=\"3398\" data-end=\"3401\" \/><strong data-start=\"3401\" data-end=\"3414\">Mat\u00e9riau:<\/strong> Noyau m\u00e9tallique robuste, rev\u00eatement en caoutchouc ou polyur\u00e9thane<br data-start=\"3481\" data-end=\"3484\" \/><strong data-start=\"3484\" data-end=\"3500\">Application:<\/strong> Syst\u00e8mes d\u2019\u00e9quilibrage pour chariots \u00e9l\u00e9vateurs et machines lourdes<br data-start=\"3568\" data-end=\"3571\" \/><strong data-start=\"3571\" data-end=\"3584\">Avantage:<\/strong> Haute durabilit\u00e9, longue dur\u00e9e de vie, fonctionnement silencieux, excellente stabilit\u00e9 et \u00e9quilibre, installation facile<\/p>\n<hr data-start=\"3709\" data-end=\"3712\" \/>\n<p data-start=\"3714\" data-end=\"4092\">\n","protected":false},"featured_media":17647,"template":"","meta":[],"product_brand":[],"product_cat":[185],"product_tag":[],"class_list":{"0":"post-8438","1":"product","2":"type-product","3":"status-publish","4":"has-post-thumbnail","6":"product_cat-denge-tekeri","8":"first","9":"instock","10":"taxable","11":"shipping-taxable","12":"purchasable","13":"product-type-simple"},"_links":{"self":[{"href":"https:\/\/ceoparts.com\/fr\/wp-json\/wp\/v2\/product\/8438","targetHints":{"allow":["GET"]}}],"collection":[{"href":"https:\/\/ceoparts.com\/fr\/wp-json\/wp\/v2\/product"}],"about":[{"href":"https:\/\/ceoparts.com\/fr\/wp-json\/wp\/v2\/types\/product"}],"wp:featuredmedia":[{"embeddable":true,"href":"https:\/\/ceoparts.com\/fr\/wp-json\/wp\/v2\/media\/17647"}],"wp:attachment":[{"href":"https:\/\/ceoparts.com\/fr\/wp-json\/wp\/v2\/media?parent=8438"}],"wp:term":[{"taxonomy":"product_brand","embeddable":true,"href":"https:\/\/ceoparts.com\/fr\/wp-json\/wp\/v2\/product_brand?post=8438"},{"taxonomy":"product_cat","embeddable":true,"href":"https:\/\/ceoparts.com\/fr\/wp-json\/wp\/v2\/product_cat?post=8438"},{"taxonomy":"product_tag","embeddable":true,"href":"https:\/\/ceoparts.com\/fr\/wp-json\/wp\/v2\/product_tag?post=8438"}],"curies":[{"name":"wp","href":"https:\/\/api.w.org\/{rel}","templated":true}]}}