{"id":8446,"date":"2021-02-15T12:11:01","date_gmt":"2021-02-15T09:11:01","guid":{"rendered":"https:\/\/ceoparts.com\/?post_type=product&#038;p=8446"},"modified":"2026-05-03T03:36:05","modified_gmt":"2026-05-03T00:36:05","slug":"150x40-52-45-denge-tekeri","status":"publish","type":"product","link":"https:\/\/ceoparts.com\/fr\/urun\/150x40-52-45-denge-tekeri\/","title":{"rendered":"150&#215;40\/52-45 Roues D&#8217;\u00e9quilibre"},"content":{"rendered":"<p>150&#215;40\/52-45 Roues D&#8217;\u00e9quilibre<\/p>","protected":false},"excerpt":{"rendered":"<p data-start=\"88\" data-end=\"486\"><br data-start=\"3142\" data-end=\"3145\" \/>Le <strong data-start=\"3148\" data-end=\"3182\">Rouleau de charge 150\u00d740\/52-45<\/strong> est une roue d\u2019\u00e9quilibrage durable et performante con\u00e7ue pour les chariots \u00e9l\u00e9vateurs et les machines lourdes. Dot\u00e9e d\u2019un noyau m\u00e9tallique robuste et d\u2019un rev\u00eatement en caoutchouc ou polyur\u00e9thane, elle offre une longue dur\u00e9e de vie, un fonctionnement silencieux et fiable. Elle garantit un excellent \u00e9quilibre et une grande stabilit\u00e9 dans les environnements industriels, contribuant \u00e0 une utilisation s\u00fbre et efficace des machines.<\/p>\n<p data-start=\"3616\" data-end=\"3998\"><strong data-start=\"3616\" data-end=\"3636\">Caract\u00e9ristiques<\/strong><br data-start=\"3636\" data-end=\"3639\" \/><strong data-start=\"3639\" data-end=\"3658\">Nom du produit:<\/strong> Rouleau de charge 150\u00d740\/52-45<br data-start=\"3689\" data-end=\"3692\" \/><strong data-start=\"3692\" data-end=\"3705\">Mat\u00e9riau:<\/strong> Noyau m\u00e9tallique robuste, rev\u00eatement en caoutchouc ou polyur\u00e9thane<br data-start=\"3772\" data-end=\"3775\" \/><strong data-start=\"3775\" data-end=\"3791\">Application:<\/strong> Syst\u00e8mes d\u2019\u00e9quilibrage pour chariots \u00e9l\u00e9vateurs et machines lourdes<br data-start=\"3859\" data-end=\"3862\" \/><strong data-start=\"3862\" data-end=\"3875\">Avantage:<\/strong> Haute durabilit\u00e9, longue dur\u00e9e de vie, fonctionnement silencieux, excellente stabilit\u00e9 et \u00e9quilibre, installation facile<\/p>\n<hr data-start=\"4000\" data-end=\"4003\" \/>\n<p data-start=\"4005\" data-end=\"4444\">\n","protected":false},"featured_media":17651,"template":"","meta":[],"product_brand":[],"product_cat":[185],"product_tag":[],"class_list":{"0":"post-8446","1":"product","2":"type-product","3":"status-publish","4":"has-post-thumbnail","6":"product_cat-denge-tekeri","8":"first","9":"instock","10":"taxable","11":"shipping-taxable","12":"purchasable","13":"product-type-simple"},"_links":{"self":[{"href":"https:\/\/ceoparts.com\/fr\/wp-json\/wp\/v2\/product\/8446","targetHints":{"allow":["GET"]}}],"collection":[{"href":"https:\/\/ceoparts.com\/fr\/wp-json\/wp\/v2\/product"}],"about":[{"href":"https:\/\/ceoparts.com\/fr\/wp-json\/wp\/v2\/types\/product"}],"wp:featuredmedia":[{"embeddable":true,"href":"https:\/\/ceoparts.com\/fr\/wp-json\/wp\/v2\/media\/17651"}],"wp:attachment":[{"href":"https:\/\/ceoparts.com\/fr\/wp-json\/wp\/v2\/media?parent=8446"}],"wp:term":[{"taxonomy":"product_brand","embeddable":true,"href":"https:\/\/ceoparts.com\/fr\/wp-json\/wp\/v2\/product_brand?post=8446"},{"taxonomy":"product_cat","embeddable":true,"href":"https:\/\/ceoparts.com\/fr\/wp-json\/wp\/v2\/product_cat?post=8446"},{"taxonomy":"product_tag","embeddable":true,"href":"https:\/\/ceoparts.com\/fr\/wp-json\/wp\/v2\/product_tag?post=8446"}],"curies":[{"name":"wp","href":"https:\/\/api.w.org\/{rel}","templated":true}]}}