{"id":8450,"date":"2021-02-15T12:16:02","date_gmt":"2021-02-15T09:16:02","guid":{"rendered":"https:\/\/ceoparts.com\/?post_type=product&#038;p=8450"},"modified":"2026-05-16T15:11:12","modified_gmt":"2026-05-16T12:11:12","slug":"150x50-65-12-denge-tekeri","status":"publish","type":"product","link":"https:\/\/ceoparts.com\/fr\/urun\/150x50-65-12-denge-tekeri\/","title":{"rendered":"150&#215;50\/65-12 Ceoparts Roues D&#8217;\u00e9quilibre &#8211; 0039903515"},"content":{"rendered":"<p>150&#215;50\/65-12 Ceoparts Roues D&#8217;\u00e9quilibre &#8211; 0039903515<\/p>\n<p>0039903515, 0039903514, 0039903577<\/p>\n<p>372 L14\/16<br \/>\n372 L14\/16\/L14AP\/16AP<br \/>\n379 L10\/12-L10\/12AS<\/p>","protected":false},"excerpt":{"rendered":"<p data-start=\"112\" data-end=\"533\"><br data-start=\"3337\" data-end=\"3340\" \/>Le <strong data-start=\"3343\" data-end=\"3386\">Rouleau de charge 150\u00d750\/65-12 Ceoparts<\/strong> est une roue d\u2019\u00e9quilibrage durable et de haute qualit\u00e9 con\u00e7ue pour les chariots \u00e9l\u00e9vateurs et les machines lourdes. Dot\u00e9e d\u2019un noyau m\u00e9tallique robuste et d\u2019un rev\u00eatement en caoutchouc ou polyur\u00e9thane r\u00e9sistant \u00e0 l\u2019usure de Ceoparts, elle assure une longue dur\u00e9e de vie et un fonctionnement silencieux. Elle garantit un excellent \u00e9quilibre et une grande stabilit\u00e9 dans les environnements industriels, contribuant \u00e0 la performance efficace des machines.<\/p>\n<p data-start=\"3841\" data-end=\"4266\"><strong data-start=\"3841\" data-end=\"3861\">Caract\u00e9ristiques<\/strong><br data-start=\"3861\" data-end=\"3864\" \/><strong data-start=\"3864\" data-end=\"3883\">Nom du produit:<\/strong> Rouleau de charge 150\u00d750\/65-12 Ceoparts<br data-start=\"3923\" data-end=\"3926\" \/><strong data-start=\"3926\" data-end=\"3946\">Num\u00e9ro de pi\u00e8ce:<\/strong> 0039903515<br data-start=\"3957\" data-end=\"3960\" \/><strong data-start=\"3960\" data-end=\"3973\">Mat\u00e9riau:<\/strong> Noyau m\u00e9tallique robuste, rev\u00eatement en caoutchouc ou polyur\u00e9thane<br data-start=\"4040\" data-end=\"4043\" \/><strong data-start=\"4043\" data-end=\"4059\">Application:<\/strong> Syst\u00e8mes d\u2019\u00e9quilibrage pour chariots \u00e9l\u00e9vateurs et machines lourdes<br data-start=\"4127\" data-end=\"4130\" \/><strong data-start=\"4130\" data-end=\"4143\">Avantage:<\/strong> Haute durabilit\u00e9, longue dur\u00e9e de vie, fonctionnement silencieux, excellente stabilit\u00e9 et \u00e9quilibre, installation facile<\/p>\n<hr data-start=\"4268\" data-end=\"4271\" \/>\n<p data-start=\"4273\" data-end=\"4716\">\n","protected":false},"featured_media":16449,"template":"","meta":[],"product_brand":[],"product_cat":[396,185],"product_tag":[],"class_list":{"0":"post-8450","1":"product","2":"type-product","3":"status-publish","4":"has-post-thumbnail","6":"product_cat-denge-tekeri-ceo","7":"product_cat-denge-tekeri","9":"first","10":"instock","11":"taxable","12":"shipping-taxable","13":"purchasable","14":"product-type-simple"},"_links":{"self":[{"href":"https:\/\/ceoparts.com\/fr\/wp-json\/wp\/v2\/product\/8450","targetHints":{"allow":["GET"]}}],"collection":[{"href":"https:\/\/ceoparts.com\/fr\/wp-json\/wp\/v2\/product"}],"about":[{"href":"https:\/\/ceoparts.com\/fr\/wp-json\/wp\/v2\/types\/product"}],"wp:featuredmedia":[{"embeddable":true,"href":"https:\/\/ceoparts.com\/fr\/wp-json\/wp\/v2\/media\/16449"}],"wp:attachment":[{"href":"https:\/\/ceoparts.com\/fr\/wp-json\/wp\/v2\/media?parent=8450"}],"wp:term":[{"taxonomy":"product_brand","embeddable":true,"href":"https:\/\/ceoparts.com\/fr\/wp-json\/wp\/v2\/product_brand?post=8450"},{"taxonomy":"product_cat","embeddable":true,"href":"https:\/\/ceoparts.com\/fr\/wp-json\/wp\/v2\/product_cat?post=8450"},{"taxonomy":"product_tag","embeddable":true,"href":"https:\/\/ceoparts.com\/fr\/wp-json\/wp\/v2\/product_tag?post=8450"}],"curies":[{"name":"wp","href":"https:\/\/api.w.org\/{rel}","templated":true}]}}