{"id":8451,"date":"2021-02-15T12:17:45","date_gmt":"2021-02-15T09:17:45","guid":{"rendered":"https:\/\/ceoparts.com\/?post_type=product&#038;p=8451"},"modified":"2026-05-16T16:18:31","modified_gmt":"2026-05-16T13:18:31","slug":"150x50-60-25-denge-tekeri","status":"publish","type":"product","link":"https:\/\/ceoparts.com\/fr\/urun\/150x50-60-25-denge-tekeri\/","title":{"rendered":"150&#215;50\/60-25 Roues D&#8217;\u00e9quilibre"},"content":{"rendered":"<p>150&#215;50\/60-25 Roues D&#8217;\u00e9quilibre<\/p>","protected":false},"excerpt":{"rendered":"<p data-start=\"88\" data-end=\"488\"><br data-start=\"3079\" data-end=\"3082\" \/>Le <strong data-start=\"3085\" data-end=\"3119\">Rouleau de charge 150\u00d750\/60-25<\/strong> est une roue d\u2019\u00e9quilibrage durable utilis\u00e9e dans les chariots \u00e9l\u00e9vateurs et les machines lourdes. Dot\u00e9e d\u2019un noyau m\u00e9tallique robuste et d\u2019un rev\u00eatement en caoutchouc ou polyur\u00e9thane, elle offre une longue dur\u00e9e de vie, un fonctionnement silencieux et une performance fiable. Elle garantit un excellent \u00e9quilibre et une grande stabilit\u00e9 dans les environnements industriels. Tr\u00e8s utilis\u00e9e en logistique, entreposage et production.<\/p>\n<p data-start=\"3551\" data-end=\"3937\"><strong data-start=\"3551\" data-end=\"3571\">Caract\u00e9ristiques<\/strong><br data-start=\"3571\" data-end=\"3574\" \/><strong data-start=\"3574\" data-end=\"3593\">Nom du produit:<\/strong> Rouleau de charge 150\u00d750\/60-25<br data-start=\"3624\" data-end=\"3627\" \/><strong data-start=\"3627\" data-end=\"3640\">Mat\u00e9riau:<\/strong> Noyau m\u00e9tallique robuste avec rev\u00eatement en caoutchouc ou polyur\u00e9thane<br data-start=\"3711\" data-end=\"3714\" \/><strong data-start=\"3714\" data-end=\"3730\">Application:<\/strong> Syst\u00e8mes d\u2019\u00e9quilibrage pour chariots \u00e9l\u00e9vateurs et machines lourdes<br data-start=\"3798\" data-end=\"3801\" \/><strong data-start=\"3801\" data-end=\"3814\">Avantage:<\/strong> Haute durabilit\u00e9, longue dur\u00e9e de vie, fonctionnement silencieux, excellente stabilit\u00e9 et \u00e9quilibre, installation facile<\/p>\n<hr data-start=\"3939\" data-end=\"3942\" \/>\n<p data-start=\"3944\" data-end=\"4375\">\n","protected":false},"featured_media":17655,"template":"","meta":[],"product_brand":[],"product_cat":[185],"product_tag":[],"class_list":{"0":"post-8451","1":"product","2":"type-product","3":"status-publish","4":"has-post-thumbnail","6":"product_cat-denge-tekeri","8":"first","9":"instock","10":"taxable","11":"shipping-taxable","12":"purchasable","13":"product-type-simple"},"_links":{"self":[{"href":"https:\/\/ceoparts.com\/fr\/wp-json\/wp\/v2\/product\/8451","targetHints":{"allow":["GET"]}}],"collection":[{"href":"https:\/\/ceoparts.com\/fr\/wp-json\/wp\/v2\/product"}],"about":[{"href":"https:\/\/ceoparts.com\/fr\/wp-json\/wp\/v2\/types\/product"}],"wp:featuredmedia":[{"embeddable":true,"href":"https:\/\/ceoparts.com\/fr\/wp-json\/wp\/v2\/media\/17655"}],"wp:attachment":[{"href":"https:\/\/ceoparts.com\/fr\/wp-json\/wp\/v2\/media?parent=8451"}],"wp:term":[{"taxonomy":"product_brand","embeddable":true,"href":"https:\/\/ceoparts.com\/fr\/wp-json\/wp\/v2\/product_brand?post=8451"},{"taxonomy":"product_cat","embeddable":true,"href":"https:\/\/ceoparts.com\/fr\/wp-json\/wp\/v2\/product_cat?post=8451"},{"taxonomy":"product_tag","embeddable":true,"href":"https:\/\/ceoparts.com\/fr\/wp-json\/wp\/v2\/product_tag?post=8451"}],"curies":[{"name":"wp","href":"https:\/\/api.w.org\/{rel}","templated":true}]}}