{"id":8452,"date":"2021-02-15T12:18:48","date_gmt":"2021-02-15T09:18:48","guid":{"rendered":"https:\/\/ceoparts.com\/?post_type=product&#038;p=8452"},"modified":"2026-05-16T18:34:27","modified_gmt":"2026-05-16T15:34:27","slug":"150x54-60-20-denge-tekeri","status":"publish","type":"product","link":"https:\/\/ceoparts.com\/fr\/urun\/150x54-60-20-denge-tekeri\/","title":{"rendered":"150&#215;54\/60-20 Blickle \u041a\u043e\u043b\u0435\u0441\u043e &#8211; 1694817"},"content":{"rendered":"<p>150&#215;54\/60-20 Blickle \u041a\u043e\u043b\u0435\u0441\u043e &#8211; 1694817<\/p>\n<p><\/p>","protected":false},"excerpt":{"rendered":"<p data-start=\"106\" data-end=\"524\"><br data-start=\"3301\" data-end=\"3304\" \/>Le <strong data-start=\"3307\" data-end=\"3349\">Rouleau de charge 150\u00d754\/60-20 Blickle<\/strong> est une roue d\u2019\u00e9quilibrage de haute qualit\u00e9 utilis\u00e9e dans les chariots \u00e9l\u00e9vateurs et machines lourdes. Dot\u00e9e d\u2019un rev\u00eatement durable en caoutchouc ou polyur\u00e9thane de Blickle, elle assure une longue dur\u00e9e de vie et un fonctionnement silencieux. Son noyau m\u00e9tallique robuste garantit un excellent \u00e9quilibre et une grande stabilit\u00e9 dans les environnements industriels. Tr\u00e8s utilis\u00e9e en logistique, entreposage et production.<\/p>\n<p data-start=\"3773\" data-end=\"4193\"><strong data-start=\"3773\" data-end=\"3793\">Caract\u00e9ristiques<\/strong><br data-start=\"3793\" data-end=\"3796\" \/><strong data-start=\"3796\" data-end=\"3815\">Nom du produit:<\/strong> Rouleau de charge 150\u00d754\/60-20 Blickle<br data-start=\"3854\" data-end=\"3857\" \/><strong data-start=\"3857\" data-end=\"3877\">Num\u00e9ro de pi\u00e8ce:<\/strong> 1694817<br data-start=\"3885\" data-end=\"3888\" \/><strong data-start=\"3888\" data-end=\"3901\">Mat\u00e9riau:<\/strong> Rev\u00eatement en caoutchouc ou polyur\u00e9thane, noyau m\u00e9tallique robuste<br data-start=\"3968\" data-end=\"3971\" \/><strong data-start=\"3971\" data-end=\"3987\">Application:<\/strong> Syst\u00e8mes d\u2019\u00e9quilibrage pour chariots \u00e9l\u00e9vateurs et machines lourdes<br data-start=\"4055\" data-end=\"4058\" \/><strong data-start=\"4058\" data-end=\"4071\">Avantage:<\/strong> Longue dur\u00e9e de vie, fonctionnement silencieux, haute durabilit\u00e9, excellent \u00e9quilibre et stabilit\u00e9, installation facile<\/p>\n<hr data-start=\"4195\" data-end=\"4198\" \/>\n<p data-start=\"4200\" data-end=\"4629\">\n","protected":false},"featured_media":16050,"template":"","meta":[],"product_brand":[],"product_cat":[256,258,499,501,185],"product_tag":[],"class_list":{"0":"post-8452","1":"product","2":"type-product","3":"status-publish","4":"has-post-thumbnail","6":"product_cat-hyster","7":"product_cat-denge-tekeri-hyster","8":"product_cat-blickle","9":"product_cat-denge-tekeri-blickle","10":"product_cat-denge-tekeri","12":"first","13":"instock","14":"taxable","15":"shipping-taxable","16":"purchasable","17":"product-type-simple"},"_links":{"self":[{"href":"https:\/\/ceoparts.com\/fr\/wp-json\/wp\/v2\/product\/8452","targetHints":{"allow":["GET"]}}],"collection":[{"href":"https:\/\/ceoparts.com\/fr\/wp-json\/wp\/v2\/product"}],"about":[{"href":"https:\/\/ceoparts.com\/fr\/wp-json\/wp\/v2\/types\/product"}],"wp:featuredmedia":[{"embeddable":true,"href":"https:\/\/ceoparts.com\/fr\/wp-json\/wp\/v2\/media\/16050"}],"wp:attachment":[{"href":"https:\/\/ceoparts.com\/fr\/wp-json\/wp\/v2\/media?parent=8452"}],"wp:term":[{"taxonomy":"product_brand","embeddable":true,"href":"https:\/\/ceoparts.com\/fr\/wp-json\/wp\/v2\/product_brand?post=8452"},{"taxonomy":"product_cat","embeddable":true,"href":"https:\/\/ceoparts.com\/fr\/wp-json\/wp\/v2\/product_cat?post=8452"},{"taxonomy":"product_tag","embeddable":true,"href":"https:\/\/ceoparts.com\/fr\/wp-json\/wp\/v2\/product_tag?post=8452"}],"curies":[{"name":"wp","href":"https:\/\/api.w.org\/{rel}","templated":true}]}}