{"id":8454,"date":"2021-02-15T12:21:07","date_gmt":"2021-02-15T09:21:07","guid":{"rendered":"https:\/\/ceoparts.com\/?post_type=product&#038;p=8454"},"modified":"2026-05-16T15:08:38","modified_gmt":"2026-05-16T12:08:38","slug":"150x76-81-25-denge-tekeri","status":"publish","type":"product","link":"https:\/\/ceoparts.com\/fr\/urun\/150x76-81-25-denge-tekeri\/","title":{"rendered":"150&#215;76\/81-25 MSL Ose Roues D\u2019\u00e9quilibre &#8211; 7509579, 210545, 7542704"},"content":{"rendered":"<p>150&#215;76\/81-25 MSL Ose Roues D\u2019\u00e9quilibre &#8211; 7509579, 210545, 7542704<\/p>\n<p>OL 20<br \/>\nOL 25<\/p>\n<p>OS 1.0<br \/>\nOS 1.8 X OPUS<br \/>\nOS 2.0<br \/>\nOS 2.0 TRINKS<br \/>\nOS 3.0 OPUS<\/p>\n<p>OSE 120<br \/>\nOSE 120 IKEA<br \/>\nOSE 120 P<br \/>\nOSE 180 X<br \/>\nOSE 180 XP<br \/>\nOSE 250<br \/>\nOSE 250 P<\/p>","protected":false},"excerpt":{"rendered":"<p data-start=\"123\" data-end=\"601\"><br data-start=\"3712\" data-end=\"3715\" \/>Le <strong data-start=\"3718\" data-end=\"3760\">Rouleau de charge 150\u00d776\/81-25 MSL Ose<\/strong> est une roue d\u2019\u00e9quilibrage haute r\u00e9sistance utilis\u00e9e dans les chariots \u00e9l\u00e9vateurs et les machines lourdes. Fabriqu\u00e9e selon les normes de qualit\u00e9 MSL Ose, cette roue est dot\u00e9e d\u2019un noyau m\u00e9tallique robuste avec un rev\u00eatement en caoutchouc ou polyur\u00e9thane r\u00e9sistant \u00e0 l\u2019usure, assurant une longue dur\u00e9e de vie et un fonctionnement silencieux. Elle offre un excellent \u00e9quilibre et une grande stabilit\u00e9 dans les environnements industriels. Utilis\u00e9e couramment en logistique, entreposage et production.<\/p>\n<p data-start=\"4260\" data-end=\"4717\"><strong data-start=\"4260\" data-end=\"4280\">Caract\u00e9ristiques<\/strong><br data-start=\"4280\" data-end=\"4283\" \/><strong data-start=\"4283\" data-end=\"4302\">Nom du produit:<\/strong> Rouleau de charge 150\u00d776\/81-25 MSL Ose<br data-start=\"4341\" data-end=\"4344\" \/><strong data-start=\"4344\" data-end=\"4365\">Num\u00e9ros de pi\u00e8ce:<\/strong> 7509579, 210545, 7542704<br data-start=\"4390\" data-end=\"4393\" \/><strong data-start=\"4393\" data-end=\"4406\">Mat\u00e9riau:<\/strong> Rev\u00eatement en caoutchouc\/polyur\u00e9thane r\u00e9sistant \u00e0 l\u2019usure et noyau m\u00e9tallique robuste<br data-start=\"4492\" data-end=\"4495\" \/><strong data-start=\"4495\" data-end=\"4511\">Application:<\/strong> Syst\u00e8mes d\u2019\u00e9quilibrage pour chariots \u00e9l\u00e9vateurs et machines lourdes<br data-start=\"4579\" data-end=\"4582\" \/><strong data-start=\"4582\" data-end=\"4595\">Avantage:<\/strong> Haute durabilit\u00e9, longue dur\u00e9e de vie, fonctionnement silencieux, excellent \u00e9quilibre et stabilit\u00e9, installation facile<\/p>\n<hr data-start=\"4719\" data-end=\"4722\" \/>\n<p data-start=\"4724\" data-end=\"5217\">\n","protected":false},"featured_media":15101,"template":"","meta":[],"product_brand":[],"product_cat":[395,396,185],"product_tag":[],"class_list":{"0":"post-8454","1":"product","2":"type-product","3":"status-publish","4":"has-post-thumbnail","6":"product_cat-ceoparts","7":"product_cat-denge-tekeri-ceo","8":"product_cat-denge-tekeri","10":"first","11":"instock","12":"taxable","13":"shipping-taxable","14":"purchasable","15":"product-type-simple"},"_links":{"self":[{"href":"https:\/\/ceoparts.com\/fr\/wp-json\/wp\/v2\/product\/8454","targetHints":{"allow":["GET"]}}],"collection":[{"href":"https:\/\/ceoparts.com\/fr\/wp-json\/wp\/v2\/product"}],"about":[{"href":"https:\/\/ceoparts.com\/fr\/wp-json\/wp\/v2\/types\/product"}],"wp:featuredmedia":[{"embeddable":true,"href":"https:\/\/ceoparts.com\/fr\/wp-json\/wp\/v2\/media\/15101"}],"wp:attachment":[{"href":"https:\/\/ceoparts.com\/fr\/wp-json\/wp\/v2\/media?parent=8454"}],"wp:term":[{"taxonomy":"product_brand","embeddable":true,"href":"https:\/\/ceoparts.com\/fr\/wp-json\/wp\/v2\/product_brand?post=8454"},{"taxonomy":"product_cat","embeddable":true,"href":"https:\/\/ceoparts.com\/fr\/wp-json\/wp\/v2\/product_cat?post=8454"},{"taxonomy":"product_tag","embeddable":true,"href":"https:\/\/ceoparts.com\/fr\/wp-json\/wp\/v2\/product_tag?post=8454"}],"curies":[{"name":"wp","href":"https:\/\/api.w.org\/{rel}","templated":true}]}}