{"id":8460,"date":"2021-02-15T13:15:27","date_gmt":"2021-02-15T10:15:27","guid":{"rendered":"https:\/\/ceoparts.com\/?post_type=product&#038;p=8460"},"modified":"2026-05-16T16:39:59","modified_gmt":"2026-05-16T13:39:59","slug":"230x85-o80x25mm-yuk-tekeri","status":"publish","type":"product","link":"https:\/\/ceoparts.com\/fr\/urun\/230x85-o80x25mm-yuk-tekeri\/","title":{"rendered":"230&#215;85-40 Stellana Vulkollan Roulettes charge &#8211; 50440384, 51758809"},"content":{"rendered":"<p>230&#215;85-40 Stellana Vulkollan Roulettes charge &#8211; 50440384, 51758809<\/p>\n<p>Jungheinrich<\/p>\n<p>ETV 110\/112\u00a011.05 &#8211; 6.14<br \/>\nETV 110\/112 (US)\u00a01.11 &#8211; 6.14<br \/>\nETM\/V 214-325 Cab\u00a09.11 &#8211;<br \/>\nETV 110\/112 (CN)\u00a012.11 &#8211; 6.14<br \/>\nETV 110\/112\u00a05.14 &#8211;<br \/>\nETV 110\/112 (US)\u00a05.14 &#8211;<br \/>\nETV 110\/112 (CN)\u00a05.14 &#8211;<br \/>\nReach trucks\u00a07.13 &#8211;<br \/>\nET 210-212 2021\u00a02.22 &#8211;<br \/>\nET 210-212 2021 (US)\u00a02.22 &#8211;<br \/>\nET 210-212 2021 (CN)\u00a02.22 &#8211;<\/p>","protected":false},"excerpt":{"rendered":"<p data-start=\"123\" data-end=\"621\"><br data-start=\"3646\" data-end=\"3649\" \/>La <strong data-start=\"3652\" data-end=\"3699\">Roue de charge 230\u00d785-40 Stellana Vulkollan<\/strong> est une roue robuste et performante sp\u00e9cialement con\u00e7ue pour les chariots \u00e9l\u00e9vateurs et \u00e9quipements lourds. Gr\u00e2ce \u00e0 son rev\u00eatement en Vulkollan, elle offre une excellente r\u00e9sistance \u00e0 l\u2019usure et une absorption sup\u00e9rieure des chocs. Cela garantit une longue dur\u00e9e de vie et un fonctionnement silencieux. Sa construction robuste am\u00e9liore la stabilit\u00e9 du chariot et offre des performances remarquables dans les environnements industriels exigeants. Id\u00e9ale pour la logistique, la production et l\u2019industrie lourde.<\/p>\n<p data-start=\"4211\" data-end=\"4609\"><strong data-start=\"4211\" data-end=\"4231\">Caract\u00e9ristiques<\/strong><br data-start=\"4231\" data-end=\"4234\" \/><strong data-start=\"4234\" data-end=\"4253\">Nom du produit:<\/strong> Roue de charge 230\u00d785-40 Stellana Vulkollan<br data-start=\"4297\" data-end=\"4300\" \/><strong data-start=\"4300\" data-end=\"4320\">Num\u00e9ro de pi\u00e8ce:<\/strong> 50440384, 51758809<br data-start=\"4339\" data-end=\"4342\" \/><strong data-start=\"4342\" data-end=\"4355\">Mat\u00e9riau:<\/strong> Rev\u00eatement Vulkollan et noyau m\u00e9tallique robuste<br data-start=\"4404\" data-end=\"4407\" \/><strong data-start=\"4407\" data-end=\"4423\">Application:<\/strong> Chariots \u00e9l\u00e9vateurs et syst\u00e8mes de charge lourde<br data-start=\"4472\" data-end=\"4475\" \/><strong data-start=\"4475\" data-end=\"4488\">Avantage:<\/strong> Haute r\u00e9sistance \u00e0 l\u2019usure, absorption sup\u00e9rieure des chocs, fonctionnement silencieux et durable, installation facile<\/p>\n<hr data-start=\"4611\" data-end=\"4614\" \/>\n<p data-start=\"4616\" data-end=\"5147\">\n","protected":false},"featured_media":11007,"template":"","meta":[],"product_brand":[],"product_cat":[416,419,236,240,194],"product_tag":[],"class_list":{"0":"post-8460","1":"product","2":"type-product","3":"status-publish","4":"has-post-thumbnail","6":"product_cat-stellana","7":"product_cat-yuk-tekeri-stellana","8":"product_cat-jungheinrich","9":"product_cat-yuk-tekeri-jungheinrich","10":"product_cat-yuk-tekeri","12":"first","13":"instock","14":"taxable","15":"shipping-taxable","16":"purchasable","17":"product-type-simple"},"_links":{"self":[{"href":"https:\/\/ceoparts.com\/fr\/wp-json\/wp\/v2\/product\/8460","targetHints":{"allow":["GET"]}}],"collection":[{"href":"https:\/\/ceoparts.com\/fr\/wp-json\/wp\/v2\/product"}],"about":[{"href":"https:\/\/ceoparts.com\/fr\/wp-json\/wp\/v2\/types\/product"}],"wp:featuredmedia":[{"embeddable":true,"href":"https:\/\/ceoparts.com\/fr\/wp-json\/wp\/v2\/media\/11007"}],"wp:attachment":[{"href":"https:\/\/ceoparts.com\/fr\/wp-json\/wp\/v2\/media?parent=8460"}],"wp:term":[{"taxonomy":"product_brand","embeddable":true,"href":"https:\/\/ceoparts.com\/fr\/wp-json\/wp\/v2\/product_brand?post=8460"},{"taxonomy":"product_cat","embeddable":true,"href":"https:\/\/ceoparts.com\/fr\/wp-json\/wp\/v2\/product_cat?post=8460"},{"taxonomy":"product_tag","embeddable":true,"href":"https:\/\/ceoparts.com\/fr\/wp-json\/wp\/v2\/product_tag?post=8460"}],"curies":[{"name":"wp","href":"https:\/\/api.w.org\/{rel}","templated":true}]}}