{"id":8463,"date":"2021-02-15T13:38:38","date_gmt":"2021-02-15T10:38:38","guid":{"rendered":"https:\/\/ceoparts.com\/?post_type=product&#038;p=8463"},"modified":"2026-05-16T19:51:21","modified_gmt":"2026-05-16T16:51:21","slug":"285x85-yuk-tekeri","status":"publish","type":"product","link":"https:\/\/ceoparts.com\/fr\/urun\/285x85-yuk-tekeri\/","title":{"rendered":"285&#215;85-75 Stellana Vulkollan Roulettes charge &#8211; 215806"},"content":{"rendered":"<p>285&#215;85-75 Stellana Vulkollan Roulettes charge &#8211; 215806<\/p>\n<p>BT,Toyota 280&#215;85\/75\u00a0 215806<\/p>\n<p>RR B1-B3 REFLEX AC<\/p>\n<p>RR B1CC-3CC<\/p>\n<p>RR E1-E3 REFLEX AC<\/p>\n<p>RR E1CC-E3CC<\/p>\n<p>RR M12 REFLEX<\/p>\n<p>RR M12C REFLEX<\/p>\n<p>RR M14 REFLEX<\/p>\n<p>RR M14 C\u00a0REFLEX<\/p>\n<p>RR M16 REFLEX<\/p>\n<p>RR M16C REFLEX<\/p>\n<p>RRE120M<\/p>\n<p>RRE140M\/MC\/160M\/MC<\/p>","protected":false},"excerpt":{"rendered":"<p data-start=\"131\" data-end=\"1063\"><br data-start=\"3881\" data-end=\"3884\" \/>La Roue de Charge 285\u00d785-75 Stellana Vulkollan est une roue industrielle haute performance, sp\u00e9cialement con\u00e7ue pour la manutention de charges lourdes avec chariots \u00e9l\u00e9vateurs et gerbeurs. Gr\u00e2ce \u00e0 la technologie de rev\u00eatement Vulkollan de Stellana, elle offre une excellente r\u00e9sistance \u00e0 l\u2019usure et une absorption optimale des chocs. Sa haute capacit\u00e9 de charge garantit stabilit\u00e9 et maniabilit\u00e9 sous lourdes charges. Fonctionnement silencieux, durable et sans traces dans les entrep\u00f4ts, usines et environnements logistiques. Performance stable sur divers types de sols, optimisant l\u2019efficacit\u00e9 des machines.<br data-start=\"4492\" data-end=\"4495\" \/><strong data-start=\"4495\" data-end=\"4517\">Caract\u00e9ristiques :<\/strong><br data-start=\"4517\" data-end=\"4520\" \/><strong data-start=\"4520\" data-end=\"4540\">Nom du produit :<\/strong> Roue de Charge 285\u00d785-75 Stellana Vulkollan<br data-start=\"4584\" data-end=\"4587\" \/><strong data-start=\"4587\" data-end=\"4603\">Code pi\u00e8ce :<\/strong> 215806<br data-start=\"4610\" data-end=\"4613\" \/><strong data-start=\"4613\" data-end=\"4627\">Mat\u00e9riau :<\/strong> Rev\u00eatement Vulkollan, noyau haute r\u00e9sistance<br data-start=\"4672\" data-end=\"4675\" \/><strong data-start=\"4675\" data-end=\"4701\">Domaine d\u2019utilisation:<\/strong> Syst\u00e8mes de manutention de charges pour chariots \u00e9l\u00e9vateurs et gerbeurs<br data-start=\"4773\" data-end=\"4776\" \/><strong data-start=\"4776\" data-end=\"4789\">Avantage:<\/strong> Excellente r\u00e9sistance \u00e0 l\u2019usure et aux chocs, haute capacit\u00e9 de charge, fonctionnement silencieux et durable<\/p>\n<p data-start=\"4902\" data-end=\"5912\">\n","protected":false},"featured_media":11553,"template":"","meta":[],"product_brand":[],"product_cat":[416,419,521,528,251,255,194],"product_tag":[],"class_list":{"0":"post-8463","1":"product","2":"type-product","3":"status-publish","4":"has-post-thumbnail","6":"product_cat-stellana","7":"product_cat-yuk-tekeri-stellana","8":"product_cat-toyota","9":"product_cat-yuk-tekeri-toyota","10":"product_cat-bt","11":"product_cat-yuk-tekeri-bt","12":"product_cat-yuk-tekeri","14":"first","15":"instock","16":"taxable","17":"shipping-taxable","18":"purchasable","19":"product-type-simple"},"_links":{"self":[{"href":"https:\/\/ceoparts.com\/fr\/wp-json\/wp\/v2\/product\/8463","targetHints":{"allow":["GET"]}}],"collection":[{"href":"https:\/\/ceoparts.com\/fr\/wp-json\/wp\/v2\/product"}],"about":[{"href":"https:\/\/ceoparts.com\/fr\/wp-json\/wp\/v2\/types\/product"}],"wp:featuredmedia":[{"embeddable":true,"href":"https:\/\/ceoparts.com\/fr\/wp-json\/wp\/v2\/media\/11553"}],"wp:attachment":[{"href":"https:\/\/ceoparts.com\/fr\/wp-json\/wp\/v2\/media?parent=8463"}],"wp:term":[{"taxonomy":"product_brand","embeddable":true,"href":"https:\/\/ceoparts.com\/fr\/wp-json\/wp\/v2\/product_brand?post=8463"},{"taxonomy":"product_cat","embeddable":true,"href":"https:\/\/ceoparts.com\/fr\/wp-json\/wp\/v2\/product_cat?post=8463"},{"taxonomy":"product_tag","embeddable":true,"href":"https:\/\/ceoparts.com\/fr\/wp-json\/wp\/v2\/product_tag?post=8463"}],"curies":[{"name":"wp","href":"https:\/\/api.w.org\/{rel}","templated":true}]}}