{"id":8465,"date":"2021-02-15T13:42:49","date_gmt":"2021-02-15T10:42:49","guid":{"rendered":"https:\/\/ceoparts.com\/?post_type=product&#038;p=8465"},"modified":"2026-05-16T18:33:22","modified_gmt":"2026-05-16T15:33:22","slug":"285x100-40-ceo-yuk-tekeri-51115430-51160625","status":"publish","type":"product","link":"https:\/\/ceoparts.com\/fr\/urun\/285x100-40-ceo-yuk-tekeri-51115430-51160625\/","title":{"rendered":"285&#215;100-40 Ceoparts  Roulettes charge &#8211; 51115430, 51160625"},"content":{"rendered":"<p>285&#215;100-40 Ceoparts  Roulettes charge &#8211; 51115430, 51160625<\/p>\n<table border=\"0\" width=\"231\" cellspacing=\"0\" cellpadding=\"0\">\n<colgroup><\/colgroup>\n<colgroup>\n<col width=\"167\" \/>\n<col width=\"64\" \/><\/colgroup>\n<tbody>\n<tr>\n<td width=\"167\" height=\"20\"><span style=\"font-family: tim;\">ETM\/V 214\/216<\/span><\/td>\n<td width=\"64\"><span style=\"font-family: tim;\">9.11 &#8211;\u00a0<\/span><\/td>\n<\/tr>\n<tr>\n<td height=\"20\"><span style=\"font-family: tim;\">ETM\/V 214\/216 (US)<\/span><\/td>\n<td><span style=\"font-family: tim;\">9.11 &#8211;\u00a0<\/span><\/td>\n<\/tr>\n<tr>\n<td height=\"20\"><span style=\"font-family: tim;\">ETM\/V 214\/216 Cab<\/span><\/td>\n<td><span style=\"font-family: tim;\">9.11 &#8211;\u00a0<\/span><\/td>\n<\/tr>\n<tr>\n<td height=\"20\"><span style=\"font-family: tim;\">ETM\/V 214\/216 (CN)<\/span><\/td>\n<td><span style=\"font-family: tim;\">12.11 &#8211;\u00a0<\/span><\/td>\n<\/tr>\n<\/tbody>\n<\/table>","protected":false},"excerpt":{"rendered":"<p data-start=\"133\" data-end=\"1118\"><br data-start=\"4024\" data-end=\"4027\" \/>La Roue de Charge 285\u00d7100-40 Ceoparts est une roue industrielle haute capacit\u00e9, sp\u00e9cialement con\u00e7ue pour la manutention de charges lourdes avec chariots \u00e9l\u00e9vateurs et gerbeurs. Fabriqu\u00e9e selon les normes de qualit\u00e9 \u00e9lev\u00e9es de Ceoparts, elle offre une excellente r\u00e9sistance \u00e0 l\u2019usure et aux chocs gr\u00e2ce \u00e0 son rev\u00eatement en polyur\u00e9thane ou en caoutchouc. Son profil large assure un contact maximal avec le sol, am\u00e9liorant ainsi la stabilit\u00e9 et \u00e9vitant les glissements. Longue dur\u00e9e de vie et performance silencieuse sans traces sur tous types de sols.<br data-start=\"4576\" data-end=\"4579\" \/><strong data-start=\"4579\" data-end=\"4601\">Caract\u00e9ristiques :<\/strong><br data-start=\"4601\" data-end=\"4604\" \/><strong data-start=\"4604\" data-end=\"4624\">Nom du produit :<\/strong> Roue de Charge 285\u00d7100-40 Ceoparts<br data-start=\"4659\" data-end=\"4662\" \/><strong data-start=\"4662\" data-end=\"4680\">Codes pi\u00e8ces :<\/strong> 51115430, 51160625<br data-start=\"4699\" data-end=\"4702\" \/><strong data-start=\"4702\" data-end=\"4716\">Mat\u00e9riau :<\/strong> Rev\u00eatement en polyur\u00e9thane ou caoutchouc haute r\u00e9sistance<br data-start=\"4774\" data-end=\"4777\" \/><strong data-start=\"4777\" data-end=\"4803\">Domaine d\u2019utilisation:<\/strong> Syst\u00e8mes de manutention pour chariots \u00e9l\u00e9vateurs et gerbeurs<br data-start=\"4864\" data-end=\"4867\" \/><strong data-start=\"4867\" data-end=\"4880\">Avantage:<\/strong> Grande capacit\u00e9 de charge, large surface de contact, r\u00e9sistance \u00e0 l\u2019usure et aux chocs, fonctionnement silencieux et durable<\/p>\n<p data-start=\"5009\" data-end=\"5963\">\n","protected":false},"featured_media":11023,"template":"","meta":[],"product_brand":[],"product_cat":[399,194],"product_tag":[],"class_list":{"0":"post-8465","1":"product","2":"type-product","3":"status-publish","4":"has-post-thumbnail","6":"product_cat-yuk-tekeri-ceo","7":"product_cat-yuk-tekeri","9":"first","10":"instock","11":"taxable","12":"shipping-taxable","13":"purchasable","14":"product-type-simple"},"_links":{"self":[{"href":"https:\/\/ceoparts.com\/fr\/wp-json\/wp\/v2\/product\/8465","targetHints":{"allow":["GET"]}}],"collection":[{"href":"https:\/\/ceoparts.com\/fr\/wp-json\/wp\/v2\/product"}],"about":[{"href":"https:\/\/ceoparts.com\/fr\/wp-json\/wp\/v2\/types\/product"}],"wp:featuredmedia":[{"embeddable":true,"href":"https:\/\/ceoparts.com\/fr\/wp-json\/wp\/v2\/media\/11023"}],"wp:attachment":[{"href":"https:\/\/ceoparts.com\/fr\/wp-json\/wp\/v2\/media?parent=8465"}],"wp:term":[{"taxonomy":"product_brand","embeddable":true,"href":"https:\/\/ceoparts.com\/fr\/wp-json\/wp\/v2\/product_brand?post=8465"},{"taxonomy":"product_cat","embeddable":true,"href":"https:\/\/ceoparts.com\/fr\/wp-json\/wp\/v2\/product_cat?post=8465"},{"taxonomy":"product_tag","embeddable":true,"href":"https:\/\/ceoparts.com\/fr\/wp-json\/wp\/v2\/product_tag?post=8465"}],"curies":[{"name":"wp","href":"https:\/\/api.w.org\/{rel}","templated":true}]}}