{"id":8466,"date":"2021-02-15T13:49:06","date_gmt":"2021-02-15T10:49:06","guid":{"rendered":"https:\/\/ceoparts.com\/?post_type=product&#038;p=8466"},"modified":"2026-05-16T17:05:27","modified_gmt":"2026-05-16T14:05:27","slug":"285x100-40-yuk-tekeri-3","status":"publish","type":"product","link":"https:\/\/ceoparts.com\/fr\/urun\/285x100-40-yuk-tekeri-3\/","title":{"rendered":"285&#215;100-40 Ceoparts Roulettes charge &#8211; Boulon encastr\u00e9 &#8211; 51160629"},"content":{"rendered":"<p>285&#215;100-40 Ceoparts Roulettes charge &#8211; Boulon encastr\u00e9 &#8211; 51160629<\/p>\n<p>Vulkollan\u00a0 Jugheinrich 51160629<\/p>\n<p>OEM STELLANA PT+<\/p>\n<p>&nbsp;<\/p>\n<table border=\"0\" width=\"224\" cellspacing=\"0\" cellpadding=\"0\">\n<colgroup>\n<col width=\"160\" \/>\n<col width=\"64\" \/><\/colgroup>\n<tbody>\n<tr>\n<td width=\"160\" height=\"20\">ETM\/V 318-325 (US)<\/td>\n<td width=\"64\">10.13 &#8211;<\/td>\n<\/tr>\n<tr>\n<td height=\"20\">ETM\/V 318-325 (CN)<\/td>\n<td>10.13 &#8211;<\/td>\n<\/tr>\n<tr>\n<td height=\"20\">ETM\/V 318-325<\/td>\n<td>10.13 &#8211;<\/td>\n<\/tr>\n<tr>\n<td height=\"20\">ETM\/V 214\/216 (US)<\/td>\n<td>9.11 &#8211;<\/td>\n<\/tr>\n<tr>\n<td height=\"20\">ETM\/V 214\/216 (CN)<\/td>\n<td>12.11 &#8211;<\/td>\n<\/tr>\n<tr>\n<td height=\"20\">ETM\/V 214\/216<\/td>\n<td>9.11 &#8211;<\/td>\n<\/tr>\n<tr>\n<td height=\"20\">ETM\/V 214-325 Cab<\/td>\n<td>9.11 &#8211;<\/td>\n<\/tr>\n<tr>\n<td height=\"20\">EJE 220X \/ EFG BR 2\/3<\/td>\n<\/tr>\n<\/tbody>\n<\/table>","protected":false},"excerpt":{"rendered":"<p data-start=\"142\" data-end=\"1217\"><br data-start=\"4219\" data-end=\"4222\" \/>La Roue de Charge 285\u00d7100-40 Ceoparts avec boulons encastr\u00e9s est une roue industrielle haute capacit\u00e9, sp\u00e9cialement con\u00e7ue pour la manutention de charges lourdes avec chariots \u00e9l\u00e9vateurs et gerbeurs. Sa structure \u00e0 boulons encastr\u00e9s permet un montage plus s\u00fbr et stable sans d\u00e9passement des t\u00eates de vis. Rev\u00eatement en polyur\u00e9thane ou en caoutchouc haute r\u00e9sistance offrant une excellente r\u00e9sistance \u00e0 l\u2019usure et aux chocs. Large profil assurant un contact maximal avec le sol pour une stabilit\u00e9 optimale et \u00e9viter les glissements. Id\u00e9ale pour entrep\u00f4ts, usines et environnements logistiques. Fonctionnement silencieux, durable et sans traces.<br data-start=\"4865\" data-end=\"4868\" \/><strong data-start=\"4868\" data-end=\"4890\">Caract\u00e9ristiques :<\/strong><br data-start=\"4890\" data-end=\"4893\" \/><strong data-start=\"4893\" data-end=\"4913\">Nom du produit :<\/strong> Roue de Charge 285\u00d7100-40 Ceoparts \u2013 Boulons Encastr\u00e9s<br data-start=\"4968\" data-end=\"4971\" \/><strong data-start=\"4971\" data-end=\"4987\">Code pi\u00e8ce :<\/strong> 51160629<br data-start=\"4996\" data-end=\"4999\" \/><strong data-start=\"4999\" data-end=\"5013\">Mat\u00e9riau :<\/strong> Rev\u00eatement en polyur\u00e9thane ou caoutchouc haute r\u00e9sistance<br data-start=\"5071\" data-end=\"5074\" \/><strong data-start=\"5074\" data-end=\"5100\">Domaine d\u2019utilisation:<\/strong> Syst\u00e8mes de manutention de charges pour chariots \u00e9l\u00e9vateurs et gerbeurs<br data-start=\"5172\" data-end=\"5175\" \/><strong data-start=\"5175\" data-end=\"5188\">Avantage:<\/strong> Grande capacit\u00e9 de charge, conception \u00e0 boulons encastr\u00e9s, r\u00e9sistance \u00e0 l\u2019usure et aux chocs, fonctionnement silencieux et durable<\/p>\n<p data-start=\"5323\" data-end=\"6390\">\n","protected":false},"featured_media":11036,"template":"","meta":[],"product_brand":[],"product_cat":[399,194],"product_tag":[],"class_list":{"0":"post-8466","1":"product","2":"type-product","3":"status-publish","4":"has-post-thumbnail","6":"product_cat-yuk-tekeri-ceo","7":"product_cat-yuk-tekeri","9":"first","10":"instock","11":"taxable","12":"shipping-taxable","13":"purchasable","14":"product-type-simple"},"_links":{"self":[{"href":"https:\/\/ceoparts.com\/fr\/wp-json\/wp\/v2\/product\/8466","targetHints":{"allow":["GET"]}}],"collection":[{"href":"https:\/\/ceoparts.com\/fr\/wp-json\/wp\/v2\/product"}],"about":[{"href":"https:\/\/ceoparts.com\/fr\/wp-json\/wp\/v2\/types\/product"}],"wp:featuredmedia":[{"embeddable":true,"href":"https:\/\/ceoparts.com\/fr\/wp-json\/wp\/v2\/media\/11036"}],"wp:attachment":[{"href":"https:\/\/ceoparts.com\/fr\/wp-json\/wp\/v2\/media?parent=8466"}],"wp:term":[{"taxonomy":"product_brand","embeddable":true,"href":"https:\/\/ceoparts.com\/fr\/wp-json\/wp\/v2\/product_brand?post=8466"},{"taxonomy":"product_cat","embeddable":true,"href":"https:\/\/ceoparts.com\/fr\/wp-json\/wp\/v2\/product_cat?post=8466"},{"taxonomy":"product_tag","embeddable":true,"href":"https:\/\/ceoparts.com\/fr\/wp-json\/wp\/v2\/product_tag?post=8466"}],"curies":[{"name":"wp","href":"https:\/\/api.w.org\/{rel}","templated":true}]}}