{"id":8468,"date":"2021-02-15T13:53:08","date_gmt":"2021-02-15T10:53:08","guid":{"rendered":"https:\/\/ceoparts.com\/?post_type=product&#038;p=8468"},"modified":"2026-05-16T17:05:35","modified_gmt":"2026-05-16T14:05:35","slug":"300x106-30-yuk-tekeri","status":"publish","type":"product","link":"https:\/\/ceoparts.com\/fr\/urun\/300x106-30-yuk-tekeri\/","title":{"rendered":"300&#215;106-30 Stellana Roulettes charge &#8211; BT 241486, 7518697"},"content":{"rendered":"<p>300&#215;106-30 Stellana Roulettes charge &#8211; BT 241486, 7518697<\/p>\n<p>241486, \u00a07518697\u00a0 BT 7578683<\/p>\n<p>RRE 140 C,E,EC<\/p>\n<p>RRE 160 C,E,EC<\/p>\n<p>Cesab R314<\/p>\n<p>Cesab R316<\/p>","protected":false},"excerpt":{"rendered":"<p data-start=\"134\" data-end=\"1215\"><br data-start=\"4345\" data-end=\"4348\" \/>La Roue de Charge 300\u00d7106-30 Stellana est une roue industrielle haute capacit\u00e9 sp\u00e9cialement con\u00e7ue pour la manutention de charges lourdes avec des chariots \u00e9l\u00e9vateurs et gerbeurs. Gr\u00e2ce \u00e0 la technologie avanc\u00e9e de Stellana, son rev\u00eatement en Vulkollan offre une r\u00e9sistance sup\u00e9rieure \u00e0 l\u2019usure et aux chocs. Son profil large assure un contact maximal avec le sol, renfor\u00e7ant la stabilit\u00e9 sous charge et minimisant les risques de glissement. Id\u00e9ale pour les entrep\u00f4ts, usines et sites logistiques, elle garantit un fonctionnement silencieux, s\u00e9curis\u00e9 et sans traces, m\u00eame en conditions intensives.<br data-start=\"4944\" data-end=\"4947\" \/><strong data-start=\"4947\" data-end=\"4969\">Caract\u00e9ristiques :<\/strong><br data-start=\"4969\" data-end=\"4972\" \/><strong data-start=\"4972\" data-end=\"4992\">Nom du produit :<\/strong> Roue de Charge 300\u00d7106-30 Stellana<br data-start=\"5027\" data-end=\"5030\" \/><strong data-start=\"5030\" data-end=\"5048\">Codes pi\u00e8ces :<\/strong> BT 241486, 7518697<br data-start=\"5067\" data-end=\"5070\" \/><strong data-start=\"5070\" data-end=\"5084\">Mat\u00e9riau :<\/strong> Rev\u00eatement en Vulkollan, noyau m\u00e9tallique haute r\u00e9sistance<br data-start=\"5143\" data-end=\"5146\" \/><strong data-start=\"5146\" data-end=\"5172\">Domaine d\u2019utilisation:<\/strong> Syst\u00e8mes de manutention de charges pour chariots \u00e9l\u00e9vateurs et gerbeurs<br data-start=\"5244\" data-end=\"5247\" \/><strong data-start=\"5247\" data-end=\"5260\">Avantage:<\/strong> Grande capacit\u00e9 de charge, excellente r\u00e9sistance \u00e0 l\u2019usure et aux chocs, surface stable et large, fonctionnement silencieux et durable<\/p>\n<p data-start=\"5399\" data-end=\"6389\">\n","protected":false},"featured_media":11579,"template":"","meta":[],"product_brand":[],"product_cat":[251,255,416,419,194],"product_tag":[],"class_list":{"0":"post-8468","1":"product","2":"type-product","3":"status-publish","4":"has-post-thumbnail","6":"product_cat-bt","7":"product_cat-yuk-tekeri-bt","8":"product_cat-stellana","9":"product_cat-yuk-tekeri-stellana","10":"product_cat-yuk-tekeri","12":"first","13":"instock","14":"taxable","15":"shipping-taxable","16":"purchasable","17":"product-type-simple"},"_links":{"self":[{"href":"https:\/\/ceoparts.com\/fr\/wp-json\/wp\/v2\/product\/8468","targetHints":{"allow":["GET"]}}],"collection":[{"href":"https:\/\/ceoparts.com\/fr\/wp-json\/wp\/v2\/product"}],"about":[{"href":"https:\/\/ceoparts.com\/fr\/wp-json\/wp\/v2\/types\/product"}],"wp:featuredmedia":[{"embeddable":true,"href":"https:\/\/ceoparts.com\/fr\/wp-json\/wp\/v2\/media\/11579"}],"wp:attachment":[{"href":"https:\/\/ceoparts.com\/fr\/wp-json\/wp\/v2\/media?parent=8468"}],"wp:term":[{"taxonomy":"product_brand","embeddable":true,"href":"https:\/\/ceoparts.com\/fr\/wp-json\/wp\/v2\/product_brand?post=8468"},{"taxonomy":"product_cat","embeddable":true,"href":"https:\/\/ceoparts.com\/fr\/wp-json\/wp\/v2\/product_cat?post=8468"},{"taxonomy":"product_tag","embeddable":true,"href":"https:\/\/ceoparts.com\/fr\/wp-json\/wp\/v2\/product_tag?post=8468"}],"curies":[{"name":"wp","href":"https:\/\/api.w.org\/{rel}","templated":true}]}}