{"id":8473,"date":"2021-02-15T14:44:41","date_gmt":"2021-02-15T11:44:41","guid":{"rendered":"https:\/\/ceoparts.com\/?post_type=product&#038;p=8473"},"modified":"2026-05-16T15:04:16","modified_gmt":"2026-05-16T12:04:16","slug":"330x100-37-yuk-tekeri","status":"publish","type":"product","link":"https:\/\/ceoparts.com\/fr\/urun\/330x100-37-yuk-tekeri\/","title":{"rendered":"330&#215;100-35 Stellana Vulkollan Roulettes charge &#8211; 816357"},"content":{"rendered":"<p>330&#215;100-35 Stellana Vulkollan Roulettes charge &#8211; 816357<\/p>\n<p>Crown 816357<\/p>\n<p>CROWN ESR 5260 52001,6t &amp; 2,0t<\/p>\n<p>CROWN ESR 5000<\/p>","protected":false},"excerpt":{"rendered":"<p data-start=\"131\" data-end=\"1071\"><br data-start=\"3823\" data-end=\"3826\" \/>La Roue de Charge 330\u00d7100-35 Stellana Vulkollan est une roue industrielle haute r\u00e9sistance con\u00e7ue pour les chariots \u00e9l\u00e9vateurs et gerbeurs pour les applications intensives. Fabriqu\u00e9e par Stellana, elle dispose d\u2019un rev\u00eatement en Vulkollan offrant une excellente r\u00e9sistance \u00e0 l\u2019usure, une absorption optimale des chocs et un fonctionnement silencieux et sans traces. Son grand diam\u00e8tre et sa surface large garantissent un contact au sol maximal, am\u00e9liorant la stabilit\u00e9 et la man\u0153uvrabilit\u00e9 sous charge. Id\u00e9ale pour entrep\u00f4ts, usines, ports et centres logistiques.<br data-start=\"4389\" data-end=\"4392\" \/><strong data-start=\"4392\" data-end=\"4414\">Caract\u00e9ristiques :<\/strong><br data-start=\"4414\" data-end=\"4417\" \/><strong data-start=\"4417\" data-end=\"4437\">Nom du produit :<\/strong> Roue de Charge 330\u00d7100-35 Stellana Vulkollan<br data-start=\"4482\" data-end=\"4485\" \/><strong data-start=\"4485\" data-end=\"4501\">Code pi\u00e8ce :<\/strong> 816357<br data-start=\"4508\" data-end=\"4511\" \/><strong data-start=\"4511\" data-end=\"4525\">Mat\u00e9riau :<\/strong> Rev\u00eatement en Vulkollan, noyau m\u00e9tallique haute r\u00e9sistance<br data-start=\"4584\" data-end=\"4587\" \/><strong data-start=\"4587\" data-end=\"4613\">Domaine d\u2019utilisation:<\/strong> Chariots \u00e9l\u00e9vateurs et gerbeurs<br data-start=\"4645\" data-end=\"4648\" \/><strong data-start=\"4648\" data-end=\"4661\">Avantage:<\/strong> Grande capacit\u00e9 de charge, r\u00e9sistance \u00e0 l\u2019usure et aux chocs, fonctionnement silencieux, sans traces et durable<\/p>\n<p data-start=\"4777\" data-end=\"5678\">\n","protected":false},"featured_media":11062,"template":"","meta":[],"product_brand":[],"product_cat":[272,276,416,419,194],"product_tag":[],"class_list":{"0":"post-8473","1":"product","2":"type-product","3":"status-publish","4":"has-post-thumbnail","6":"product_cat-crown","7":"product_cat-yuk-tekeri-crown","8":"product_cat-stellana","9":"product_cat-yuk-tekeri-stellana","10":"product_cat-yuk-tekeri","12":"first","13":"instock","14":"taxable","15":"shipping-taxable","16":"purchasable","17":"product-type-simple"},"_links":{"self":[{"href":"https:\/\/ceoparts.com\/fr\/wp-json\/wp\/v2\/product\/8473","targetHints":{"allow":["GET"]}}],"collection":[{"href":"https:\/\/ceoparts.com\/fr\/wp-json\/wp\/v2\/product"}],"about":[{"href":"https:\/\/ceoparts.com\/fr\/wp-json\/wp\/v2\/types\/product"}],"wp:featuredmedia":[{"embeddable":true,"href":"https:\/\/ceoparts.com\/fr\/wp-json\/wp\/v2\/media\/11062"}],"wp:attachment":[{"href":"https:\/\/ceoparts.com\/fr\/wp-json\/wp\/v2\/media?parent=8473"}],"wp:term":[{"taxonomy":"product_brand","embeddable":true,"href":"https:\/\/ceoparts.com\/fr\/wp-json\/wp\/v2\/product_brand?post=8473"},{"taxonomy":"product_cat","embeddable":true,"href":"https:\/\/ceoparts.com\/fr\/wp-json\/wp\/v2\/product_cat?post=8473"},{"taxonomy":"product_tag","embeddable":true,"href":"https:\/\/ceoparts.com\/fr\/wp-json\/wp\/v2\/product_tag?post=8473"}],"curies":[{"name":"wp","href":"https:\/\/api.w.org\/{rel}","templated":true}]}}