{"id":8476,"date":"2021-02-15T15:19:05","date_gmt":"2021-02-15T12:19:05","guid":{"rendered":"https:\/\/ceoparts.com\/?post_type=product&#038;p=8476"},"modified":"2026-05-16T21:01:54","modified_gmt":"2026-05-16T18:01:54","slug":"215x76-89-60-5b-o11-yuruyus-tekeri","status":"publish","type":"product","link":"https:\/\/ceoparts.com\/fr\/urun\/215x76-89-60-5b-o11-yuruyus-tekeri\/","title":{"rendered":"215&#215;70\/82-60 Wicke Roue de marche &#8211; 129920"},"content":{"rendered":"<p>215&#215;70\/82-60 Wicke Roue de marche &#8211; 129920<\/p>\n<p>MO 15.<br \/>\nPPO 1500<br \/>\nLSF 1250<br \/>\nLSF 1600<br \/>\nLSF 2000<br \/>\nLST 1350<br \/>\nLSV 1250<br \/>\nLSV 1600<br \/>\nML 12,5<br \/>\nML 13,5S<br \/>\nML 16<br \/>\nMPH 16<br \/>\nMPL 12F<br \/>\nMPL 12S<br \/>\nMPL 16D<br \/>\nPPH 1600 MX<br \/>\nPPS 1200 MXF<br \/>\nPPS 1200 MXS<br \/>\nPPS 1600 MXD<br \/>\nRSX 20\/25<br \/>\nSWE 080L<br \/>\nLPE 200<br \/>\nLT 2200<br \/>\nLT 2200-8<br \/>\nLWE 180<br \/>\nLWE 200<br \/>\nLWE 200N<br \/>\nMP 14<br \/>\nMP 16<br \/>\nMP 20<br \/>\nMT 22<br \/>\nPPT 1400 C<br \/>\nPPT 1400 MX<br \/>\nPPT 1400 MXC<br \/>\nPPT 1600 MX<br \/>\nPPT 2000 MX<br \/>\nPPT 2000 MMD<br \/>\nW 18 ORION<br \/>\nW 20 ORION<br \/>\nW 20 N<\/p>","protected":false},"excerpt":{"rendered":"<p data-start=\"126\" data-end=\"1001\"><br data-start=\"3737\" data-end=\"3740\" \/>La Roue de Marche 215\u00d770\/82-60 Wicke est une roue de marche haute r\u00e9sistance, sp\u00e9cialement con\u00e7ue pour les chariots \u00e9l\u00e9vateurs et les \u00e9quipements de manutention lourds. Avec un diam\u00e8tre de 215 mm, une largeur de 70 mm et des dimensions internes de 82-60 mm, elle offre une grande capacit\u00e9 de charge et une conduite \u00e9quilibr\u00e9e. Son rev\u00eatement en polyur\u00e9thane de qualit\u00e9 sup\u00e9rieure Wicke assure une excellente r\u00e9sistance \u00e0 l&#8217;usure et aux produits chimiques. Son fonctionnement silencieux am\u00e9liore le confort de l&#8217;op\u00e9rateur dans les entrep\u00f4ts et les ateliers de production. Gr\u00e2ce \u00e0 son noyau m\u00e9tallique robuste et sa construction durable, elle est parfaite pour les conditions industrielles exigeantes.<br data-start=\"4439\" data-end=\"4442\" \/><strong data-start=\"4442\" data-end=\"4464\">Caract\u00e9ristiques :<\/strong><br data-start=\"4464\" data-end=\"4467\" \/><strong data-start=\"4467\" data-end=\"4487\">Nom du produit :<\/strong> Roue de Marche 215\u00d770\/82-60 Wicke<br data-start=\"4521\" data-end=\"4524\" \/><strong data-start=\"4524\" data-end=\"4540\">Code pi\u00e8ce :<\/strong> 129920<br data-start=\"4547\" data-end=\"4550\" \/><strong data-start=\"4550\" data-end=\"4564\">Mat\u00e9riau :<\/strong> Rev\u00eatement en polyur\u00e9thane, noyau m\u00e9tallique<br data-start=\"4609\" data-end=\"4612\" \/><strong data-start=\"4612\" data-end=\"4638\">Domaine d\u2019utilisation:<\/strong> Chariots \u00e9l\u00e9vateurs et \u00e9quipements de manutention lourds<br data-start=\"4695\" data-end=\"4698\" \/><strong data-start=\"4698\" data-end=\"4711\">Avantage:<\/strong> Haute r\u00e9sistance \u00e0 l\u2019usure et aux produits chimiques, fonctionnement silencieux et stable, longue dur\u00e9e de vie<\/p>\n<p data-start=\"4826\" data-end=\"5821\">\n","protected":false},"featured_media":11481,"template":"","meta":[],"product_brand":[],"product_cat":[401,404,193],"product_tag":[],"class_list":{"0":"post-8476","1":"product","2":"type-product","3":"status-publish","4":"has-post-thumbnail","6":"product_cat-wicke","7":"product_cat-yuruyus-tekeri-wicke","8":"product_cat-yuruyus-tekeri","10":"first","11":"instock","12":"taxable","13":"shipping-taxable","14":"purchasable","15":"product-type-simple"},"_links":{"self":[{"href":"https:\/\/ceoparts.com\/fr\/wp-json\/wp\/v2\/product\/8476","targetHints":{"allow":["GET"]}}],"collection":[{"href":"https:\/\/ceoparts.com\/fr\/wp-json\/wp\/v2\/product"}],"about":[{"href":"https:\/\/ceoparts.com\/fr\/wp-json\/wp\/v2\/types\/product"}],"wp:featuredmedia":[{"embeddable":true,"href":"https:\/\/ceoparts.com\/fr\/wp-json\/wp\/v2\/media\/11481"}],"wp:attachment":[{"href":"https:\/\/ceoparts.com\/fr\/wp-json\/wp\/v2\/media?parent=8476"}],"wp:term":[{"taxonomy":"product_brand","embeddable":true,"href":"https:\/\/ceoparts.com\/fr\/wp-json\/wp\/v2\/product_brand?post=8476"},{"taxonomy":"product_cat","embeddable":true,"href":"https:\/\/ceoparts.com\/fr\/wp-json\/wp\/v2\/product_cat?post=8476"},{"taxonomy":"product_tag","embeddable":true,"href":"https:\/\/ceoparts.com\/fr\/wp-json\/wp\/v2\/product_tag?post=8476"}],"curies":[{"name":"wp","href":"https:\/\/api.w.org\/{rel}","templated":true}]}}