{"id":8480,"date":"2021-02-15T15:45:49","date_gmt":"2021-02-15T12:45:49","guid":{"rendered":"https:\/\/ceoparts.com\/?post_type=product&#038;p=8480"},"modified":"2026-05-16T05:26:32","modified_gmt":"2026-05-16T02:26:32","slug":"400x160-110-10b-155-24-145-yuruyus-tekeri","status":"publish","type":"product","link":"https:\/\/ceoparts.com\/fr\/urun\/400x160-110-10b-155-24-145-yuruyus-tekeri\/","title":{"rendered":"400&#215;160-110 10B Roue de marche Oiseau Radar &#8211; 51356844, 51701139"},"content":{"rendered":"<p>400&#215;160-110 10B Roue de marche Oiseau Radar &#8211; 51356844, 51701139<\/p>\n<p>Jungheinrich 51356844, 51701139<\/p>\n<p>Reach trucks\u00a07.13 &#8211;<br \/>\nEKX 514\/516 (2015)\u00a09.15 &#8211;<br \/>\nEKX 514\/516 (2015) (US)\u00a09.15 &#8211;<\/p>","protected":false},"excerpt":{"rendered":"<p data-start=\"127\" data-end=\"672\"><br data-start=\"3886\" data-end=\"3889\" \/>La <strong data-start=\"3892\" data-end=\"3964\">Roue de d\u00e9placement 400\u00d7160-110 10B Rader Vogel \u2013 51356844, 51701139<\/strong> est con\u00e7ue pour les chariots \u00e9l\u00e9vateurs et les machines lourdes, offrant une haute qualit\u00e9 et durabilit\u00e9. Fabriqu\u00e9e avec des mat\u00e9riaux fiables de Rader Vogel, cette roue de d\u00e9placement r\u00e9siste aux conditions de travail intensives. Sa structure de type 10B assure un mouvement stable de la machine et am\u00e9liore le confort de l\u2019op\u00e9rateur. La surface ext\u00e9rieure en caoutchouc durable minimise les vibrations. Le corps m\u00e9tallique renforc\u00e9 garantit une longue dur\u00e9e de vie. Un entretien facile et une haute r\u00e9sistance \u00e0 l\u2019usure soutiennent l\u2019efficacit\u00e9 du travail.<\/p>\n<p data-start=\"4525\" data-end=\"4948\"><strong data-start=\"4525\" data-end=\"4545\">Caract\u00e9ristiques<\/strong><br data-start=\"4545\" data-end=\"4548\" \/><strong data-start=\"4548\" data-end=\"4567\">Nom du produit:<\/strong> Roue de d\u00e9placement 10B Rader Vogel<br data-start=\"4603\" data-end=\"4606\" \/><strong data-start=\"4606\" data-end=\"4627\">Num\u00e9ros de pi\u00e8ce:<\/strong> 51356844, 51701139<br data-start=\"4646\" data-end=\"4649\" \/><strong data-start=\"4649\" data-end=\"4660\">Taille:<\/strong> 400\u00d7160-110<br data-start=\"4672\" data-end=\"4675\" \/><strong data-start=\"4675\" data-end=\"4684\">Type:<\/strong> 10B<br data-start=\"4688\" data-end=\"4691\" \/><strong data-start=\"4691\" data-end=\"4704\">Mat\u00e9riau:<\/strong> Caoutchouc durable, corps m\u00e9tallique renforc\u00e9<br data-start=\"4750\" data-end=\"4753\" \/><strong data-start=\"4753\" data-end=\"4769\">Application:<\/strong> Syst\u00e8me de d\u00e9placement pour chariots \u00e9l\u00e9vateurs et machines lourdes<br data-start=\"4837\" data-end=\"4840\" \/><strong data-start=\"4840\" data-end=\"4853\">Avantage:<\/strong> Haute durabilit\u00e9, r\u00e9duction des vibrations, longue dur\u00e9e de vie, stabilit\u00e9, faible entretien<\/p>\n<p data-start=\"4950\" data-end=\"5556\">\n","protected":false},"featured_media":11558,"template":"","meta":[],"product_brand":[],"product_cat":[429,236,239,427,193],"product_tag":[],"class_list":{"0":"post-8480","1":"product","2":"type-product","3":"status-publish","4":"has-post-thumbnail","6":"product_cat-yuruyus-tekeri-vulkoprin","7":"product_cat-jungheinrich","8":"product_cat-yuruyus-tekeri-jungheinrich","9":"product_cat-vulkoprin","10":"product_cat-yuruyus-tekeri","12":"first","13":"instock","14":"taxable","15":"shipping-taxable","16":"purchasable","17":"product-type-simple"},"_links":{"self":[{"href":"https:\/\/ceoparts.com\/fr\/wp-json\/wp\/v2\/product\/8480","targetHints":{"allow":["GET"]}}],"collection":[{"href":"https:\/\/ceoparts.com\/fr\/wp-json\/wp\/v2\/product"}],"about":[{"href":"https:\/\/ceoparts.com\/fr\/wp-json\/wp\/v2\/types\/product"}],"wp:featuredmedia":[{"embeddable":true,"href":"https:\/\/ceoparts.com\/fr\/wp-json\/wp\/v2\/media\/11558"}],"wp:attachment":[{"href":"https:\/\/ceoparts.com\/fr\/wp-json\/wp\/v2\/media?parent=8480"}],"wp:term":[{"taxonomy":"product_brand","embeddable":true,"href":"https:\/\/ceoparts.com\/fr\/wp-json\/wp\/v2\/product_brand?post=8480"},{"taxonomy":"product_cat","embeddable":true,"href":"https:\/\/ceoparts.com\/fr\/wp-json\/wp\/v2\/product_cat?post=8480"},{"taxonomy":"product_tag","embeddable":true,"href":"https:\/\/ceoparts.com\/fr\/wp-json\/wp\/v2\/product_tag?post=8480"}],"curies":[{"name":"wp","href":"https:\/\/api.w.org\/{rel}","templated":true}]}}