{"id":8481,"date":"2021-02-15T15:50:12","date_gmt":"2021-02-15T12:50:12","guid":{"rendered":"https:\/\/ceoparts.com\/?post_type=product&#038;p=8481"},"modified":"2026-05-16T15:26:35","modified_gmt":"2026-05-16T12:26:35","slug":"230x65-yuruyus-tekeri","status":"publish","type":"product","link":"https:\/\/ceoparts.com\/fr\/urun\/230x65-yuruyus-tekeri\/","title":{"rendered":"230&#215;65-150 Roue de marche &#8211; 51633199, 51601141, 51535381"},"content":{"rendered":"<p>230&#215;65-150 Roue de marche &#8211; 51633199, 51601141, 51535381<\/p>\n<p>ROCLA 468408,<\/p>\n<p>SW 12 AC 230&#215;65\/75-150<\/p>\n<p>Mitsubishi RL468408<\/p>\n<p>Jungheinrich 51535381 51633199<\/p>\n<p>EJC M10 B<br \/>\nEJC M10 E<br \/>\nEJC M10 ZT<br \/>\nEJC M13<br \/>\nEJC M13 B<br \/>\nERE BA 116<br \/>\nERE BA 120<\/p>","protected":false},"excerpt":{"rendered":"<p data-start=\"120\" data-end=\"666\"><br data-start=\"3881\" data-end=\"3884\" \/>La <strong data-start=\"3887\" data-end=\"3921\">Roue de d\u00e9placement 230\u00d765-150<\/strong> est une roue de d\u00e9placement tr\u00e8s r\u00e9sistante sp\u00e9cialement con\u00e7ue pour les chariots \u00e9l\u00e9vateurs et les machines lourdes. Avec un diam\u00e8tre de 230 mm et une largeur de 65 mm, elle garantit un mouvement stable et s\u00e9curis\u00e9 de votre machine. Con\u00e7ue pour s\u2019adapter \u00e0 une longueur de montage de 150 mm. Le rev\u00eatement en caoutchouc durable r\u00e9duit les vibrations, am\u00e9liore le confort de l\u2019op\u00e9rateur et assure une longue dur\u00e9e de vie. Elle pr\u00e9sente une haute r\u00e9sistance \u00e0 l\u2019usure adapt\u00e9e aux conditions industrielles de travail. Installation facile et construction robuste am\u00e9liorent l\u2019efficacit\u00e9 du travail.<\/p>\n<p data-start=\"4519\" data-end=\"4947\"><strong data-start=\"4519\" data-end=\"4539\">Caract\u00e9ristiques<\/strong><br data-start=\"4539\" data-end=\"4542\" \/><strong data-start=\"4542\" data-end=\"4561\">Nom du produit:<\/strong> Roue de d\u00e9placement<br data-start=\"4581\" data-end=\"4584\" \/><strong data-start=\"4584\" data-end=\"4605\">Num\u00e9ros de pi\u00e8ce:<\/strong> 51633199, 51601141, 51535381<br data-start=\"4634\" data-end=\"4637\" \/><strong data-start=\"4637\" data-end=\"4648\">Taille:<\/strong> 230\u00d765-150<br data-start=\"4659\" data-end=\"4662\" \/><strong data-start=\"4662\" data-end=\"4686\">Longueur de montage:<\/strong> 150 mm<br data-start=\"4693\" data-end=\"4696\" \/><strong data-start=\"4696\" data-end=\"4709\">Mat\u00e9riau:<\/strong> Caoutchouc durable, corps m\u00e9tallique<br data-start=\"4746\" data-end=\"4749\" \/><strong data-start=\"4749\" data-end=\"4765\">Application:<\/strong> Syst\u00e8me de d\u00e9placement pour chariots \u00e9l\u00e9vateurs et machines lourdes<br data-start=\"4833\" data-end=\"4836\" \/><strong data-start=\"4836\" data-end=\"4849\">Avantage:<\/strong> Haute durabilit\u00e9, r\u00e9duction des vibrations, longue dur\u00e9e de vie, installation facile, stabilit\u00e9<\/p>\n<p data-start=\"4949\" data-end=\"5581\">\n","protected":false},"featured_media":11102,"template":"","meta":[],"product_brand":[],"product_cat":[236,239,193],"product_tag":[],"class_list":{"0":"post-8481","1":"product","2":"type-product","3":"status-publish","4":"has-post-thumbnail","6":"product_cat-jungheinrich","7":"product_cat-yuruyus-tekeri-jungheinrich","8":"product_cat-yuruyus-tekeri","10":"first","11":"instock","12":"taxable","13":"shipping-taxable","14":"purchasable","15":"product-type-simple"},"_links":{"self":[{"href":"https:\/\/ceoparts.com\/fr\/wp-json\/wp\/v2\/product\/8481","targetHints":{"allow":["GET"]}}],"collection":[{"href":"https:\/\/ceoparts.com\/fr\/wp-json\/wp\/v2\/product"}],"about":[{"href":"https:\/\/ceoparts.com\/fr\/wp-json\/wp\/v2\/types\/product"}],"wp:featuredmedia":[{"embeddable":true,"href":"https:\/\/ceoparts.com\/fr\/wp-json\/wp\/v2\/media\/11102"}],"wp:attachment":[{"href":"https:\/\/ceoparts.com\/fr\/wp-json\/wp\/v2\/media?parent=8481"}],"wp:term":[{"taxonomy":"product_brand","embeddable":true,"href":"https:\/\/ceoparts.com\/fr\/wp-json\/wp\/v2\/product_brand?post=8481"},{"taxonomy":"product_cat","embeddable":true,"href":"https:\/\/ceoparts.com\/fr\/wp-json\/wp\/v2\/product_cat?post=8481"},{"taxonomy":"product_tag","embeddable":true,"href":"https:\/\/ceoparts.com\/fr\/wp-json\/wp\/v2\/product_tag?post=8481"}],"curies":[{"name":"wp","href":"https:\/\/api.w.org\/{rel}","templated":true}]}}