{"id":8482,"date":"2021-02-15T16:08:10","date_gmt":"2021-02-15T13:08:10","guid":{"rendered":"https:\/\/ceoparts.com\/?post_type=product&#038;p=8482"},"modified":"2026-05-16T18:09:40","modified_gmt":"2026-05-16T15:09:40","slug":"230x90-45-5b-yuruyus-tekeri","status":"publish","type":"product","link":"https:\/\/ceoparts.com\/fr\/urun\/230x90-45-5b-yuruyus-tekeri\/","title":{"rendered":"230&#215;90-45 5B Wicke Roue de marche &#8211; 0039933826 , 0039933800"},"content":{"rendered":"<p>230&#215;90-45 5B Wicke Roue de marche &#8211; 0039933826 , 0039933800<\/p>\n<div class=\"font12\">Linde:<\/div>\n<div class=\"font12\"><\/div>\n<div class=\"font12\">Vulkollan 0039933800<\/div>\n<div class=\"font12\">OEM Stellana<\/div>\n<div class=\"font12\"><\/div>\n<div class=\"font12\">372\u00a0L14\/16<br \/>\n372\u00a0L14\/16\/L14AP\/16AP<\/div>\n<div class=\"font12\">1173 L14\/L16<\/div>\n<div class=\"font12\"><\/div>\n<div class=\"font12\">Still 0039933826<\/div>\n<div class=\"font12\"><\/div>\n<div class=\"font12\">EXH 25-30 EXH-SF 20-25 (2360-2363)<\/div>","protected":false},"excerpt":{"rendered":"<div>\n<p data-start=\"122\" data-end=\"665\"><br data-start=\"4069\" data-end=\"4072\" \/>La <strong data-start=\"4075\" data-end=\"4142\">Roue de d\u00e9placement 230\u00d790-45 5B Wicke \u2013 0039933826, 0039933800<\/strong> est une roue durable et performante sp\u00e9cialement con\u00e7ue pour les chariots \u00e9l\u00e9vateurs et les machines lourdes. Avec un diam\u00e8tre de 230 mm et une largeur de 90 mm, elle assure un mouvement stable et s\u00e9curis\u00e9 de la machine. Compatible avec une longueur de montage de 45 mm. Fabriqu\u00e9e avec des mat\u00e9riaux de haute qualit\u00e9 de Wicke, cette roue offre une longue dur\u00e9e de vie et une haute r\u00e9sistance \u00e0 l\u2019usure. La surface ext\u00e9rieure en caoutchouc r\u00e9duit les vibrations et am\u00e9liore le confort de l\u2019op\u00e9rateur. Elle offre une installation facile et une construction robuste pour am\u00e9liorer l\u2019efficacit\u00e9 du travail.<\/p>\n<p data-start=\"4747\" data-end=\"5191\"><strong data-start=\"4747\" data-end=\"4767\">Caract\u00e9ristiques<\/strong><br data-start=\"4767\" data-end=\"4770\" \/><strong data-start=\"4770\" data-end=\"4789\">Nom du produit:<\/strong> Roue de d\u00e9placement 5B Wicke<br data-start=\"4818\" data-end=\"4821\" \/><strong data-start=\"4821\" data-end=\"4842\">Num\u00e9ros de pi\u00e8ce:<\/strong> 0039933826, 0039933800<br data-start=\"4865\" data-end=\"4868\" \/><strong data-start=\"4868\" data-end=\"4879\">Taille:<\/strong> 230\u00d790-45<br data-start=\"4889\" data-end=\"4892\" \/><strong data-start=\"4892\" data-end=\"4901\">Type:<\/strong> 5B<br data-start=\"4904\" data-end=\"4907\" \/><strong data-start=\"4907\" data-end=\"4931\">Longueur de montage:<\/strong> 45 mm<br data-start=\"4937\" data-end=\"4940\" \/><strong data-start=\"4940\" data-end=\"4953\">Mat\u00e9riau:<\/strong> Caoutchouc durable, corps m\u00e9tallique<br data-start=\"4990\" data-end=\"4993\" \/><strong data-start=\"4993\" data-end=\"5009\">Application:<\/strong> Syst\u00e8me de d\u00e9placement pour chariots \u00e9l\u00e9vateurs et machines lourdes<br data-start=\"5077\" data-end=\"5080\" \/><strong data-start=\"5080\" data-end=\"5093\">Avantage:<\/strong> Haute durabilit\u00e9, r\u00e9duction des vibrations, longue dur\u00e9e de vie, installation facile, stabilit\u00e9<\/p>\n<p data-start=\"5193\" data-end=\"5847\">\n","protected":false},"featured_media":12466,"template":"","meta":[],"product_brand":[],"product_cat":[401,404,241,244,246,249,193],"product_tag":[],"class_list":{"0":"post-8482","1":"product","2":"type-product","3":"status-publish","4":"has-post-thumbnail","6":"product_cat-wicke","7":"product_cat-yuruyus-tekeri-wicke","8":"product_cat-still","9":"product_cat-yuruyus-tekeri-still","10":"product_cat-linde","11":"product_cat-yuruyus-tekeri-linde","12":"product_cat-yuruyus-tekeri","14":"first","15":"instock","16":"taxable","17":"shipping-taxable","18":"purchasable","19":"product-type-simple"},"_links":{"self":[{"href":"https:\/\/ceoparts.com\/fr\/wp-json\/wp\/v2\/product\/8482","targetHints":{"allow":["GET"]}}],"collection":[{"href":"https:\/\/ceoparts.com\/fr\/wp-json\/wp\/v2\/product"}],"about":[{"href":"https:\/\/ceoparts.com\/fr\/wp-json\/wp\/v2\/types\/product"}],"wp:featuredmedia":[{"embeddable":true,"href":"https:\/\/ceoparts.com\/fr\/wp-json\/wp\/v2\/media\/12466"}],"wp:attachment":[{"href":"https:\/\/ceoparts.com\/fr\/wp-json\/wp\/v2\/media?parent=8482"}],"wp:term":[{"taxonomy":"product_brand","embeddable":true,"href":"https:\/\/ceoparts.com\/fr\/wp-json\/wp\/v2\/product_brand?post=8482"},{"taxonomy":"product_cat","embeddable":true,"href":"https:\/\/ceoparts.com\/fr\/wp-json\/wp\/v2\/product_cat?post=8482"},{"taxonomy":"product_tag","embeddable":true,"href":"https:\/\/ceoparts.com\/fr\/wp-json\/wp\/v2\/product_tag?post=8482"}],"curies":[{"name":"wp","href":"https:\/\/api.w.org\/{rel}","templated":true}]}}