{"id":8484,"date":"2021-02-15T16:19:10","date_gmt":"2021-02-15T13:19:10","guid":{"rendered":"https:\/\/ceoparts.com\/?post_type=product&#038;p=8484"},"modified":"2026-05-16T12:45:29","modified_gmt":"2026-05-16T09:45:29","slug":"360x130-90-185-24-7b-yuruyus-tekeri","status":"publish","type":"product","link":"https:\/\/ceoparts.com\/fr\/urun\/360x130-90-185-24-7b-yuruyus-tekeri\/","title":{"rendered":"360&#215;130-90 MSL Roue de marche  &#8211; 8428189"},"content":{"rendered":"<p>360&#215;130-90 MSL Roue de marche  &#8211; 8428189<\/p>\n<p>Still FM-X,<\/p>\n<p>STILL FM-XN,<\/p>\n<p>STILL FS-X33<\/p>","protected":false},"excerpt":{"rendered":"<p data-start=\"103\" data-end=\"607\"><br data-start=\"3442\" data-end=\"3445\" \/>La <strong data-start=\"3448\" data-end=\"3496\">Roue de d\u00e9placement 360\u00d7130-90 MSL \u2013 8428189<\/strong> est con\u00e7ue pour les chariots \u00e9l\u00e9vateurs et les machines lourdes, offrant une grande durabilit\u00e9 et performance. Fabriqu\u00e9e avec des mat\u00e9riaux MSL de qualit\u00e9, cette roue de d\u00e9placement assure une longue dur\u00e9e de vie dans des conditions de travail difficiles. Sa surface ext\u00e9rieure en caoutchouc durable et son corps m\u00e9tallique solide r\u00e9duisent les vibrations, am\u00e9liorent le confort de l\u2019op\u00e9rateur et assurent un mouvement \u00e9quilibr\u00e9 de la machine. Un entretien facile et une haute r\u00e9sistance \u00e0 l\u2019usure augmentent l\u2019efficacit\u00e9 du travail.<\/p>\n<p data-start=\"4032\" data-end=\"4405\"><strong data-start=\"4032\" data-end=\"4052\">Caract\u00e9ristiques<\/strong><br data-start=\"4052\" data-end=\"4055\" \/><strong data-start=\"4055\" data-end=\"4074\">Nom du produit:<\/strong> Roue de d\u00e9placement MSL<br data-start=\"4098\" data-end=\"4101\" \/><strong data-start=\"4101\" data-end=\"4121\">Num\u00e9ro de pi\u00e8ce:<\/strong> 8428189<br data-start=\"4129\" data-end=\"4132\" \/><strong data-start=\"4132\" data-end=\"4143\">Taille:<\/strong> 360\u00d7130-90<br data-start=\"4154\" data-end=\"4157\" \/><strong data-start=\"4157\" data-end=\"4170\">Mat\u00e9riau:<\/strong> Caoutchouc durable, corps m\u00e9tallique<br data-start=\"4207\" data-end=\"4210\" \/><strong data-start=\"4210\" data-end=\"4226\">Application:<\/strong> Syst\u00e8me de d\u00e9placement pour chariots \u00e9l\u00e9vateurs et machines lourdes<br data-start=\"4294\" data-end=\"4297\" \/><strong data-start=\"4297\" data-end=\"4310\">Avantage:<\/strong> Haute durabilit\u00e9, r\u00e9duction des vibrations, longue dur\u00e9e de vie, stabilit\u00e9, faible entretien<\/p>\n<p data-start=\"4407\" data-end=\"4966\">\n","protected":false},"featured_media":17209,"template":"","meta":[],"product_brand":[],"product_cat":[397,241,244,395,193],"product_tag":[],"class_list":{"0":"post-8484","1":"product","2":"type-product","3":"status-publish","4":"has-post-thumbnail","6":"product_cat-yuruyus-tekeri-ceo","7":"product_cat-still","8":"product_cat-yuruyus-tekeri-still","9":"product_cat-ceoparts","10":"product_cat-yuruyus-tekeri","12":"first","13":"instock","14":"taxable","15":"shipping-taxable","16":"purchasable","17":"product-type-simple"},"_links":{"self":[{"href":"https:\/\/ceoparts.com\/fr\/wp-json\/wp\/v2\/product\/8484","targetHints":{"allow":["GET"]}}],"collection":[{"href":"https:\/\/ceoparts.com\/fr\/wp-json\/wp\/v2\/product"}],"about":[{"href":"https:\/\/ceoparts.com\/fr\/wp-json\/wp\/v2\/types\/product"}],"wp:featuredmedia":[{"embeddable":true,"href":"https:\/\/ceoparts.com\/fr\/wp-json\/wp\/v2\/media\/17209"}],"wp:attachment":[{"href":"https:\/\/ceoparts.com\/fr\/wp-json\/wp\/v2\/media?parent=8484"}],"wp:term":[{"taxonomy":"product_brand","embeddable":true,"href":"https:\/\/ceoparts.com\/fr\/wp-json\/wp\/v2\/product_brand?post=8484"},{"taxonomy":"product_cat","embeddable":true,"href":"https:\/\/ceoparts.com\/fr\/wp-json\/wp\/v2\/product_cat?post=8484"},{"taxonomy":"product_tag","embeddable":true,"href":"https:\/\/ceoparts.com\/fr\/wp-json\/wp\/v2\/product_tag?post=8484"}],"curies":[{"name":"wp","href":"https:\/\/api.w.org\/{rel}","templated":true}]}}