{"id":8485,"date":"2021-02-15T16:25:40","date_gmt":"2021-02-15T13:25:40","guid":{"rendered":"https:\/\/ceoparts.com\/?post_type=product&#038;p=8485"},"modified":"2026-05-16T15:37:56","modified_gmt":"2026-05-16T12:37:56","slug":"350x140-80-7b-16-24-112-yuruyus-tekeri","status":"publish","type":"product","link":"https:\/\/ceoparts.com\/fr\/urun\/350x140-80-7b-16-24-112-yuruyus-tekeri\/","title":{"rendered":"350&#215;140-80 7B Stellana Roue de marche &#8211; 201332"},"content":{"rendered":"<p>350&#215;140-80 7B Stellana Roue de marche &#8211; 201332<\/p>\n<p>201332\u00a0\u00a0 350&#215;120\/140&#215;80<\/p>\n<p>RRE 140<br \/>\nRRE 140C<br \/>\nRRE 140E<br \/>\nRRE 140EC<br \/>\nRRE 160<br \/>\nRRE 160C<br \/>\nRRE 160E<br \/>\nRRE 160EC<br \/>\nLRE 300<br \/>\nLRE 300T<\/p>","protected":false},"excerpt":{"rendered":"<p data-start=\"110\" data-end=\"681\"><br data-start=\"3926\" data-end=\"3929\" \/>La <strong data-start=\"3932\" data-end=\"3987\">Roue de d\u00e9placement 350\u00d7140-80 7B Stellana \u2013 201332<\/strong> est con\u00e7ue pour les chariots \u00e9l\u00e9vateurs et les machines lourdes, offrant une grande durabilit\u00e9 et des performances sup\u00e9rieures. Fabriqu\u00e9e avec les mat\u00e9riaux de qualit\u00e9 Stellana, cette roue de d\u00e9placement r\u00e9siste aux conditions de travail difficiles et offre une longue dur\u00e9e de vie. Sa structure de type 7B assure stabilit\u00e9 et fiabilit\u00e9. Le corps m\u00e9tallique renforc\u00e9 combin\u00e9 \u00e0 un caoutchouc durable r\u00e9duit les vibrations, am\u00e9liore le confort de l\u2019op\u00e9rateur et assure un mouvement \u00e9quilibr\u00e9 de la machine. Un entretien facile et une haute r\u00e9sistance \u00e0 l\u2019usure soutiennent l\u2019efficacit\u00e9 du travail.<\/p>\n<p data-start=\"4585\" data-end=\"4990\"><strong data-start=\"4585\" data-end=\"4605\">Caract\u00e9ristiques<\/strong><br data-start=\"4605\" data-end=\"4608\" \/><strong data-start=\"4608\" data-end=\"4627\">Nom du produit:<\/strong> Roue de d\u00e9placement 7B Stellana<br data-start=\"4659\" data-end=\"4662\" \/><strong data-start=\"4662\" data-end=\"4682\">Num\u00e9ro de pi\u00e8ce:<\/strong> 201332<br data-start=\"4689\" data-end=\"4692\" \/><strong data-start=\"4692\" data-end=\"4703\">Taille:<\/strong> 350\u00d7140-80<br data-start=\"4714\" data-end=\"4717\" \/><strong data-start=\"4717\" data-end=\"4726\">Type:<\/strong> 7B<br data-start=\"4729\" data-end=\"4732\" \/><strong data-start=\"4732\" data-end=\"4745\">Mat\u00e9riau:<\/strong> Caoutchouc Stellana, corps m\u00e9tallique renforc\u00e9<br data-start=\"4792\" data-end=\"4795\" \/><strong data-start=\"4795\" data-end=\"4811\">Application:<\/strong> Syst\u00e8me de d\u00e9placement pour chariots \u00e9l\u00e9vateurs et machines lourdes<br data-start=\"4879\" data-end=\"4882\" \/><strong data-start=\"4882\" data-end=\"4895\">Avantage:<\/strong> Haute durabilit\u00e9, r\u00e9duction des vibrations, longue dur\u00e9e de vie, stabilit\u00e9, faible entretien<\/p>\n<p data-start=\"4992\" data-end=\"5625\">\n","protected":false},"featured_media":11527,"template":"","meta":[],"product_brand":[],"product_cat":[416,418,193],"product_tag":[],"class_list":{"0":"post-8485","1":"product","2":"type-product","3":"status-publish","4":"has-post-thumbnail","6":"product_cat-stellana","7":"product_cat-yuruyus-tekeri-stellana","8":"product_cat-yuruyus-tekeri","10":"first","11":"instock","12":"taxable","13":"shipping-taxable","14":"purchasable","15":"product-type-simple"},"_links":{"self":[{"href":"https:\/\/ceoparts.com\/fr\/wp-json\/wp\/v2\/product\/8485","targetHints":{"allow":["GET"]}}],"collection":[{"href":"https:\/\/ceoparts.com\/fr\/wp-json\/wp\/v2\/product"}],"about":[{"href":"https:\/\/ceoparts.com\/fr\/wp-json\/wp\/v2\/types\/product"}],"wp:featuredmedia":[{"embeddable":true,"href":"https:\/\/ceoparts.com\/fr\/wp-json\/wp\/v2\/media\/11527"}],"wp:attachment":[{"href":"https:\/\/ceoparts.com\/fr\/wp-json\/wp\/v2\/media?parent=8485"}],"wp:term":[{"taxonomy":"product_brand","embeddable":true,"href":"https:\/\/ceoparts.com\/fr\/wp-json\/wp\/v2\/product_brand?post=8485"},{"taxonomy":"product_cat","embeddable":true,"href":"https:\/\/ceoparts.com\/fr\/wp-json\/wp\/v2\/product_cat?post=8485"},{"taxonomy":"product_tag","embeddable":true,"href":"https:\/\/ceoparts.com\/fr\/wp-json\/wp\/v2\/product_tag?post=8485"}],"curies":[{"name":"wp","href":"https:\/\/api.w.org\/{rel}","templated":true}]}}