{"id":8486,"date":"2021-02-15T16:27:02","date_gmt":"2021-02-15T13:27:02","guid":{"rendered":"https:\/\/ceoparts.com\/?post_type=product&#038;p=8486"},"modified":"2026-05-16T17:33:34","modified_gmt":"2026-05-16T14:33:34","slug":"350x140-80-6b-185-24-112-yuruyus-tekeri","status":"publish","type":"product","link":"https:\/\/ceoparts.com\/fr\/urun\/350x140-80-6b-185-24-112-yuruyus-tekeri\/","title":{"rendered":"350&#215;140-90 Stellana Vulkollan Roue motrice \u00e0 t\u00eate frais\u00e9e &#8211; 7594123"},"content":{"rendered":"<p>350&#215;140-90 Stellana Vulkollan Roue motrice \u00e0 t\u00eate frais\u00e9e &#8211; 7594123<\/p>","protected":false},"excerpt":{"rendered":"<p data-start=\"126\" data-end=\"663\"><br data-start=\"4041\" data-end=\"4044\" \/>La <strong data-start=\"4047\" data-end=\"4121\">Roue de d\u00e9placement 350\u00d7140-90 Stellana Vulkollan \u00e0 fraisure \u2013 7594123<\/strong> est con\u00e7ue pour les chariots \u00e9l\u00e9vateurs et les machines lourdes, offrant une grande durabilit\u00e9 et des performances sup\u00e9rieures. Fabriqu\u00e9e en Stellana Vulkollan, elle assure une excellente r\u00e9sistance \u00e0 l\u2019usure et une \u00e9lasticit\u00e9 remarquable. Sa conception \u00e0 fraisure garantit une forte adh\u00e9rence et une grande stabilit\u00e9, assurant une conduite s\u00fbre m\u00eame sur terrains accident\u00e9s. Son corps m\u00e9tallique renforc\u00e9 r\u00e9duit les vibrations pour am\u00e9liorer le confort de l\u2019op\u00e9rateur. Sa longue dur\u00e9e de vie et son entretien facile favorisent l\u2019efficacit\u00e9 du travail.<\/p>\n<p data-start=\"4676\" data-end=\"5134\"><strong data-start=\"4676\" data-end=\"4696\">Caract\u00e9ristiques<\/strong><br data-start=\"4696\" data-end=\"4699\" \/><strong data-start=\"4699\" data-end=\"4718\">Nom du produit:<\/strong> Roue de d\u00e9placement Stellana Vulkollan \u00e0 fraisure<br data-start=\"4768\" data-end=\"4771\" \/><strong data-start=\"4771\" data-end=\"4791\">Num\u00e9ro de pi\u00e8ce:<\/strong> 7594123<br data-start=\"4799\" data-end=\"4802\" \/><strong data-start=\"4802\" data-end=\"4813\">Taille:<\/strong> 350\u00d7140-90<br data-start=\"4824\" data-end=\"4827\" \/><strong data-start=\"4827\" data-end=\"4840\">Mat\u00e9riau:<\/strong> Stellana Vulkollan, corps m\u00e9tallique renforc\u00e9<br data-start=\"4886\" data-end=\"4889\" \/><strong data-start=\"4889\" data-end=\"4905\">Application:<\/strong> Syst\u00e8me de d\u00e9placement pour chariots \u00e9l\u00e9vateurs et machines lourdes<br data-start=\"4973\" data-end=\"4976\" \/><strong data-start=\"4976\" data-end=\"4989\">Avantage:<\/strong> Haute r\u00e9sistance \u00e0 l\u2019usure, excellente \u00e9lasticit\u00e9, forte adh\u00e9rence, stabilit\u00e9, r\u00e9duction des vibrations, longue dur\u00e9e de vie, faible entretien<\/p>\n<p data-start=\"5136\" data-end=\"5726\">\n","protected":false},"featured_media":17208,"template":"","meta":[],"product_brand":[],"product_cat":[193,416,418],"product_tag":[],"class_list":{"0":"post-8486","1":"product","2":"type-product","3":"status-publish","4":"has-post-thumbnail","6":"product_cat-yuruyus-tekeri","7":"product_cat-stellana","8":"product_cat-yuruyus-tekeri-stellana","10":"first","11":"instock","12":"taxable","13":"shipping-taxable","14":"purchasable","15":"product-type-simple"},"_links":{"self":[{"href":"https:\/\/ceoparts.com\/fr\/wp-json\/wp\/v2\/product\/8486","targetHints":{"allow":["GET"]}}],"collection":[{"href":"https:\/\/ceoparts.com\/fr\/wp-json\/wp\/v2\/product"}],"about":[{"href":"https:\/\/ceoparts.com\/fr\/wp-json\/wp\/v2\/types\/product"}],"wp:featuredmedia":[{"embeddable":true,"href":"https:\/\/ceoparts.com\/fr\/wp-json\/wp\/v2\/media\/17208"}],"wp:attachment":[{"href":"https:\/\/ceoparts.com\/fr\/wp-json\/wp\/v2\/media?parent=8486"}],"wp:term":[{"taxonomy":"product_brand","embeddable":true,"href":"https:\/\/ceoparts.com\/fr\/wp-json\/wp\/v2\/product_brand?post=8486"},{"taxonomy":"product_cat","embeddable":true,"href":"https:\/\/ceoparts.com\/fr\/wp-json\/wp\/v2\/product_cat?post=8486"},{"taxonomy":"product_tag","embeddable":true,"href":"https:\/\/ceoparts.com\/fr\/wp-json\/wp\/v2\/product_tag?post=8486"}],"curies":[{"name":"wp","href":"https:\/\/api.w.org\/{rel}","templated":true}]}}