{"id":8488,"date":"2021-02-15T22:18:36","date_gmt":"2021-02-15T19:18:36","guid":{"rendered":"https:\/\/ceoparts.com\/?post_type=product&#038;p=8488"},"modified":"2026-05-16T14:59:32","modified_gmt":"2026-05-16T11:59:32","slug":"230x126-yuruyus-tekeri","status":"publish","type":"product","link":"https:\/\/ceoparts.com\/fr\/urun\/230x126-yuruyus-tekeri\/","title":{"rendered":"230&#215;126 Roue de marche"},"content":{"rendered":"<p>230&#215;126 Roue de marche<\/p>","protected":false},"excerpt":{"rendered":"<p data-start=\"86\" data-end=\"498\"><br data-start=\"2999\" data-end=\"3002\" \/>La <strong data-start=\"3005\" data-end=\"3036\">Roue de d\u00e9placement 230\u00d7126<\/strong> convient aux chariots \u00e9l\u00e9vateurs et machines lourdes, offrant une structure robuste et une grande durabilit\u00e9 pour une utilisation longue dur\u00e9e. Fabriqu\u00e9e en caoutchouc durable et m\u00e9tal, elle offre des performances sup\u00e9rieures dans des conditions de travail difficiles. Elle r\u00e9duit les vibrations pour am\u00e9liorer le confort de l\u2019op\u00e9rateur et assure un mouvement \u00e9quilibr\u00e9 de la machine. Un entretien facile favorise l\u2019efficacit\u00e9 du travail.<\/p>\n<p data-start=\"3477\" data-end=\"3822\"><strong data-start=\"3477\" data-end=\"3497\">Caract\u00e9ristiques<\/strong><br data-start=\"3497\" data-end=\"3500\" \/><strong data-start=\"3500\" data-end=\"3519\">Nom du produit:<\/strong> Roue de d\u00e9placement<br data-start=\"3539\" data-end=\"3542\" \/><strong data-start=\"3542\" data-end=\"3553\">Taille:<\/strong> 230\u00d7126<br data-start=\"3561\" data-end=\"3564\" \/><strong data-start=\"3564\" data-end=\"3577\">Mat\u00e9riau:<\/strong> Caoutchouc durable, corps m\u00e9tallique<br data-start=\"3614\" data-end=\"3617\" \/><strong data-start=\"3617\" data-end=\"3633\">Application:<\/strong> Syst\u00e8me de d\u00e9placement pour chariots \u00e9l\u00e9vateurs et machines lourdes<br data-start=\"3701\" data-end=\"3704\" \/><strong data-start=\"3704\" data-end=\"3717\">Avantage:<\/strong> Haute r\u00e9sistance \u00e0 l\u2019usure, r\u00e9duction des vibrations, longue dur\u00e9e de vie, faible entretien, stabilit\u00e9<\/p>\n<p data-start=\"3824\" data-end=\"4269\">\n","protected":false},"featured_media":17668,"template":"","meta":[],"product_brand":[],"product_cat":[193],"product_tag":[],"class_list":{"0":"post-8488","1":"product","2":"type-product","3":"status-publish","4":"has-post-thumbnail","6":"product_cat-yuruyus-tekeri","8":"first","9":"instock","10":"taxable","11":"shipping-taxable","12":"purchasable","13":"product-type-simple"},"_links":{"self":[{"href":"https:\/\/ceoparts.com\/fr\/wp-json\/wp\/v2\/product\/8488","targetHints":{"allow":["GET"]}}],"collection":[{"href":"https:\/\/ceoparts.com\/fr\/wp-json\/wp\/v2\/product"}],"about":[{"href":"https:\/\/ceoparts.com\/fr\/wp-json\/wp\/v2\/types\/product"}],"wp:featuredmedia":[{"embeddable":true,"href":"https:\/\/ceoparts.com\/fr\/wp-json\/wp\/v2\/media\/17668"}],"wp:attachment":[{"href":"https:\/\/ceoparts.com\/fr\/wp-json\/wp\/v2\/media?parent=8488"}],"wp:term":[{"taxonomy":"product_brand","embeddable":true,"href":"https:\/\/ceoparts.com\/fr\/wp-json\/wp\/v2\/product_brand?post=8488"},{"taxonomy":"product_cat","embeddable":true,"href":"https:\/\/ceoparts.com\/fr\/wp-json\/wp\/v2\/product_cat?post=8488"},{"taxonomy":"product_tag","embeddable":true,"href":"https:\/\/ceoparts.com\/fr\/wp-json\/wp\/v2\/product_tag?post=8488"}],"curies":[{"name":"wp","href":"https:\/\/api.w.org\/{rel}","templated":true}]}}