{"id":8489,"date":"2021-02-15T22:28:25","date_gmt":"2021-02-15T19:28:25","guid":{"rendered":"https:\/\/ceoparts.com\/?post_type=product&#038;p=8489"},"modified":"2026-05-02T17:35:11","modified_gmt":"2026-05-02T14:35:11","slug":"250x70-825-45-5b-14-20-70-yuruyus-tekeri","status":"publish","type":"product","link":"https:\/\/ceoparts.com\/fr\/urun\/250x70-825-45-5b-14-20-70-yuruyus-tekeri\/","title":{"rendered":"250&#215;70\/82,5-45 5B 14\/20 Roue de marche"},"content":{"rendered":"<p>250&#215;70\/82,5-45 5B 14\/20 Roue de marche<\/p>","protected":false},"excerpt":{"rendered":"<p data-start=\"102\" data-end=\"536\"><br data-start=\"3354\" data-end=\"3357\" \/>La <strong data-start=\"3360\" data-end=\"3407\">Roue de d\u00e9placement 250\u00d770\/82,5-45 5B 14\/20<\/strong> est sp\u00e9cialement fabriqu\u00e9e pour les chariots \u00e9l\u00e9vateurs et les machines lourdes, offrant une durabilit\u00e9 et des performances sup\u00e9rieures. Avec sa structure de type 5B et ses dimensions 14\/20, elle constitue une solution robuste adapt\u00e9e aux conditions de travail difficiles. La combinaison caoutchouc et m\u00e9tal offre une haute r\u00e9sistance \u00e0 l\u2019usure et r\u00e9duit les vibrations pour am\u00e9liorer le confort de l\u2019op\u00e9rateur. Une longue dur\u00e9e de vie et un entretien facile soutiennent l\u2019efficacit\u00e9 du travail.<\/p>\n<p data-start=\"3905\" data-end=\"4293\"><strong data-start=\"3905\" data-end=\"3925\">Caract\u00e9ristiques<\/strong><br data-start=\"3925\" data-end=\"3928\" \/><strong data-start=\"3928\" data-end=\"3947\">Nom du produit:<\/strong> Roue de d\u00e9placement 5B 14\/20<br data-start=\"3976\" data-end=\"3979\" \/><strong data-start=\"3979\" data-end=\"3990\">Taille:<\/strong> 250\u00d770\/82,5-45<br data-start=\"4005\" data-end=\"4008\" \/><strong data-start=\"4008\" data-end=\"4017\">Type:<\/strong> 5B<br data-start=\"4020\" data-end=\"4023\" \/><strong data-start=\"4023\" data-end=\"4037\">Dimension:<\/strong> 14\/20<br data-start=\"4043\" data-end=\"4046\" \/><strong data-start=\"4046\" data-end=\"4059\">Mat\u00e9riau:<\/strong> Caoutchouc durable, m\u00e9tal<br data-start=\"4085\" data-end=\"4088\" \/><strong data-start=\"4088\" data-end=\"4104\">Application:<\/strong> Syst\u00e8me de d\u00e9placement pour chariots \u00e9l\u00e9vateurs et machines lourdes<br data-start=\"4172\" data-end=\"4175\" \/><strong data-start=\"4175\" data-end=\"4188\">Avantage:<\/strong> Haute r\u00e9sistance \u00e0 l\u2019usure, r\u00e9duction des vibrations, longue dur\u00e9e de vie, faible entretien, stabilit\u00e9<\/p>\n<p data-start=\"4295\" data-end=\"4784\">\n","protected":false},"featured_media":17670,"template":"","meta":[],"product_brand":[],"product_cat":[193],"product_tag":[],"class_list":{"0":"post-8489","1":"product","2":"type-product","3":"status-publish","4":"has-post-thumbnail","6":"product_cat-yuruyus-tekeri","8":"first","9":"instock","10":"taxable","11":"shipping-taxable","12":"purchasable","13":"product-type-simple"},"_links":{"self":[{"href":"https:\/\/ceoparts.com\/fr\/wp-json\/wp\/v2\/product\/8489","targetHints":{"allow":["GET"]}}],"collection":[{"href":"https:\/\/ceoparts.com\/fr\/wp-json\/wp\/v2\/product"}],"about":[{"href":"https:\/\/ceoparts.com\/fr\/wp-json\/wp\/v2\/types\/product"}],"wp:featuredmedia":[{"embeddable":true,"href":"https:\/\/ceoparts.com\/fr\/wp-json\/wp\/v2\/media\/17670"}],"wp:attachment":[{"href":"https:\/\/ceoparts.com\/fr\/wp-json\/wp\/v2\/media?parent=8489"}],"wp:term":[{"taxonomy":"product_brand","embeddable":true,"href":"https:\/\/ceoparts.com\/fr\/wp-json\/wp\/v2\/product_brand?post=8489"},{"taxonomy":"product_cat","embeddable":true,"href":"https:\/\/ceoparts.com\/fr\/wp-json\/wp\/v2\/product_cat?post=8489"},{"taxonomy":"product_tag","embeddable":true,"href":"https:\/\/ceoparts.com\/fr\/wp-json\/wp\/v2\/product_tag?post=8489"}],"curies":[{"name":"wp","href":"https:\/\/api.w.org\/{rel}","templated":true}]}}