{"id":8493,"date":"2021-02-15T22:52:18","date_gmt":"2021-02-15T19:52:18","guid":{"rendered":"https:\/\/ceoparts.com\/?post_type=product&#038;p=8493"},"modified":"2026-05-16T18:39:36","modified_gmt":"2026-05-16T15:39:36","slug":"250x75-84-45-yuruyus-tekeri","status":"publish","type":"product","link":"https:\/\/ceoparts.com\/fr\/urun\/250x75-84-45-yuruyus-tekeri\/","title":{"rendered":"250&#215;75\/84-45 MSL Roue de marche"},"content":{"rendered":"<p>250&#215;75\/84-45 MSL Roue de marche<\/p>\n<p>Hyster\u00a0\/\u00a0Yale 582042236<\/p>\n<p>Hyster P 1.6\u00a0 A418<\/p>","protected":false},"excerpt":{"rendered":"<p data-start=\"95\" data-end=\"563\"><br data-start=\"3345\" data-end=\"3348\" \/>La <strong data-start=\"3351\" data-end=\"3391\">Roue de d\u00e9placement 250\u00d775\/84-45 MSL<\/strong> est con\u00e7ue pour les chariots \u00e9l\u00e9vateurs et les machines lourdes, offrant une grande durabilit\u00e9 et des performances sup\u00e9rieures. Fabriqu\u00e9e en mat\u00e9riau MSL, cette roue de d\u00e9placement est r\u00e9sistante \u00e0 l\u2019usure et garantit une longue dur\u00e9e de vie dans des conditions de travail difficiles. Son corps m\u00e9tallique renforc\u00e9 r\u00e9duit les vibrations pour am\u00e9liorer le confort de l\u2019op\u00e9rateur. Elle assure un mouvement \u00e9quilibr\u00e9 de la machine avec une grande stabilit\u00e9. Sa facilit\u00e9 d\u2019entretien favorise l\u2019efficacit\u00e9 du travail.<\/p>\n<p data-start=\"3906\" data-end=\"4284\"><strong data-start=\"3906\" data-end=\"3926\">Caract\u00e9ristiques<\/strong><br data-start=\"3926\" data-end=\"3929\" \/><strong data-start=\"3929\" data-end=\"3948\">Nom du produit:<\/strong> Roue de d\u00e9placement MSL<br data-start=\"3972\" data-end=\"3975\" \/><strong data-start=\"3975\" data-end=\"3986\">Taille:<\/strong> 250\u00d775\/84-45<br data-start=\"3999\" data-end=\"4002\" \/><strong data-start=\"4002\" data-end=\"4015\">Mat\u00e9riau:<\/strong> MSL (caoutchouc haute durabilit\u00e9), corps m\u00e9tallique renforc\u00e9<br data-start=\"4076\" data-end=\"4079\" \/><strong data-start=\"4079\" data-end=\"4095\">Application:<\/strong> Syst\u00e8me de d\u00e9placement pour chariots \u00e9l\u00e9vateurs et machines lourdes<br data-start=\"4163\" data-end=\"4166\" \/><strong data-start=\"4166\" data-end=\"4179\">Avantage:<\/strong> Haute r\u00e9sistance \u00e0 l\u2019usure, r\u00e9duction des vibrations, longue dur\u00e9e de vie, stabilit\u00e9, faible entretien<\/p>\n<p data-start=\"4286\" data-end=\"4789\">\n","protected":false},"featured_media":11276,"template":"","meta":[],"product_brand":[],"product_cat":[256,260,395,397,193],"product_tag":[],"class_list":{"0":"post-8493","1":"product","2":"type-product","3":"status-publish","4":"has-post-thumbnail","6":"product_cat-hyster","7":"product_cat-yuruyus-tekeri-hyster","8":"product_cat-ceoparts","9":"product_cat-yuruyus-tekeri-ceo","10":"product_cat-yuruyus-tekeri","12":"first","13":"instock","14":"taxable","15":"shipping-taxable","16":"purchasable","17":"product-type-simple"},"_links":{"self":[{"href":"https:\/\/ceoparts.com\/fr\/wp-json\/wp\/v2\/product\/8493","targetHints":{"allow":["GET"]}}],"collection":[{"href":"https:\/\/ceoparts.com\/fr\/wp-json\/wp\/v2\/product"}],"about":[{"href":"https:\/\/ceoparts.com\/fr\/wp-json\/wp\/v2\/types\/product"}],"wp:featuredmedia":[{"embeddable":true,"href":"https:\/\/ceoparts.com\/fr\/wp-json\/wp\/v2\/media\/11276"}],"wp:attachment":[{"href":"https:\/\/ceoparts.com\/fr\/wp-json\/wp\/v2\/media?parent=8493"}],"wp:term":[{"taxonomy":"product_brand","embeddable":true,"href":"https:\/\/ceoparts.com\/fr\/wp-json\/wp\/v2\/product_brand?post=8493"},{"taxonomy":"product_cat","embeddable":true,"href":"https:\/\/ceoparts.com\/fr\/wp-json\/wp\/v2\/product_cat?post=8493"},{"taxonomy":"product_tag","embeddable":true,"href":"https:\/\/ceoparts.com\/fr\/wp-json\/wp\/v2\/product_tag?post=8493"}],"curies":[{"name":"wp","href":"https:\/\/api.w.org\/{rel}","templated":true}]}}