{"id":8496,"date":"2021-02-15T22:58:13","date_gmt":"2021-02-15T19:58:13","guid":{"rendered":"https:\/\/ceoparts.com\/?post_type=product&#038;p=8496"},"modified":"2026-05-16T15:09:07","modified_gmt":"2026-05-16T12:09:07","slug":"250x105-80-5b-16-24-112-yuruyus-tekeri","status":"publish","type":"product","link":"https:\/\/ceoparts.com\/fr\/urun\/250x105-80-5b-16-24-112-yuruyus-tekeri\/","title":{"rendered":"250&#215;105-80 Vulkoprin Roue de marche &#8211; 135161"},"content":{"rendered":"<p>250&#215;105-80 Vulkoprin Roue de marche &#8211; 135161<\/p>","protected":false},"excerpt":{"rendered":"<p data-start=\"108\" data-end=\"542\"><br data-start=\"3276\" data-end=\"3279\" \/>La <strong data-start=\"3282\" data-end=\"3335\">Roue de d\u00e9placement 250\u00d7105-80 Vulkoprin \u2013 135161<\/strong> est con\u00e7ue pour les chariots \u00e9l\u00e9vateurs et les machines lourdes, offrant une durabilit\u00e9 et des performances sup\u00e9rieures. Gr\u00e2ce au mat\u00e9riau Vulkoprin, elle assure une haute r\u00e9sistance \u00e0 l\u2019usure et une excellente stabilit\u00e9 lat\u00e9rale. Son corps m\u00e9tallique robuste r\u00e9siste aux conditions de travail difficiles. Elle r\u00e9duit les vibrations pour am\u00e9liorer le confort de l\u2019op\u00e9rateur et garantit une longue dur\u00e9e de vie. Sa facilit\u00e9 d\u2019entretien favorise l\u2019efficacit\u00e9 du travail.<\/p>\n<p data-start=\"3806\" data-end=\"4180\"><strong data-start=\"3806\" data-end=\"3826\">Caract\u00e9ristiques<\/strong><br data-start=\"3826\" data-end=\"3829\" \/><strong data-start=\"3829\" data-end=\"3848\">Nom du produit:<\/strong> Roue de d\u00e9placement Vulkoprin<br data-start=\"3878\" data-end=\"3881\" \/><strong data-start=\"3881\" data-end=\"3901\">Num\u00e9ro de pi\u00e8ce:<\/strong> 135161<br data-start=\"3908\" data-end=\"3911\" \/><strong data-start=\"3911\" data-end=\"3924\">Mat\u00e9riau:<\/strong> Vulkoprin, corps m\u00e9tallique renforc\u00e9<br data-start=\"3961\" data-end=\"3964\" \/><strong data-start=\"3964\" data-end=\"3980\">Application:<\/strong> Syst\u00e8me de d\u00e9placement pour chariots \u00e9l\u00e9vateurs et machines lourdes<br data-start=\"4048\" data-end=\"4051\" \/><strong data-start=\"4051\" data-end=\"4064\">Avantage:<\/strong> Haute r\u00e9sistance \u00e0 l\u2019usure, excellente stabilit\u00e9, r\u00e9duction des vibrations, longue dur\u00e9e de vie, faible entretien<\/p>\n<p data-start=\"4182\" data-end=\"4663\">\n","protected":false},"featured_media":11296,"template":"","meta":[],"product_brand":[],"product_cat":[193],"product_tag":[],"class_list":{"0":"post-8496","1":"product","2":"type-product","3":"status-publish","4":"has-post-thumbnail","6":"product_cat-yuruyus-tekeri","8":"first","9":"instock","10":"taxable","11":"shipping-taxable","12":"purchasable","13":"product-type-simple"},"_links":{"self":[{"href":"https:\/\/ceoparts.com\/fr\/wp-json\/wp\/v2\/product\/8496","targetHints":{"allow":["GET"]}}],"collection":[{"href":"https:\/\/ceoparts.com\/fr\/wp-json\/wp\/v2\/product"}],"about":[{"href":"https:\/\/ceoparts.com\/fr\/wp-json\/wp\/v2\/types\/product"}],"wp:featuredmedia":[{"embeddable":true,"href":"https:\/\/ceoparts.com\/fr\/wp-json\/wp\/v2\/media\/11296"}],"wp:attachment":[{"href":"https:\/\/ceoparts.com\/fr\/wp-json\/wp\/v2\/media?parent=8496"}],"wp:term":[{"taxonomy":"product_brand","embeddable":true,"href":"https:\/\/ceoparts.com\/fr\/wp-json\/wp\/v2\/product_brand?post=8496"},{"taxonomy":"product_cat","embeddable":true,"href":"https:\/\/ceoparts.com\/fr\/wp-json\/wp\/v2\/product_cat?post=8496"},{"taxonomy":"product_tag","embeddable":true,"href":"https:\/\/ceoparts.com\/fr\/wp-json\/wp\/v2\/product_tag?post=8496"}],"curies":[{"name":"wp","href":"https:\/\/api.w.org\/{rel}","templated":true}]}}