{"id":8499,"date":"2021-02-15T23:04:16","date_gmt":"2021-02-15T20:04:16","guid":{"rendered":"https:\/\/ceoparts.com\/?post_type=product&#038;p=8499"},"modified":"2026-05-16T14:22:49","modified_gmt":"2026-05-16T11:22:49","slug":"310x120-80-5b-16-24-112-yuruyus-tekeri","status":"publish","type":"product","link":"https:\/\/ceoparts.com\/fr\/urun\/310x120-80-5b-16-24-112-yuruyus-tekeri\/","title":{"rendered":"Roue Motrice 310&#215;120-80 5B Stellana \u2013 241752"},"content":{"rendered":"<p>Roue Motrice 310&#215;120-80 5B Stellana \u2013 241752<\/p>\n<p>BT 241752<\/p>\n<p>RRE120M<\/p>\n<p>RRE120MCRRE140M<\/p>\n<p>RRE140MC<\/p>\n<p>RRE160M<\/p>\n<p>RRE160MC<\/p>","protected":false},"excerpt":{"rendered":"<p data-start=\"120\" data-end=\"535\"><br data-start=\"3190\" data-end=\"3193\" \/>La <strong data-start=\"3196\" data-end=\"3261\">Roue de d\u00e9placement 310\u00d7120-80 5B Stellana Vulkollan \u2013 241752<\/strong> est sp\u00e9cialement con\u00e7ue pour les chariots \u00e9l\u00e9vateurs et les machines lourdes, offrant une r\u00e9sistance sup\u00e9rieure \u00e0 l\u2019usure et une excellente stabilit\u00e9. Gr\u00e2ce au mat\u00e9riau Vulkollan, elle assure une longue dur\u00e9e de vie et r\u00e9siste aux conditions de travail difficiles. Son corps m\u00e9tallique renforc\u00e9 r\u00e9duit les vibrations pour am\u00e9liorer le confort de l\u2019op\u00e9rateur. Facile \u00e0 entretenir, elle soutient l\u2019efficacit\u00e9 du travail.<\/p>\n<p data-start=\"3682\" data-end=\"4056\"><strong data-start=\"3682\" data-end=\"3702\">Caract\u00e9ristiques<\/strong><br data-start=\"3702\" data-end=\"3705\" \/><strong data-start=\"3705\" data-end=\"3724\">Nom du produit:<\/strong> Roue de d\u00e9placement Vulkollan<br data-start=\"3754\" data-end=\"3757\" \/><strong data-start=\"3757\" data-end=\"3777\">Num\u00e9ro de pi\u00e8ce:<\/strong> 241752<br data-start=\"3784\" data-end=\"3787\" \/><strong data-start=\"3787\" data-end=\"3800\">Mat\u00e9riau:<\/strong> Vulkollan, corps m\u00e9tallique renforc\u00e9<br data-start=\"3837\" data-end=\"3840\" \/><strong data-start=\"3840\" data-end=\"3856\">Application:<\/strong> Syst\u00e8me de d\u00e9placement pour chariots \u00e9l\u00e9vateurs et machines lourdes<br data-start=\"3924\" data-end=\"3927\" \/><strong data-start=\"3927\" data-end=\"3940\">Avantage:<\/strong> Haute r\u00e9sistance \u00e0 l\u2019usure, excellente stabilit\u00e9, r\u00e9duction des vibrations, longue dur\u00e9e de vie, faible entretien<\/p>\n<p data-start=\"4058\" data-end=\"4497\">\n","protected":false},"featured_media":16827,"template":"","meta":[],"product_brand":[],"product_cat":[251,254,416,418,193],"product_tag":[],"class_list":{"0":"post-8499","1":"product","2":"type-product","3":"status-publish","4":"has-post-thumbnail","6":"product_cat-bt","7":"product_cat-yuruyus-tekeri-bt","8":"product_cat-stellana","9":"product_cat-yuruyus-tekeri-stellana","10":"product_cat-yuruyus-tekeri","12":"first","13":"instock","14":"taxable","15":"shipping-taxable","16":"purchasable","17":"product-type-simple"},"_links":{"self":[{"href":"https:\/\/ceoparts.com\/fr\/wp-json\/wp\/v2\/product\/8499","targetHints":{"allow":["GET"]}}],"collection":[{"href":"https:\/\/ceoparts.com\/fr\/wp-json\/wp\/v2\/product"}],"about":[{"href":"https:\/\/ceoparts.com\/fr\/wp-json\/wp\/v2\/types\/product"}],"wp:featuredmedia":[{"embeddable":true,"href":"https:\/\/ceoparts.com\/fr\/wp-json\/wp\/v2\/media\/16827"}],"wp:attachment":[{"href":"https:\/\/ceoparts.com\/fr\/wp-json\/wp\/v2\/media?parent=8499"}],"wp:term":[{"taxonomy":"product_brand","embeddable":true,"href":"https:\/\/ceoparts.com\/fr\/wp-json\/wp\/v2\/product_brand?post=8499"},{"taxonomy":"product_cat","embeddable":true,"href":"https:\/\/ceoparts.com\/fr\/wp-json\/wp\/v2\/product_cat?post=8499"},{"taxonomy":"product_tag","embeddable":true,"href":"https:\/\/ceoparts.com\/fr\/wp-json\/wp\/v2\/product_tag?post=8499"}],"curies":[{"name":"wp","href":"https:\/\/api.w.org\/{rel}","templated":true}]}}