{"id":8501,"date":"2021-02-15T23:05:32","date_gmt":"2021-02-15T20:05:32","guid":{"rendered":"https:\/\/ceoparts.com\/?post_type=product&#038;p=8501"},"modified":"2026-05-16T21:35:27","modified_gmt":"2026-05-16T18:35:27","slug":"310x120-80-7b-16-24-112-yuruyus-tekeri","status":"publish","type":"product","link":"https:\/\/ceoparts.com\/fr\/urun\/310x120-80-7b-16-24-112-yuruyus-tekeri\/","title":{"rendered":"310&#215;120-80 7B Stellana Vulkollan Roue de marche &#8211; 151991 ,220400"},"content":{"rendered":"<p>310&#215;120-80 7B Stellana Vulkollan Roue de marche &#8211; 151991 ,220400<\/p>\n<p>RR B1-B3 REFLEX AC<br \/>\nRR B1CC-3CC<br \/>\nRR B2<br \/>\nRR E1-E3 REFLEX AC<br \/>\nRR E1-E3 REFLEX DC<br \/>\nRR E1CC-E3CC<br \/>\nRR E2<br \/>\nRR M1-3REFLEX AC\/DC<br \/>\nRR M12 REFLEX<br \/>\nRR M12C REFLEX<br \/>\nRR M14 REFLEX<br \/>\nRR M14C REFLEX<br \/>\nRR M16<br \/>\nRR M16C<br \/>\nRR M1C-3C REFLEX AC\/DC<br \/>\nRR 4-6 REFLEX AC\/DC<br \/>\nRR 4C-6C REFLEX AC\/DC<br \/>\nRR N1-N3 REFLEX AC<br \/>\nRR N1-N3 REFLEX DC<\/p>","protected":false},"excerpt":{"rendered":"<p data-start=\"128\" data-end=\"587\"><br data-start=\"3379\" data-end=\"3382\" \/>La <strong data-start=\"3385\" data-end=\"3458\">Roue de d\u00e9placement 310\u00d7120-80 7B Stellana Vulkollan \u2013 151991, 220400<\/strong> est con\u00e7ue pour les chariots \u00e9l\u00e9vateurs et les machines lourdes, offrant une durabilit\u00e9 sup\u00e9rieure et des performances \u00e9lev\u00e9es. Gr\u00e2ce au mat\u00e9riau Vulkollan, elle assure une excellente r\u00e9sistance \u00e0 l\u2019usure et une stabilit\u00e9 lat\u00e9rale optimale. Avec un corps m\u00e9tallique renforc\u00e9, cette roue de d\u00e9placement r\u00e9siste aux conditions de travail difficiles tout en minimisant les vibrations pour am\u00e9liorer le confort de l\u2019op\u00e9rateur. Sa facilit\u00e9 d\u2019entretien favorise l\u2019efficacit\u00e9 du travail.<\/p>\n<p data-start=\"3941\" data-end=\"4323\"><strong data-start=\"3941\" data-end=\"3961\">Caract\u00e9ristiques<\/strong><br data-start=\"3961\" data-end=\"3964\" \/><strong data-start=\"3964\" data-end=\"3983\">Nom du produit:<\/strong> Roue de d\u00e9placement Vulkollan<br data-start=\"4013\" data-end=\"4016\" \/><strong data-start=\"4016\" data-end=\"4036\">Num\u00e9ro de pi\u00e8ce:<\/strong> 151991, 220400<br data-start=\"4051\" data-end=\"4054\" \/><strong data-start=\"4054\" data-end=\"4067\">Mat\u00e9riau:<\/strong> Vulkollan, corps m\u00e9tallique renforc\u00e9<br data-start=\"4104\" data-end=\"4107\" \/><strong data-start=\"4107\" data-end=\"4123\">Application:<\/strong> Syst\u00e8me de d\u00e9placement pour chariots \u00e9l\u00e9vateurs et machines lourdes<br data-start=\"4191\" data-end=\"4194\" \/><strong data-start=\"4194\" data-end=\"4207\">Avantage:<\/strong> Haute r\u00e9sistance \u00e0 l\u2019usure, excellente stabilit\u00e9, r\u00e9duction des vibrations, longue dur\u00e9e de vie, faible entretien<\/p>\n<p data-start=\"4325\" data-end=\"4839\">\n","protected":false},"featured_media":16789,"template":"","meta":[],"product_brand":[],"product_cat":[416,418,193],"product_tag":[],"class_list":{"0":"post-8501","1":"product","2":"type-product","3":"status-publish","4":"has-post-thumbnail","6":"product_cat-stellana","7":"product_cat-yuruyus-tekeri-stellana","8":"product_cat-yuruyus-tekeri","10":"first","11":"instock","12":"taxable","13":"shipping-taxable","14":"purchasable","15":"product-type-simple"},"_links":{"self":[{"href":"https:\/\/ceoparts.com\/fr\/wp-json\/wp\/v2\/product\/8501","targetHints":{"allow":["GET"]}}],"collection":[{"href":"https:\/\/ceoparts.com\/fr\/wp-json\/wp\/v2\/product"}],"about":[{"href":"https:\/\/ceoparts.com\/fr\/wp-json\/wp\/v2\/types\/product"}],"wp:featuredmedia":[{"embeddable":true,"href":"https:\/\/ceoparts.com\/fr\/wp-json\/wp\/v2\/media\/16789"}],"wp:attachment":[{"href":"https:\/\/ceoparts.com\/fr\/wp-json\/wp\/v2\/media?parent=8501"}],"wp:term":[{"taxonomy":"product_brand","embeddable":true,"href":"https:\/\/ceoparts.com\/fr\/wp-json\/wp\/v2\/product_brand?post=8501"},{"taxonomy":"product_cat","embeddable":true,"href":"https:\/\/ceoparts.com\/fr\/wp-json\/wp\/v2\/product_cat?post=8501"},{"taxonomy":"product_tag","embeddable":true,"href":"https:\/\/ceoparts.com\/fr\/wp-json\/wp\/v2\/product_tag?post=8501"}],"curies":[{"name":"wp","href":"https:\/\/api.w.org\/{rel}","templated":true}]}}