{"id":8503,"date":"2021-02-15T23:09:57","date_gmt":"2021-02-15T20:09:57","guid":{"rendered":"https:\/\/ceoparts.com\/?post_type=product&#038;p=8503"},"modified":"2026-05-16T22:12:17","modified_gmt":"2026-05-16T19:12:17","slug":"330x135-80-7b-145-24-112-yuruyus-tekeri","status":"publish","type":"product","link":"https:\/\/ceoparts.com\/fr\/urun\/330x135-80-7b-145-24-112-yuruyus-tekeri\/","title":{"rendered":"330&#215;135-80 7B Roue de Marche Stellana &#8211; 9815000599"},"content":{"rendered":"<p>330&#215;135-80 7B Roue de Marche Stellana &#8211; 9815000599<\/p>\n<p>113 R14\/16\/16N\/20\/20N<br \/>\n115 R14\/R16\/R20<br \/>\n115C R10C\/R12C\/R14C<br \/>\n117 A 10Z<\/p>","protected":false},"excerpt":{"rendered":"<p data-start=\"114\" data-end=\"542\"><br data-start=\"3077\" data-end=\"3080\" \/>La <strong data-start=\"3083\" data-end=\"3142\">Roue de d\u00e9placement 330\u00d7135-80 7B Stellana \u2013 9815000599<\/strong> est con\u00e7ue pour les chariots \u00e9l\u00e9vateurs et les machines lourdes, offrant une grande durabilit\u00e9 et des performances sup\u00e9rieures. Sa structure en caoutchouc renforc\u00e9 et son corps m\u00e9tallique robuste r\u00e9sistent aux conditions de travail difficiles. Elle r\u00e9duit les vibrations pour am\u00e9liorer le confort de l\u2019op\u00e9rateur et aide \u00e0 maintenir un mouvement \u00e9quilibr\u00e9 lors du d\u00e9placement. Facile \u00e0 entretenir, elle soutient l\u2019efficacit\u00e9 du travail.<\/p>\n<p data-start=\"3580\" data-end=\"3945\"><strong data-start=\"3580\" data-end=\"3600\">Caract\u00e9ristiques<\/strong><br data-start=\"3600\" data-end=\"3603\" \/><strong data-start=\"3603\" data-end=\"3622\">Nom du produit:<\/strong> Roue de d\u00e9placement<br data-start=\"3642\" data-end=\"3645\" \/><strong data-start=\"3645\" data-end=\"3665\">Num\u00e9ro de pi\u00e8ce:<\/strong> 9815000599<br data-start=\"3676\" data-end=\"3679\" \/><strong data-start=\"3679\" data-end=\"3692\">Mat\u00e9riau:<\/strong> Caoutchouc durable, corps m\u00e9tallique robuste<br data-start=\"3737\" data-end=\"3740\" \/><strong data-start=\"3740\" data-end=\"3756\">Application:<\/strong> Syst\u00e8me de d\u00e9placement pour chariots \u00e9l\u00e9vateurs et machines lourdes<br data-start=\"3824\" data-end=\"3827\" \/><strong data-start=\"3827\" data-end=\"3840\">Avantage:<\/strong> Haute r\u00e9sistance \u00e0 l\u2019usure, r\u00e9duction des vibrations, longue dur\u00e9e de vie, faible entretien, stabilit\u00e9<\/p>\n<p data-start=\"3947\" data-end=\"4408\">\n","protected":false},"featured_media":16507,"template":"","meta":[],"product_brand":[],"product_cat":[418,416,193],"product_tag":[],"class_list":{"0":"post-8503","1":"product","2":"type-product","3":"status-publish","4":"has-post-thumbnail","6":"product_cat-yuruyus-tekeri-stellana","7":"product_cat-stellana","8":"product_cat-yuruyus-tekeri","10":"first","11":"instock","12":"taxable","13":"shipping-taxable","14":"purchasable","15":"product-type-simple"},"_links":{"self":[{"href":"https:\/\/ceoparts.com\/fr\/wp-json\/wp\/v2\/product\/8503","targetHints":{"allow":["GET"]}}],"collection":[{"href":"https:\/\/ceoparts.com\/fr\/wp-json\/wp\/v2\/product"}],"about":[{"href":"https:\/\/ceoparts.com\/fr\/wp-json\/wp\/v2\/types\/product"}],"wp:featuredmedia":[{"embeddable":true,"href":"https:\/\/ceoparts.com\/fr\/wp-json\/wp\/v2\/media\/16507"}],"wp:attachment":[{"href":"https:\/\/ceoparts.com\/fr\/wp-json\/wp\/v2\/media?parent=8503"}],"wp:term":[{"taxonomy":"product_brand","embeddable":true,"href":"https:\/\/ceoparts.com\/fr\/wp-json\/wp\/v2\/product_brand?post=8503"},{"taxonomy":"product_cat","embeddable":true,"href":"https:\/\/ceoparts.com\/fr\/wp-json\/wp\/v2\/product_cat?post=8503"},{"taxonomy":"product_tag","embeddable":true,"href":"https:\/\/ceoparts.com\/fr\/wp-json\/wp\/v2\/product_tag?post=8503"}],"curies":[{"name":"wp","href":"https:\/\/api.w.org\/{rel}","templated":true}]}}