{"id":9934,"date":"2024-09-06T13:11:15","date_gmt":"2024-09-06T10:11:15","guid":{"rendered":"https:\/\/ceoparts.com\/?post_type=product&#038;p=9934"},"modified":"2026-05-03T03:05:18","modified_gmt":"2026-05-03T00:05:18","slug":"100x74-76-13-ceoparts-yuk-tekeri","status":"publish","type":"product","link":"https:\/\/ceoparts.com\/fr\/urun\/100x74-76-13-ceoparts-yuk-tekeri\/","title":{"rendered":"100&#215;74\/76-13 Ceoparts Roulettes Charge"},"content":{"rendered":"<p>100&#215;74\/76-13 Ceoparts Roulettes Charge<\/p>","protected":false},"excerpt":{"rendered":"<p>Id\u00e9ale pour les applications de manutention lourde, la roue de charge Ceoparts 100\u00d774\/76-13 assure durabilit\u00e9 et fonctionnement silencieux. Sa surface en polyur\u00e9thane offre une grande r\u00e9sistance \u00e0 l&#8217;usure. Compatible avec chariots \u00e9l\u00e9vateurs, transpalettes et gerbeurs.<\/p>\n<p>\u2705 Diam\u00e8tre 100 mm \u2013 largeur 74\/76 mm<br \/>\n\u2705 Surface silencieuse et sans traces<br \/>\n\u2705 Absorption des chocs, longue dur\u00e9e de vie<br \/>\n\u2705 Installation facile, sans entretien<\/p>\n","protected":false},"featured_media":15422,"template":"","meta":[],"product_brand":[],"product_cat":[398,400],"product_tag":[],"class_list":{"0":"post-9934","1":"product","2":"type-product","3":"status-publish","4":"has-post-thumbnail","6":"product_cat-catal-tekeri-ceo","7":"product_cat-catal-tekeri","9":"first","10":"instock","11":"taxable","12":"shipping-taxable","13":"purchasable","14":"product-type-simple"},"_links":{"self":[{"href":"https:\/\/ceoparts.com\/fr\/wp-json\/wp\/v2\/product\/9934","targetHints":{"allow":["GET"]}}],"collection":[{"href":"https:\/\/ceoparts.com\/fr\/wp-json\/wp\/v2\/product"}],"about":[{"href":"https:\/\/ceoparts.com\/fr\/wp-json\/wp\/v2\/types\/product"}],"wp:featuredmedia":[{"embeddable":true,"href":"https:\/\/ceoparts.com\/fr\/wp-json\/wp\/v2\/media\/15422"}],"wp:attachment":[{"href":"https:\/\/ceoparts.com\/fr\/wp-json\/wp\/v2\/media?parent=9934"}],"wp:term":[{"taxonomy":"product_brand","embeddable":true,"href":"https:\/\/ceoparts.com\/fr\/wp-json\/wp\/v2\/product_brand?post=9934"},{"taxonomy":"product_cat","embeddable":true,"href":"https:\/\/ceoparts.com\/fr\/wp-json\/wp\/v2\/product_cat?post=9934"},{"taxonomy":"product_tag","embeddable":true,"href":"https:\/\/ceoparts.com\/fr\/wp-json\/wp\/v2\/product_tag?post=9934"}],"curies":[{"name":"wp","href":"https:\/\/api.w.org\/{rel}","templated":true}]}}