{"id":9953,"date":"2024-09-06T14:29:25","date_gmt":"2024-09-06T11:29:25","guid":{"rendered":"https:\/\/ceoparts.com\/?post_type=product&#038;p=9953"},"modified":"2026-05-16T18:41:06","modified_gmt":"2026-05-16T15:41:06","slug":"85x110-115-12-wicke-yuk-tekeri","status":"publish","type":"product","link":"https:\/\/ceoparts.com\/fr\/urun\/85x110-115-12-wicke-yuk-tekeri\/","title":{"rendered":"85&#215;110\/115-12 Wicke Roulettes Charge &#8211; 1590996 , 580064668"},"content":{"rendered":"<p>85&#215;110\/115-12 Wicke Roulettes Charge &#8211; 1590996 , 580064668<\/p>\n<p>Yale MP16\/18\/20\u00a0 Serie C 841X<\/p>\n<p>Hyster P 1.3, P 1.6<\/p>","protected":false},"excerpt":{"rendered":"<p data-start=\"115\" data-end=\"557\"><br data-start=\"3290\" data-end=\"3293\" \/>La <strong data-start=\"3296\" data-end=\"3334\">Roue de charge 85\u00d7110\/115-12 Wicke<\/strong> est con\u00e7ue pour les chariots \u00e9l\u00e9vateurs et les machines lourdes, offrant une grande capacit\u00e9 de charge et une durabilit\u00e9. La combinaison de caoutchouc de qualit\u00e9 et de corps m\u00e9tallique renforc\u00e9 assure une performance durable dans des conditions difficiles. Elle r\u00e9duit les vibrations pour am\u00e9liorer le confort de l\u2019op\u00e9rateur et soutient l\u2019efficacit\u00e9 des machines. Facile \u00e0 entretenir, cette roue de charge est un composant essentiel pour la s\u00e9curit\u00e9 au travail.<\/p>\n<p data-start=\"3798\" data-end=\"4172\"><strong data-start=\"3798\" data-end=\"3818\">Caract\u00e9ristiques<\/strong><br data-start=\"3818\" data-end=\"3821\" \/><strong data-start=\"3821\" data-end=\"3840\">Nom du produit:<\/strong> Roue de charge<br data-start=\"3855\" data-end=\"3858\" \/><strong data-start=\"3858\" data-end=\"3878\">Num\u00e9ro de pi\u00e8ce:<\/strong> 1590996, 580064668<br data-start=\"3897\" data-end=\"3900\" \/><strong data-start=\"3900\" data-end=\"3913\">Mat\u00e9riau:<\/strong> Caoutchouc durable, corps m\u00e9tallique renforc\u00e9<br data-start=\"3959\" data-end=\"3962\" \/><strong data-start=\"3962\" data-end=\"3978\">Application:<\/strong> Syst\u00e8me de charge pour chariots \u00e9l\u00e9vateurs et machines lourdes<br data-start=\"4041\" data-end=\"4044\" \/><strong data-start=\"4044\" data-end=\"4057\">Avantage:<\/strong> Haute r\u00e9sistance \u00e0 l\u2019usure, longue dur\u00e9e de vie, r\u00e9duction des vibrations, faible entretien, stabilit\u00e9 am\u00e9lior\u00e9e<\/p>\n<p data-start=\"4174\" data-end=\"4659\">\n","protected":false},"featured_media":15929,"template":"","meta":[],"product_brand":[],"product_cat":[256,259,400,401,402],"product_tag":[],"class_list":{"0":"post-9953","1":"product","2":"type-product","3":"status-publish","4":"has-post-thumbnail","6":"product_cat-hyster","7":"product_cat-catal-tekeri-hyster","8":"product_cat-catal-tekeri","9":"product_cat-wicke","10":"product_cat-catal-tekeri-wicke","12":"first","13":"instock","14":"taxable","15":"shipping-taxable","16":"purchasable","17":"product-type-simple"},"_links":{"self":[{"href":"https:\/\/ceoparts.com\/fr\/wp-json\/wp\/v2\/product\/9953","targetHints":{"allow":["GET"]}}],"collection":[{"href":"https:\/\/ceoparts.com\/fr\/wp-json\/wp\/v2\/product"}],"about":[{"href":"https:\/\/ceoparts.com\/fr\/wp-json\/wp\/v2\/types\/product"}],"wp:featuredmedia":[{"embeddable":true,"href":"https:\/\/ceoparts.com\/fr\/wp-json\/wp\/v2\/media\/15929"}],"wp:attachment":[{"href":"https:\/\/ceoparts.com\/fr\/wp-json\/wp\/v2\/media?parent=9953"}],"wp:term":[{"taxonomy":"product_brand","embeddable":true,"href":"https:\/\/ceoparts.com\/fr\/wp-json\/wp\/v2\/product_brand?post=9953"},{"taxonomy":"product_cat","embeddable":true,"href":"https:\/\/ceoparts.com\/fr\/wp-json\/wp\/v2\/product_cat?post=9953"},{"taxonomy":"product_tag","embeddable":true,"href":"https:\/\/ceoparts.com\/fr\/wp-json\/wp\/v2\/product_tag?post=9953"}],"curies":[{"name":"wp","href":"https:\/\/api.w.org\/{rel}","templated":true}]}}