{"id":20950,"date":"2026-02-09T16:09:38","date_gmt":"2026-02-09T13:09:38","guid":{"rendered":"https:\/\/ceoparts.com\/?page_id=20950"},"modified":"2026-02-10T09:21:10","modified_gmt":"2026-02-10T06:21:10","slug":"hakkimizda","status":"publish","type":"page","link":"https:\/\/ceoparts.com\/it\/hakkimizda\/","title":{"rendered":"Chi siamo"},"content":{"rendered":"<p>CEOPARTS \u00e8 un marchio che offre soluzioni di ruote, meccanismi e ricambi per carrelli elevatori nel cuore del settore logistico e della movimentazione industriale.<\/p>\n<p>Con oltre 15 anni di esperienza nel settore, CEOPARTS ha avviato le proprie attivit\u00e0 nel 2019 e oggi opera in tutta la Turchia grazie a una struttura organizzativa multi-sede e a una rete capillare di rivenditori.<\/p>\n<ul>\n<li>Attivit\u00e0 con sede a Istanbul \/ Tuzla \/ quartiere Orhanl\u0131,<br \/>\n\u2022 Espansione continua della rete di servizi grazie a un\u2019organizzazione multi-sede,<br \/>\n\u2022 Soluzioni rapide e senza interruzioni in tutto il Paese attraverso un totale di 6 rivenditori in 5 regioni.<\/li>\n<\/ul>\n<p>Crescendo, non aumentiamo solo i volumi, ma rafforziamo anche la qualit\u00e0 del servizio, la forza operativa e la nostra identit\u00e0 aziendale.<\/p>\n<p>&nbsp;<\/p>\n<h3 style=\"text-align: center;\"><strong>Cosa facciamo?<\/strong><\/h3>\n<p>In CEOPARTS offriamo un portafoglio prodotti ampio, affidabile e sempre disponibile per le attrezzature che costituiscono la spina dorsale delle operazioni logistiche e di magazzino.<\/p>\n<p>Le nostre principali categorie di prodotto:<\/p>\n<ul>\n<li>Ruote e meccanismi<br \/>\n\u2022 Ricambi per transpallet<br \/>\n\u2022 Ricambi per impilatori<br \/>\n\u2022 Ricambi per carrelli elevatori<br \/>\n\u2022 Ricambi per reach truck<\/li>\n<\/ul>\n<p>Garantire il funzionamento continuo dei carrelli elevatori utilizzati in magazzini, centri logistici, impianti produttivi e ambienti industriali pesanti \u00e8 al centro della nostra attivit\u00e0.<\/p>\n<p>&nbsp;<\/p>\n<h3 style=\"text-align: center;\"><strong>La nostra missione<\/strong><\/h3>\n<p>Consentire ai nostri clienti di mantenere operazioni senza interruzioni fornendo ricambi di alta qualit\u00e0, tecnicamente compatibili e di lunga durata, al momento giusto, al prezzo giusto e con un approccio di servizio sostenibile.Il nostro obiettivo non \u00e8 essere solo un fornitore, ma un partner di soluzioni che comprende le esigenze sul campo, analizza correttamente i bisogni e crea valore reale per i processi aziendali dei clienti attraverso un approccio orientato alle soluzioni.Grazie a una solida struttura di magazzino, a un team esperto e a una rete di servizi estesa, la nostra missione principale \u00e8 rendere l\u2019affidabilit\u00e0 uno standard nel settore logistico e della movimentazione industriale.<\/p>\n<p>&nbsp;<\/p>\n<p>&nbsp;<\/p>\n<h3 style=\"text-align: center;\"><strong>La nostra visione<\/strong><\/h3>\n<p>Diventare uno dei marchi leader in Turchia e nei mercati globali nel settore dei ricambi per carrelli elevatori e attrezzature industriali, riconosciuto per affidabilit\u00e0, forte capacit\u00e0 operativa e crescita sostenibile.Combinando tecnologia, qualit\u00e0 ed esperienza sul campo, sviluppiamo soluzioni che fanno la differenza nel settore e costruiamo, insieme ai nostri partner, un ecosistema innovativo, solido e in continua evoluzione.<\/p>\n<p>&nbsp;<\/p>\n<h3 style=\"text-align: center;\"><strong>La nostra politica aziendale<br \/>\n<\/strong><\/h3>\n<p><strong><br \/>\n<\/strong>\u2022Non scendere mai a compromessi sulla qualit\u00e0<br \/>\n\u2022 Fornire il prodotto giusto per la giusta esigenza<br \/>\n\u2022 Costruire partnership durature basate sulla fiducia<br \/>\n\u2022 Garantire trasparenza e integrit\u00e0 in tutti i processi<br \/>\n\u2022 Mettere la soddisfazione del cliente al centro delle operazioni<br \/>\n\u2022 Supportare il miglioramento continuo attraverso il nostro team di esperti<br \/>\n\u2022 Garantire soluzioni senza interruzioni grazie a un forte stock e a una fornitura rapida<br \/>\n\u2022 Creare una struttura sostenibile attenta all\u2019ambiente e alla salute sul lavoro<\/p>\n<p>Con una struttura organizzativa in costante crescita, adottiamo un approccio che anticipa non solo le esigenze di oggi, ma anche quelle di domani.<\/p>\n<p>&nbsp;<\/p>\n<h3 style=\"text-align: center;\"><strong>Marchi globali &amp; partnership<\/strong><\/h3>\n<p>CEOPARTS \u00e8 il rappresentante e partner di soluzioni in Turchia di numerosi marchi internazionali riconosciuti per i loro standard di qualit\u00e0.<\/p>\n<h3 style=\"text-align: center;\">I nostri principali partner includono<\/h3>\n<p>Stellana, Wicke, Tellure Rota, Vulkoprin, Blickle, Teleco Freni, Allbright, Norma, Grammer, Stabilus, Wanda, Rema, Fr\u00f6tek, Global Cables, Anderson Power e altri.<br \/>\nGrazie a questo solido portafoglio di marchi, forniamo ai nostri clienti il prodotto giusto al momento giusto, senza compromessi sulla qualit\u00e0.<\/p>\n<p>&nbsp;<\/p>\n<h3 style=\"text-align: center;\"><strong>Certificazioni &amp; standard di qualit\u00e0<\/strong><\/h3>\n<p>CEOPARTS opera in conformit\u00e0 con gli standard di qualit\u00e0 nazionali e internazionali.<\/p>\n<p>\u2022 ISO 9001 \u2013 Sistema di gestione della qualit\u00e0<br \/>\n\u2022 ISO 10002 \u2013 Sistema di gestione della soddisfazione del cliente<br \/>\n\u2022 ISO 14001 \u2013 Sistema di gestione ambientale<br \/>\n\u2022 ISO 45001 \u2013 Salute e sicurezza sul lavoro<\/p>\n<p>&nbsp;<\/p>\n<p><strong>CEOPARTS RICAMBI<\/strong><br \/>\n<em>Passi forti con ruote e ricambi affidabili.<\/em><\/p>\n<p><a href=\"http:\/\/ceoparts.com\/wp-content\/uploads\/2026\/02\/italtanca-scaled.jpg\"><img loading=\"lazy\" decoding=\"async\" class=\"alignnone size-full wp-image-20967\" src=\"http:\/\/ceoparts.com\/wp-content\/uploads\/2026\/02\/italtanca-scaled.jpg\" alt=\"\" width=\"2560\" height=\"1040\" srcset=\"https:\/\/ceoparts.com\/wp-content\/uploads\/2026\/02\/italtanca-scaled.jpg 2560w, https:\/\/ceoparts.com\/wp-content\/uploads\/2026\/02\/italtanca-scaled-300x122.jpg 300w, https:\/\/ceoparts.com\/wp-content\/uploads\/2026\/02\/italtanca-scaled-1024x416.jpg 1024w, https:\/\/ceoparts.com\/wp-content\/uploads\/2026\/02\/italtanca-scaled-768x312.jpg 768w, https:\/\/ceoparts.com\/wp-content\/uploads\/2026\/02\/italtanca-scaled-1536x624.jpg 1536w, https:\/\/ceoparts.com\/wp-content\/uploads\/2026\/02\/italtanca-scaled-2048x832.jpg 2048w, https:\/\/ceoparts.com\/wp-content\/uploads\/2026\/02\/italtanca-scaled-1200x488.jpg 1200w, https:\/\/ceoparts.com\/wp-content\/uploads\/2026\/02\/italtanca-scaled-150x61.jpg 150w\" sizes=\"auto, (max-width: 2560px) 100vw, 2560px\" \/><\/a><\/p>\n","protected":false},"excerpt":{"rendered":"<p>CEOPARTS \u00e8 un marchio che offre soluzioni di ruote, meccanismi e ricambi per carrelli elevatori nel cuore del settore logistico<\/p>\n","protected":false},"author":256,"featured_media":0,"parent":0,"menu_order":0,"comment_status":"closed","ping_status":"closed","template":"","meta":{"footnotes":""},"class_list":["post-20950","page","type-page","status-publish","hentry"],"_links":{"self":[{"href":"https:\/\/ceoparts.com\/it\/wp-json\/wp\/v2\/pages\/20950","targetHints":{"allow":["GET"]}}],"collection":[{"href":"https:\/\/ceoparts.com\/it\/wp-json\/wp\/v2\/pages"}],"about":[{"href":"https:\/\/ceoparts.com\/it\/wp-json\/wp\/v2\/types\/page"}],"author":[{"embeddable":true,"href":"https:\/\/ceoparts.com\/it\/wp-json\/wp\/v2\/users\/256"}],"replies":[{"embeddable":true,"href":"https:\/\/ceoparts.com\/it\/wp-json\/wp\/v2\/comments?post=20950"}],"version-history":[{"count":14,"href":"https:\/\/ceoparts.com\/it\/wp-json\/wp\/v2\/pages\/20950\/revisions"}],"predecessor-version":[{"id":20983,"href":"https:\/\/ceoparts.com\/it\/wp-json\/wp\/v2\/pages\/20950\/revisions\/20983"}],"wp:attachment":[{"href":"https:\/\/ceoparts.com\/it\/wp-json\/wp\/v2\/media?parent=20950"}],"curies":[{"name":"wp","href":"https:\/\/api.w.org\/{rel}","templated":true}]}}