{"id":7884,"date":"2020-10-27T23:42:02","date_gmt":"2020-10-27T20:42:02","guid":{"rendered":"https:\/\/ceoparts.com\/?page_id=7884"},"modified":"2026-03-04T09:08:39","modified_gmt":"2026-03-04T06:08:39","slug":"gizlilik-politikasi","status":"publish","type":"page","link":"https:\/\/ceoparts.com\/it\/gizlilik-politikasi\/","title":{"rendered":"Politica sulla riservatezza"},"content":{"rendered":"<p data-start=\"169\" data-end=\"410\">Tutti i servizi forniti sul sito <strong data-start=\"202\" data-end=\"218\">Ceoparts.com<\/strong> appartengono a <strong data-start=\"234\" data-end=\"299\">Ceoparts Makine Yedek Par\u00e7a Sanayi ve Ticaret Limited \u015eirketi<\/strong>, registrata all\u2019indirizzo <strong data-start=\"326\" data-end=\"409\">Mescit Mah. Demokrasi Cad. Ulug\u00fcney Sokak A Blok No:1 Tuzla \/ Istanbul, Turchia<\/strong>.<\/p>\n<p data-start=\"412\" data-end=\"585\">Ceoparts pu\u00f2 raccogliere dati personali per diversi scopi. Di seguito viene spiegato come vengono raccolti i dati personali, come vengono utilizzati e come vengono protetti.<\/p>\n<p data-start=\"587\" data-end=\"936\">Attraverso la registrazione come membro o compilando vari moduli e sondaggi presenti nel nostro negozio online, alcune informazioni personali relative ai membri (come nome e cognome, informazioni aziendali, numero di telefono, indirizzo o indirizzo e-mail) possono essere raccolte dal nostro negozio, in conformit\u00e0 con la natura dei servizi forniti.<\/p>\n<p data-start=\"938\" data-end=\"1324\">In alcuni periodi Ceoparts pu\u00f2 inviare ai propri clienti e membri informazioni su campagne promozionali, nuovi prodotti e offerte promozionali. I membri possono scegliere se ricevere o meno tali informazioni durante la registrazione. Successivamente possono modificare questa preferenza accedendo al proprio account oppure utilizzando il link presente nei messaggi informativi ricevuti.<\/p>\n<p data-start=\"1326\" data-end=\"1605\">Le informazioni personali trasmesse elettronicamente al nostro negozio dai membri tramite Ceoparts o via e-mail durante il processo di approvazione non saranno divulgate a terzi al di fuori degli scopi e dell\u2019ambito definiti nel <strong data-start=\"1555\" data-end=\"1581\">Contratto con l\u2019Utente<\/strong> stipulato con i membri.<\/p>\n<p data-start=\"1607\" data-end=\"1952\">Per identificare problemi relativi al sistema e risolvere rapidamente eventuali problemi o controversie riguardanti i servizi forniti, la nostra azienda registra e utilizza gli indirizzi IP dei propri membri. Gli indirizzi IP possono inoltre essere utilizzati per identificare in modo generale gli utenti e raccogliere informazioni demografiche.<\/p>\n<p data-start=\"1954\" data-end=\"2618\">Ceoparts pu\u00f2 anche utilizzare le informazioni richieste per attivit\u00e0 di marketing diretto, autonomamente o in collaborazione con partner commerciali, oltre agli scopi e all\u2019ambito stabiliti nel contratto di adesione. Le informazioni personali possono inoltre essere utilizzate per contattare l\u2019utente quando necessario. Le informazioni richieste dalla nostra azienda o fornite dall\u2019utente, cos\u00ec come le informazioni relative alle transazioni effettuate tramite il nostro negozio, possono essere utilizzate dalla nostra azienda e dai partner commerciali per valutazioni statistiche, creazione di database e ricerche di mercato, senza rivelare l\u2019identit\u00e0 dei membri.<\/p>\n<p data-start=\"2620\" data-end=\"2984\">Ceoparts si impegna a mantenere le informazioni riservate strettamente private e confidenziali, a considerare ci\u00f2 come un obbligo di segretezza e ad adottare tutte le misure necessarie per garantire e mantenere la riservatezza, impedendo che qualsiasi parte delle informazioni riservate venga resa pubblica o utilizzata in modo non autorizzato o divulgata a terzi.<\/p>\n<hr data-start=\"2986\" data-end=\"2989\" \/>\n<h1 data-start=\"2991\" data-end=\"3025\">SICUREZZA DELLE CARTE DI CREDITO<\/h1>\n<p data-start=\"3027\" data-end=\"3250\">Ceoparts attribuisce la massima importanza alla sicurezza dei titolari di carte di credito che effettuano acquisti sui nostri siti. I dati della carta di credito <strong data-start=\"3189\" data-end=\"3249\">non vengono in alcun modo memorizzati nei nostri sistemi<\/strong>.<\/p>\n<p data-start=\"3252\" data-end=\"3570\">Quando si accede al processo di pagamento, \u00e8 possibile verificare che la pagina sia sicura attraverso due elementi. Uno di questi \u00e8 l\u2019icona della chiave o del lucchetto nella barra inferiore del browser. Questo indica che ci si trova su una pagina sicura e che tutte le informazioni sono protette tramite crittografia.<\/p>\n<p data-start=\"3572\" data-end=\"4049\">Le informazioni relative alla carta di credito utilizzate durante gli acquisti vengono crittografate tramite il protocollo <strong data-start=\"3695\" data-end=\"3735\">SSL a 128 bit (Secure Sockets Layer)<\/strong> e inviate direttamente alla banca competente per la verifica, indipendentemente dal nostro sito. Se la validit\u00e0 della carta viene confermata, il processo di acquisto prosegue. Poich\u00e9 nessuna informazione della carta pu\u00f2 essere visualizzata o memorizzata da noi, si impedisce a terzi di ottenere tali informazioni.<\/p>\n<p data-start=\"4051\" data-end=\"4601\">L\u2019affidabilit\u00e0 delle informazioni di pagamento, fatturazione e indirizzo di consegna degli ordini effettuati online con carta di credito viene controllata dalla nostra azienda per prevenire <strong data-start=\"4241\" data-end=\"4271\">frodi con carta di credito<\/strong>. Pertanto, per i clienti che effettuano ordini per la prima volta sul nostro sito, potrebbe essere necessario verificare le informazioni finanziarie, l\u2019indirizzo e il numero di telefono prima che l\u2019ordine possa essere elaborato e consegnato. Se necessario, il titolare della carta o la banca competente possono essere contattati.<\/p>\n<p data-start=\"4603\" data-end=\"4992\">Tutte le informazioni fornite durante la registrazione possono essere visualizzate e modificate solo da voi. Finch\u00e9 proteggete le vostre credenziali di accesso, nessun altro potr\u00e0 accedere o modificare le vostre informazioni. A questo scopo, le operazioni di registrazione vengono eseguite all\u2019interno di un\u2019area di sicurezza <strong data-start=\"4929\" data-end=\"4946\">SSL a 128 bit<\/strong>, uno standard internazionale di crittografia.<\/p>\n<p data-start=\"4994\" data-end=\"5286\">I siti di commercio elettronico che indicano chiaramente indirizzo, numero di telefono e servizio clienti sono oggi pi\u00f9 affidabili. In questo modo \u00e8 possibile ottenere informazioni dettagliate su qualsiasi argomento e valutare l\u2019affidabilit\u00e0 dell\u2019azienda che offre servizi di shopping online.<\/p>\n<p data-start=\"5288\" data-end=\"5718\">Nota: si consiglia di verificare che i siti di commercio elettronico mostrino chiaramente l\u2019indirizzo e il numero di telefono dell\u2019azienda. Prima di effettuare un acquisto, annotare tutte le informazioni di contatto del negozio. Se non si \u00e8 sicuri, contattare l\u2019azienda telefonicamente per confermare le informazioni. Tutti i nostri siti di shopping online riportano chiaramente le informazioni e l\u2019indirizzo della nostra azienda.<\/p>\n<hr data-start=\"5720\" data-end=\"5723\" \/>\n<h1 data-start=\"5725\" data-end=\"5797\">SICUREZZA DELLE INFORMAZIONI DELLA CARTA DI CREDITO TRAMITE MAIL ORDER<\/h1>\n<p data-start=\"5799\" data-end=\"5969\">Le informazioni di identit\u00e0 e carta di credito inviate tramite il metodo <strong data-start=\"5872\" data-end=\"5886\">mail-order<\/strong> saranno conservate dalla nostra azienda nel rispetto dei principi di riservatezza.<\/p>\n<p data-start=\"5971\" data-end=\"6346\">Queste informazioni vengono conservate per <strong data-start=\"6014\" data-end=\"6027\">60 giorni<\/strong> in caso di eventuali contestazioni presso la banca relative agli addebiti effettuati con carta di credito e successivamente distrutte. Nel caso in cui venga addebitato sulla carta un importo diverso da quello autorizzato nel modulo mail-order firmato, \u00e8 possibile presentare reclamo alla banca e bloccare il pagamento.<\/p>\n<hr data-start=\"6348\" data-end=\"6351\" \/>\n<h1 data-start=\"6353\" data-end=\"6393\">SITI WEB E APPLICAZIONI DI TERZE PARTI<\/h1>\n<p data-start=\"6395\" data-end=\"6585\">Ceoparts pu\u00f2 includere link ad altri siti web all\u2019interno del proprio sito. Ceoparts non \u00e8 responsabile delle pratiche sulla privacy o dei contenuti dei siti accessibili tramite questi link.<\/p>\n<p data-start=\"6587\" data-end=\"6819\">Gli annunci pubblicati sul nostro sito vengono distribuiti agli utenti tramite i nostri partner pubblicitari. I principi della presente politica sulla privacy si applicano solo al nostro sito e non coprono i siti web di terze parti.<\/p>\n<hr data-start=\"6821\" data-end=\"6824\" \/>\n<h1 data-start=\"6826\" data-end=\"6844\">CASI ECCEZIONALI<\/h1>\n<p data-start=\"6846\" data-end=\"7027\">Nei casi limitati indicati di seguito, la nostra azienda pu\u00f2 divulgare informazioni sugli utenti a terzi al di fuori delle disposizioni della presente <strong data-start=\"6997\" data-end=\"7026\">Informativa sulla Privacy<\/strong>:<\/p>\n<ol data-start=\"7029\" data-end=\"7456\">\n<li data-start=\"7029\" data-end=\"7109\">\n<p data-start=\"7032\" data-end=\"7109\">Per adempiere agli obblighi previsti dalla legge, da decreti o regolamenti.<\/p>\n<\/li>\n<li data-start=\"7110\" data-end=\"7219\">\n<p data-start=\"7113\" data-end=\"7219\">Per applicare le disposizioni del <strong data-start=\"7147\" data-end=\"7172\">Contratto di Adesione<\/strong> e di altri accordi stipulati con gli utenti.<\/p>\n<\/li>\n<li data-start=\"7220\" data-end=\"7358\">\n<p data-start=\"7223\" data-end=\"7358\">Quando le informazioni sugli utenti vengono richieste da autorit\u00e0 amministrative o giudiziarie competenti nell\u2019ambito di un\u2019indagine.<\/p>\n<\/li>\n<li data-start=\"7359\" data-end=\"7456\">\n<p data-start=\"7362\" data-end=\"7456\">Quando \u00e8 necessario fornire informazioni per proteggere i diritti o la sicurezza degli utenti.<\/p>\n<\/li>\n<\/ol>\n<hr data-start=\"7458\" data-end=\"7461\" \/>\n<h1 data-start=\"7463\" data-end=\"7487\">SICUREZZA DELLE E-MAIL<\/h1>\n<p data-start=\"7489\" data-end=\"7653\">Nelle e-mail inviate al <strong data-start=\"7513\" data-end=\"7542\">Servizio Clienti Ceoparts<\/strong> riguardanti i vostri ordini, si prega di <strong data-start=\"7584\" data-end=\"7652\">non includere mai il numero della carta di credito o le password<\/strong>.<\/p>\n<p data-start=\"7655\" data-end=\"7821\">Le informazioni contenute nelle e-mail possono essere visualizzate da terzi. La nostra azienda non pu\u00f2 garantire la sicurezza delle informazioni trasmesse via e-mail.<\/p>\n<hr data-start=\"7823\" data-end=\"7826\" \/>\n<h1 data-start=\"7828\" data-end=\"7848\">COOKIE DEL BROWSER<\/h1>\n<p data-start=\"7850\" data-end=\"8001\">La nostra azienda pu\u00f2 ottenere informazioni sugli utenti che visitano il nostro sito e sull\u2019utilizzo del sito tramite file tecnici chiamati <strong data-start=\"7990\" data-end=\"8000\">cookie<\/strong>.<\/p>\n<p data-start=\"8003\" data-end=\"8204\">I cookie sono piccoli file di testo inviati da un sito web al browser dell\u2019utente per essere memorizzati nella memoria. Essi facilitano l\u2019uso di Internet memorizzando le preferenze e lo stato del sito.<\/p>\n<p data-start=\"8206\" data-end=\"8264\">I cookie aiutano a ottenere informazioni statistiche come:<\/p>\n<ul data-start=\"8266\" data-end=\"8400\">\n<li data-start=\"8266\" data-end=\"8301\">\n<p data-start=\"8268\" data-end=\"8301\">quante persone visitano il sito<\/p>\n<\/li>\n<li data-start=\"8302\" data-end=\"8337\">\n<p data-start=\"8304\" data-end=\"8337\">con quale frequenza lo visitano<\/p>\n<\/li>\n<li data-start=\"8338\" data-end=\"8373\">\n<p data-start=\"8340\" data-end=\"8373\">quanto tempo rimangono sul sito<\/p>\n<\/li>\n<li data-start=\"8374\" data-end=\"8400\">\n<p data-start=\"8376\" data-end=\"8400\">da quali pagine accedono<\/p>\n<\/li>\n<\/ul>\n<p data-start=\"8402\" data-end=\"8702\">I cookie non sono progettati per recuperare dati dalla memoria principale o dalla posta elettronica dell\u2019utente. La maggior parte dei browser accetta i cookie per impostazione predefinita, ma gli utenti possono modificare le impostazioni per rifiutarli o ricevere una notifica quando vengono inviati.<\/p>\n<hr data-start=\"8704\" data-end=\"8707\" \/>\n<h1 data-start=\"8709\" data-end=\"8750\">MODIFICHE ALL\u2019INFORMATIVA SULLA PRIVACY<\/h1>\n<p data-start=\"8752\" data-end=\"8920\">Ceoparts pu\u00f2 modificare le disposizioni della presente <strong data-start=\"8807\" data-end=\"8836\">Informativa sulla Privacy<\/strong> in qualsiasi momento pubblicandole sul sito o informando gli utenti tramite e-mail.<\/p>\n<p data-start=\"8922\" data-end=\"8980\">Le modifiche entrano in vigore alla data di pubblicazione.<\/p>\n<hr data-start=\"8982\" data-end=\"8985\" \/>\n<h1 data-start=\"8987\" data-end=\"8997\">CONTATTI<\/h1>\n<p data-start=\"8999\" data-end=\"9100\">Per qualsiasi domanda o suggerimento riguardante la nostra politica sulla privacy potete contattarci:<\/p>\n<p data-start=\"9102\" data-end=\"9187\"><strong data-start=\"9102\" data-end=\"9123\">Nome Dell\u2019Azienda<\/strong><br data-start=\"9123\" data-end=\"9126\" \/>Ceoparts Makine Yedek Par\u00e7a Sanayi ve Ticaret Limited \u015eirketi<\/p>\n<p data-start=\"9189\" data-end=\"9277\"><strong data-start=\"9189\" data-end=\"9202\">Indirizzo<\/strong><br data-start=\"9202\" data-end=\"9205\" \/>Mescit Mah. Demokrasi Cad. Ulug\u00fcney Sokak A Blok No:1<br data-start=\"9258\" data-end=\"9261\" \/>Tuzla \/ Istanbul<\/p>\n<p data-start=\"9279\" data-end=\"9309\"><strong data-start=\"9279\" data-end=\"9289\">E-mail<\/strong><br data-start=\"9289\" data-end=\"9292\" \/><a class=\"decorated-link cursor-pointer\" rel=\"noopener\" data-start=\"9292\" data-end=\"9309\">info@ceoparts.com<\/a><\/p>\n<p data-start=\"9311\" data-end=\"9345\"><strong data-start=\"9311\" data-end=\"9323\">Telefono<\/strong><br data-start=\"9323\" data-end=\"9326\" \/>+90 (216) 394 14 94<\/p>\n<p data-start=\"9347\" data-end=\"9376\"><strong data-start=\"9347\" data-end=\"9354\">Fax<\/strong><br data-start=\"9354\" data-end=\"9357\" \/>+90 (216) 394 16 37<\/p>\n","protected":false},"excerpt":{"rendered":"<p>Tutti i servizi forniti sul sito Ceoparts.com appartengono a Ceoparts Makine Yedek Par\u00e7a Sanayi ve Ticaret Limited \u015eirketi, registrata all\u2019indirizzo<\/p>\n","protected":false},"author":1,"featured_media":0,"parent":0,"menu_order":0,"comment_status":"closed","ping_status":"closed","template":"","meta":{"footnotes":""},"class_list":["post-7884","page","type-page","status-publish","hentry"],"_links":{"self":[{"href":"https:\/\/ceoparts.com\/it\/wp-json\/wp\/v2\/pages\/7884","targetHints":{"allow":["GET"]}}],"collection":[{"href":"https:\/\/ceoparts.com\/it\/wp-json\/wp\/v2\/pages"}],"about":[{"href":"https:\/\/ceoparts.com\/it\/wp-json\/wp\/v2\/types\/page"}],"author":[{"embeddable":true,"href":"https:\/\/ceoparts.com\/it\/wp-json\/wp\/v2\/users\/1"}],"replies":[{"embeddable":true,"href":"https:\/\/ceoparts.com\/it\/wp-json\/wp\/v2\/comments?post=7884"}],"version-history":[{"count":7,"href":"https:\/\/ceoparts.com\/it\/wp-json\/wp\/v2\/pages\/7884\/revisions"}],"predecessor-version":[{"id":21106,"href":"https:\/\/ceoparts.com\/it\/wp-json\/wp\/v2\/pages\/7884\/revisions\/21106"}],"wp:attachment":[{"href":"https:\/\/ceoparts.com\/it\/wp-json\/wp\/v2\/media?parent=7884"}],"curies":[{"name":"wp","href":"https:\/\/api.w.org\/{rel}","templated":true}]}}