{"id":7907,"date":"2020-10-28T06:32:57","date_gmt":"2020-10-28T03:32:57","guid":{"rendered":"https:\/\/ceoparts.com\/?page_id=7907"},"modified":"2024-08-17T00:25:47","modified_gmt":"2024-08-16T21:25:47","slug":"odeme-ve-teslimat","status":"publish","type":"page","link":"https:\/\/ceoparts.com\/it\/odeme-ve-teslimat\/","title":{"rendered":"Pagamento e Consegna"},"content":{"rendered":"<div class=\"flex max-w-full flex-col flex-grow\">\n<div class=\"min-h-[20px] text-message flex w-full flex-col items-end gap-2 whitespace-pre-wrap break-words [.text-message+&amp;]:mt-5 overflow-x-auto\" dir=\"auto\" data-message-author-role=\"assistant\" data-message-id=\"8eadde3c-517b-42ee-b751-542bba3bcfd1\">\n<div class=\"flex w-full flex-col gap-1 empty:hidden first:pt-[3px]\">\n<div class=\"markdown prose w-full break-words dark:prose-invert light\">\n<p><strong>1) Tramite Bonifico Bancario o EFT (Trasferimento Elettronico di Fondi)<\/strong><\/p>\n<p>Puoi effettuare un bonifico in TL, EURO o DOLLAR su uno qualsiasi dei nostri conti presso Garanti Bank e Halk Bank.<\/p>\n<p><strong>2) Con la tua carta di credito sul nostro sito<\/strong><\/p>\n<p>Puoi usufruire delle opzioni di pagamento online in un&#8217;unica soluzione o a rate con qualsiasi carta di credito. Per i pagamenti online, l&#8217;importo verr\u00e0 addebitato sulla tua carta di credito al termine del tuo ordine. In caso di possibile cancellazione dell&#8217;ordine o problemi di stock, i rimborsi sulla tua carta di credito possono variare a seconda delle procedure bancarie.<\/p>\n<p><strong>3) Rimborso dell&#8217;importo dell&#8217;ordine<\/strong><\/p>\n<p>In caso di cancellazione dei tuoi ordini per eventuali motivi, Ceoparts Makine Yedek Par\u00e7a A.\u015e rimborser\u00e0 l&#8217;importo del prodotto sul tuo conto e\/o sulla tua carta di credito entro sette giorni lavorativi. Tuttavia, \u00e8 necessario fornire correttamente e completamente le informazioni del tuo conto bancario e\/o della tua carta di credito ai nostri responsabili finanziari.<\/p>\n<p><strong>4) Consegna<\/strong><\/p>\n<p>Ci impegniamo a consegnare i prodotti che hai ordinato al corriere lo stesso giorno. Per i prodotti che richiedono pi\u00f9 tempo per essere consegnati, il tempo di spedizione \u00e8 di 3 giorni lavorativi come indicato nei dettagli del prodotto. In caso di ritardo nella consegna, sarai informato.<\/p>\n<p>Per garantire una consegna senza problemi, si prega di fornire l&#8217;indirizzo in cui ti trovi durante il giorno come indirizzo di consegna.<\/p>\n<p>Le tue richieste verranno elaborate in base al metodo di consegna che hai specificato al termine del tuo ordine. I prodotti della nostra azienda con sede a Istanbul saranno spediti tramite la compagnia di spedizioni MNG. I tuoi ordini saranno consegnati alla compagnia di spedizioni entro un massimo di 2 (due) giorni lavorativi dopo la conferma.<\/p>\n<p>Puoi consultare il nostro rappresentante del servizio clienti per discutere diverse condizioni di consegna. Inoltre, le spedizioni sono valide solo per la Turchia.<\/p>\n<p><strong>5) Tracciamento del pagamento<\/strong><\/p>\n<p>Se il sistema non pu\u00f2 completare la transazione a causa di un problema, il nostro visitatore sar\u00e0 informato al termine della pagina di pagamento.<\/p>\n<p>In caso di errore all&#8217;indirizzo indicato, il cliente verr\u00e0 contattato per quanto riguarda l&#8217;ordine non consegnato.<\/p>\n<p>La validit\u00e0 dell&#8217;indirizzo e-mail fornito dal nostro visitatore viene confermata tramite un&#8217;e-mail automatica inviata dopo il completamento dell&#8217;ordine.<\/p>\n<p>Siamo responsabili non solo nei confronti del cliente, ma anche della banca il cui sistema di carte di credito utilizziamo, per garantire la corretta consegna.<\/p>\n<p><strong>Si prega di notare!<\/strong><\/p>\n<p>Se ritieni che il pacco sia stato danneggiato durante la spedizione, aprilo e controllalo davanti al rappresentante della compagnia di spedizioni. Se ritieni che il prodotto sia danneggiato, fai redigere un verbale dalla compagnia di spedizioni e non accettare il prodotto.<\/p>\n<p>Una volta ricevuto il prodotto, si considera che la compagnia di spedizioni abbia svolto correttamente il suo compito.<\/p>\n<p><strong>Se il prodotto \u00e8 danneggiato:<\/strong> Invia il verbale che hai preparato il prima possibile al numero di fax 0216 394 16 37 o informa della situazione tramite e-mail all&#8217;indirizzo <a rel=\"noopener\">info@ceoparts.com<\/a>.<\/p>\n<p>Una volta completate queste procedure, inizieremo a lavorare sul tuo pacco e ci assicureremo che la consegna venga ripetuta nel pi\u00f9 breve tempo possibile.<\/p>\n<\/div>\n<\/div>\n<\/div>\n<\/div>\n","protected":false},"excerpt":{"rendered":"<p>1) Tramite Bonifico Bancario o EFT (Trasferimento Elettronico di Fondi) Puoi effettuare un bonifico in TL, EURO o DOLLAR su<\/p>\n","protected":false},"author":1,"featured_media":0,"parent":0,"menu_order":0,"comment_status":"closed","ping_status":"closed","template":"","meta":{"footnotes":""},"class_list":["post-7907","page","type-page","status-publish","hentry"],"_links":{"self":[{"href":"https:\/\/ceoparts.com\/it\/wp-json\/wp\/v2\/pages\/7907","targetHints":{"allow":["GET"]}}],"collection":[{"href":"https:\/\/ceoparts.com\/it\/wp-json\/wp\/v2\/pages"}],"about":[{"href":"https:\/\/ceoparts.com\/it\/wp-json\/wp\/v2\/types\/page"}],"author":[{"embeddable":true,"href":"https:\/\/ceoparts.com\/it\/wp-json\/wp\/v2\/users\/1"}],"replies":[{"embeddable":true,"href":"https:\/\/ceoparts.com\/it\/wp-json\/wp\/v2\/comments?post=7907"}],"version-history":[{"count":4,"href":"https:\/\/ceoparts.com\/it\/wp-json\/wp\/v2\/pages\/7907\/revisions"}],"predecessor-version":[{"id":9422,"href":"https:\/\/ceoparts.com\/it\/wp-json\/wp\/v2\/pages\/7907\/revisions\/9422"}],"wp:attachment":[{"href":"https:\/\/ceoparts.com\/it\/wp-json\/wp\/v2\/media?parent=7907"}],"curies":[{"name":"wp","href":"https:\/\/api.w.org\/{rel}","templated":true}]}}