{"id":7909,"date":"2020-10-28T09:29:45","date_gmt":"2020-10-28T06:29:45","guid":{"rendered":"https:\/\/ceoparts.com\/?page_id=7909"},"modified":"2026-03-04T09:08:33","modified_gmt":"2026-03-04T06:08:33","slug":"kullanici-sozlesmesi","status":"publish","type":"page","link":"https:\/\/ceoparts.com\/it\/kullanici-sozlesmesi\/","title":{"rendered":"Accord utilisateur"},"content":{"rendered":"<p>I clienti che utilizzano questo sito di shopping online e effettuano acquisti si presumono aver accettato le seguenti condizioni:<\/p>\n<p>Il sito ceoparts.com e tutte le pagine ad esso collegate (il &#8220;sito&#8221;) appartengono a Ceoparts Yedek Par\u00e7a A.\u015e, con sede a Mescit Mah. Demokrasi Cad. Ulug\u00fcney Sokak A Blok No:1 Tuzla\/\u0130stanbul, e sono gestiti da quest&#8217;ultima. Utilizzando i servizi offerti sul sito, voi (&#8220;Utente&#8221;) accettate di essere soggetti ai seguenti termini e condizioni, e continuando a utilizzare il sito, dichiarate di avere il diritto, l&#8217;autorit\u00e0 e la capacit\u00e0 legale di concludere un contratto ai sensi delle leggi applicabili, di essere maggiorenni e di aver letto, compreso e accettato i termini e le condizioni di questo contratto.<\/p>\n<p>Il presente contratto impone alle parti diritti e obblighi relativi all&#8217;utilizzo del sito e, accettando il presente contratto, le parti si impegnano a rispettare pienamente, accuratamente e tempestivamente i diritti e obblighi menzionati in questo contratto, conformemente ai termini richiesti dal contratto stesso.<\/p>\n<p><strong>RESPONSABILIT\u00c0<\/strong> a. Ceoparts si riserva il diritto di modificare i prezzi e i prodotti e servizi offerti in qualsiasi momento. b. Ceoparts si impegna a fornire all&#8217;utente i servizi previsti dal contratto, ad eccezione di guasti tecnici. c. L&#8217;Utente si impegna a non effettuare ingegneria inversa o qualsiasi altra operazione volta a scoprire o ottenere il codice sorgente del sito; in caso contrario, riconosce di essere responsabile per i danni causati a terzi e accetta anticipatamente che venga intrapresa un&#8217;azione legale civile o penale nei suoi confronti. d. L&#8217;Utente si impegna a non produrre o condividere contenuti contrari alla moralit\u00e0 e all&#8217;ordine pubblico, illegali, lesivi dei diritti di terzi, ingannevoli, offensivi, osceni, pornografici, lesivi dei diritti della personalit\u00e0, violanti i diritti d&#8217;autore, o che incoraggino attivit\u00e0 illegali nelle sue attivit\u00e0 sul sito, in qualsiasi parte del sito o nelle sue comunicazioni. In caso contrario, sar\u00e0 completamente responsabile dei danni eventuali, e i gestori del &#8220;sito&#8221; si riservano il diritto di sospendere o chiudere tali account e di intraprendere un&#8217;azione legale. Pertanto, il sito si riserva il diritto di divulgare qualsiasi informazione relativa alle attivit\u00e0 o agli account degli utenti su richiesta delle autorit\u00e0 giudiziarie. e. Le relazioni tra i membri del sito e le terze parti sono di loro esclusiva responsabilit\u00e0.<\/p>\n<p><strong>Diritti di Propriet\u00e0 Intellettuale<\/strong><\/p>\n<p>2.1. Tutti i diritti di propriet\u00e0 intellettuale presenti su questo sito, come titoli, nomi commerciali, marchi, brevetti, loghi, design, informazioni e metodi, registrati o non registrati, appartengono a Ceoparts, operatore e proprietario del sito, o alla parte interessata menzionata, e sono protetti dalla legislazione nazionale e internazionale. La visita del sito o l&#8217;utilizzo dei servizi forniti sul sito non conferisce alcun diritto riguardante questi diritti di propriet\u00e0 intellettuale.<\/p>\n<p>2.2. Le informazioni presenti sul sito non possono in nessun caso essere riprodotte, pubblicate, copiate, presentate e\/o trasmesse in alcun modo. Tutto o parte del sito non pu\u00f2 essere utilizzato su un altro sito Internet senza autorizzazione.<\/p>\n<p><strong>Informazioni Confidenziali<\/strong><\/p>\n<p>3.1. Ceoparts si impegna a non divulgare le informazioni personali trasmesse dagli utenti tramite il sito a terzi. Queste informazioni personali comprendono dati come il nome, cognome, indirizzo, numero di telefono, numero di cellulare, indirizzo e-mail e qualsiasi altra informazione che permetta di identificare l&#8217;utente, che saranno indicate di seguito come &#8220;Informazioni Confidenziali&#8221;.<\/p>\n<p>3.2. L&#8217;Utente accetta e dichiara che Ceoparts, proprietario del sito, pu\u00f2 condividere le sue informazioni di contatto, il suo portafoglio e i suoi dati demografici con le sue filiali o le societ\u00e0 del gruppo a cui appartiene, a scopi di promozione, pubblicit\u00e0, campagna, promozione, annuncio, ecc., nell&#8217;ambito di attivit\u00e0 di marketing. Queste informazioni personali possono essere utilizzate da Ceoparts per stabilire un profilo cliente, proporre promozioni e campagne adatte al profilo cliente e realizzare studi statistici.<\/p>\n<p>3.3. Le Informazioni Confidenziali possono essere divulgate alle autorit\u00e0 ufficiali solo se queste le richiedono nel rispetto delle procedure legali e se la divulgazione \u00e8 obbligatoria in virt\u00f9 delle disposizioni legali imperative in vigore.<\/p>\n<p><strong>Esclusione di Garanzia:<\/strong><\/p>\n<p>QUESTA DISPOSIZIONE DEL CONTRATTO SI APPLICHER\u00c0 NELLA MISURA MASSIMA CONSENTITA DALLA LEGGE APPLICABILE. I SERVIZI FORNITI DALL&#8217;AZIENDA SONO OFFERTI &#8220;COS\u00cc COME SONO&#8221; E &#8220;COME DISPONIBILI&#8221;, E NON VIENE FORNITA ALCUNA GARANZIA ESPRESSA O IMPLICITA, LEGALE O ALTRA, COMPRESA, MA NON LIMITATA A, LE GARANZIE IMPLICITE DI COMMERCIABILIT\u00c0, IDONEIT\u00c0 A UNO SCOPO PARTICOLARE O NON VIOLAZIONE, IN RELAZIONE AI SERVIZI O ALL&#8217;APPLICAZIONE (INCLUSI TUTTE LE INFORMAZIONI CONTENUTE).<\/p>\n<p><strong>Registrazione e Sicurezza<\/strong><\/p>\n<p>L&#8217;Utente \u00e8 tenuto a fornire informazioni di registrazione accurate, complete e aggiornate. In caso contrario, il presente Contratto sar\u00e0 considerato violato e l&#8217;account dell&#8217;Utente potr\u00e0 essere chiuso senza preavviso. L&#8217;Utente \u00e8 responsabile della sicurezza della propria password e del proprio account sul sito e su siti terzi. Ceoparts non pu\u00f2 essere ritenuta responsabile per perdite di dati, violazioni di sicurezza o danni causati alle apparecchiature e dispositivi derivanti dalla negligenza di tali obblighi.<\/p>\n<p><strong>Forza Maggiore<\/strong><\/p>\n<p>In caso di eventi al di fuori del controllo delle parti, quali catastrofi naturali, incendi, esplosioni, guerre civili, guerre, insurrezioni, movimenti sociali, mobilitazione, scioperi, serrate, epidemie, guasti di infrastrutture e internet, interruzioni di corrente, ecc. (di seguito denominati collettivamente &#8220;Forza Maggiore&#8221;), che rendano impossibile l&#8217;adempimento degli obblighi contrattuali, le parti non saranno ritenute responsabili. Durante questo periodo, i diritti e obblighi delle parti derivanti dal presente Contratto saranno sospesi.<\/p>\n<p><strong>Integrit\u00e0 e Applicabilit\u00e0 del Contratto<\/strong><\/p>\n<p>Se una delle disposizioni del presente contratto diventa parzialmente o totalmente invalida, il resto del contratto rimarr\u00e0 in vigore.<\/p>\n<p><strong>Modifiche al Contratto<\/strong><\/p>\n<p>Ceoparts pu\u00f2 modificare in qualsiasi momento i servizi offerti sul sito e le condizioni del presente contratto, in tutto o in parte. Le modifiche entreranno in vigore a partire dalla data della loro pubblicazione sul sito. \u00c8 responsabilit\u00e0 dell&#8217;Utente seguire le modifiche. Continuando a utilizzare i servizi, l&#8217;Utente accetta anche queste modifiche.<\/p>\n<p><strong>Notifica<\/strong><\/p>\n<p>Tutte le notifiche relative al presente Contratto saranno inviate all&#8217;indirizzo e-mail conosciuto di Ceoparts e all&#8217;indirizzo e-mail fornito dall&#8217;Utente nel modulo di registrazione. L&#8217;Utente accetta che l&#8217;indirizzo e-mail fornito durante la registrazione sia un indirizzo di notifica valido, e che le notifiche inviate a questo indirizzo saranno considerate valide, a meno che l&#8217;Utente non informi l&#8217;altra parte della sua modifica per iscritto entro 5 giorni.<\/p>\n<p><strong>Accordo sulle Prove<\/strong><\/p>\n<p>In caso di controversie tra le parti relative alle transazioni legate al presente contratto, le parti convengono che i registri, i libri e i documenti di Ceoparts, cos\u00ec come le registrazioni informatiche e fax, saranno accettati come prove conformemente alle disposizioni del Codice di procedura civile turco n. 6100, e l&#8217;utente non contester\u00e0 tali registrazioni.<\/p>\n<p><strong>Risoluzione delle Controversie<\/strong><\/p>\n<p>Qualsiasi controversia derivante dall&#8217;applicazione o dall&#8217;interpretazione del presente Contratto sar\u00e0 di esclusiva competenza dei tribunali e degli uffici di esecuzione di Istanbul Anadolu.<\/p>\n","protected":false},"excerpt":{"rendered":"<p>I clienti che utilizzano questo sito di shopping online e effettuano acquisti si presumono aver accettato le seguenti condizioni: Il<\/p>\n","protected":false},"author":1,"featured_media":0,"parent":0,"menu_order":0,"comment_status":"closed","ping_status":"closed","template":"","meta":{"footnotes":""},"class_list":["post-7909","page","type-page","status-publish","hentry"],"_links":{"self":[{"href":"https:\/\/ceoparts.com\/it\/wp-json\/wp\/v2\/pages\/7909","targetHints":{"allow":["GET"]}}],"collection":[{"href":"https:\/\/ceoparts.com\/it\/wp-json\/wp\/v2\/pages"}],"about":[{"href":"https:\/\/ceoparts.com\/it\/wp-json\/wp\/v2\/types\/page"}],"author":[{"embeddable":true,"href":"https:\/\/ceoparts.com\/it\/wp-json\/wp\/v2\/users\/1"}],"replies":[{"embeddable":true,"href":"https:\/\/ceoparts.com\/it\/wp-json\/wp\/v2\/comments?post=7909"}],"version-history":[{"count":8,"href":"https:\/\/ceoparts.com\/it\/wp-json\/wp\/v2\/pages\/7909\/revisions"}],"predecessor-version":[{"id":9430,"href":"https:\/\/ceoparts.com\/it\/wp-json\/wp\/v2\/pages\/7909\/revisions\/9430"}],"wp:attachment":[{"href":"https:\/\/ceoparts.com\/it\/wp-json\/wp\/v2\/media?parent=7909"}],"curies":[{"name":"wp","href":"https:\/\/api.w.org\/{rel}","templated":true}]}}