{"id":10022,"date":"2024-09-09T13:06:35","date_gmt":"2024-09-09T10:06:35","guid":{"rendered":"https:\/\/ceoparts.com\/?post_type=product&#038;p=10022"},"modified":"2026-05-16T17:05:34","modified_gmt":"2026-05-16T14:05:34","slug":"85x60-65-17-ceoparts-yuk-tekeri","status":"publish","type":"product","link":"https:\/\/ceoparts.com\/it\/urun\/85x60-65-17-ceoparts-yuk-tekeri\/","title":{"rendered":"85&#215;60\/65-17 Ceoparts Ruote di carico &#8211; 4192465"},"content":{"rendered":"<p>85&#215;60\/65-17 Ceoparts Ruote di carico &#8211; 4192465<\/p>","protected":false},"excerpt":{"rendered":"<p data-start=\"120\" data-end=\"570\"><br data-start=\"4251\" data-end=\"4254\" \/>La <strong data-start=\"4257\" data-end=\"4322\">Ruota di carico 85&#215;60\/65-17 Ceoparts<\/strong>\u00a0\u00e8 progettata per carrelli elevatori e macchinari pesanti, offrendo alta capacit\u00e0 di carico e durabilit\u00e0. La combinazione di gomma di qualit\u00e0 e corpo metallico rinforzato garantisce prestazioni durature anche in condizioni difficili. Migliora l\u2019efficienza della macchina riducendo le vibrazioni per il comfort dell\u2019operatore. Facile da mantenere ed \u00e8 un componente essenziale per la sicurezza sul lavoro.<\/p>\n<p data-start=\"4728\" data-end=\"5097\"><strong data-start=\"4728\" data-end=\"4747\">Caratteristiche<\/strong><br data-start=\"4747\" data-end=\"4750\" \/><strong data-start=\"4750\" data-end=\"4768\">Nome prodotto:<\/strong> Ruota di carico<br data-start=\"4825\" data-end=\"4828\" \/><strong data-start=\"4828\" data-end=\"4842\">Materiale:<\/strong> Gomma durevole, corpo metallico rinforzato<br data-start=\"4885\" data-end=\"4888\" \/><strong data-start=\"4888\" data-end=\"4905\">Applicazione:<\/strong> Sistema di carico per carrelli elevatori e macchinari pesanti<br data-start=\"4967\" data-end=\"4970\" \/><strong data-start=\"4970\" data-end=\"4984\">Vantaggio:<\/strong> Alta resistenza all\u2019usura, lunga durata, riduzione delle vibrazioni, facile manutenzione, stabilit\u00e0 migliorata<\/p>\n<p data-start=\"5099\" data-end=\"5576\">\n","protected":false},"featured_media":15970,"template":"","meta":[],"product_brand":[],"product_cat":[256,259,398,400],"product_tag":[],"class_list":{"0":"post-10022","1":"product","2":"type-product","3":"status-publish","4":"has-post-thumbnail","6":"product_cat-hyster","7":"product_cat-catal-tekeri-hyster","8":"product_cat-catal-tekeri-ceo","9":"product_cat-catal-tekeri","11":"first","12":"instock","13":"taxable","14":"shipping-taxable","15":"purchasable","16":"product-type-simple"},"_links":{"self":[{"href":"https:\/\/ceoparts.com\/it\/wp-json\/wp\/v2\/product\/10022","targetHints":{"allow":["GET"]}}],"collection":[{"href":"https:\/\/ceoparts.com\/it\/wp-json\/wp\/v2\/product"}],"about":[{"href":"https:\/\/ceoparts.com\/it\/wp-json\/wp\/v2\/types\/product"}],"wp:featuredmedia":[{"embeddable":true,"href":"https:\/\/ceoparts.com\/it\/wp-json\/wp\/v2\/media\/15970"}],"wp:attachment":[{"href":"https:\/\/ceoparts.com\/it\/wp-json\/wp\/v2\/media?parent=10022"}],"wp:term":[{"taxonomy":"product_brand","embeddable":true,"href":"https:\/\/ceoparts.com\/it\/wp-json\/wp\/v2\/product_brand?post=10022"},{"taxonomy":"product_cat","embeddable":true,"href":"https:\/\/ceoparts.com\/it\/wp-json\/wp\/v2\/product_cat?post=10022"},{"taxonomy":"product_tag","embeddable":true,"href":"https:\/\/ceoparts.com\/it\/wp-json\/wp\/v2\/product_tag?post=10022"}],"curies":[{"name":"wp","href":"https:\/\/api.w.org\/{rel}","templated":true}]}}