{"id":10603,"date":"2024-09-19T14:53:58","date_gmt":"2024-09-19T11:53:58","guid":{"rendered":"https:\/\/ceoparts.com\/?post_type=product&#038;p=10603"},"modified":"2026-05-16T14:16:31","modified_gmt":"2026-05-16T11:16:31","slug":"150x81-25-bt-denge-tekeri","status":"publish","type":"product","link":"https:\/\/ceoparts.com\/it\/urun\/150x81-25-bt-denge-tekeri\/","title":{"rendered":"152&#215;86-25 Stellana BT Vulkollan Ruota di bilanciamento &#8211; BT 7509579, 210545"},"content":{"rendered":"<p>152&#215;86-25 Stellana BT Vulkollan Ruota di bilanciamento &#8211; BT 7509579, 210545<\/p>\n<p>BT 7509579; 210545, 201254, 171204<\/p>\n<p>OL 20<br \/>\nOL 25<\/p>\n<p>OS 1.0<br \/>\nOS 1.8 X OPUS<br \/>\nOS 2.0<br \/>\nOS 2.0 TRINKS<br \/>\nOS 3.0 OPUS<\/p>\n<p>OSE 120<br \/>\nOSE 120 IKEA<br \/>\nOSE 120 P<br \/>\nOSE 180 X<br \/>\nOSE 180 XP<br \/>\nOSE 250<br \/>\nOSE 250 P<\/p>","protected":false},"excerpt":{"rendered":"<p data-start=\"0\" data-end=\"862\"><br data-start=\"4405\" data-end=\"4408\" \/>La Ruota di bilanciamento 152\u00d786-25 Stellana BT Vulkollan \u00e8 una ruota di alta qualit\u00e0 appositamente progettata per carrelli elevatori e stoccatori BT. Realizzata con una combinazione di materiali Stellana e Vulkollan, questa ruota offre un\u2019eccellente resistenza all\u2019usura e un\u2019alta capacit\u00e0 di carico. Garantisce la stabilit\u00e0 della macchina per un movimento sicuro e stabile. Il design resistente agli urti assicura una lunga durata anche in condizioni di lavoro difficili. Un pezzo di ricambio ideale per gli utenti di carrelli BT.<br data-start=\"4940\" data-end=\"4943\" \/><strong data-start=\"4943\" data-end=\"4963\">Caratteristiche:<\/strong><br data-start=\"4963\" data-end=\"4966\" \/><strong data-start=\"4966\" data-end=\"4984\">Nome prodotto:<\/strong> Ruota di bilanciamento 152\u00d786-25 Stellana BT Vulkollan<br data-start=\"5039\" data-end=\"5042\" \/><strong data-start=\"5042\" data-end=\"5059\">Codice parte:<\/strong> BT 7509579, 210545<br data-start=\"5078\" data-end=\"5081\" \/><strong data-start=\"5081\" data-end=\"5095\">Materiale:<\/strong> Stellana e Vulkollan, alta resistenza all\u2019usura e durata<br data-start=\"5152\" data-end=\"5155\" \/><strong data-start=\"5155\" data-end=\"5176\">Area di utilizzo:<\/strong> Carrelli elevatori e stoccatori BT<br data-start=\"5211\" data-end=\"5214\" \/><strong data-start=\"5214\" data-end=\"5228\">Vantaggio:<\/strong> Alta durabilit\u00e0, eccellente stabilit\u00e0, lunga durata, resistenza agli urti<\/p>\n<p data-start=\"5306\" data-end=\"6232\" data-is-last-node=\"\" data-is-only-node=\"\">\n","protected":false},"featured_media":16459,"template":"","meta":[],"product_brand":[],"product_cat":[251,252,416,417,185],"product_tag":[],"class_list":{"0":"post-10603","1":"product","2":"type-product","3":"status-publish","4":"has-post-thumbnail","6":"product_cat-bt","7":"product_cat-denge-tekeri-bt","8":"product_cat-stellana","9":"product_cat-denge-tekeri-stellana","10":"product_cat-denge-tekeri","12":"first","13":"instock","14":"taxable","15":"shipping-taxable","16":"purchasable","17":"product-type-simple"},"_links":{"self":[{"href":"https:\/\/ceoparts.com\/it\/wp-json\/wp\/v2\/product\/10603","targetHints":{"allow":["GET"]}}],"collection":[{"href":"https:\/\/ceoparts.com\/it\/wp-json\/wp\/v2\/product"}],"about":[{"href":"https:\/\/ceoparts.com\/it\/wp-json\/wp\/v2\/types\/product"}],"wp:featuredmedia":[{"embeddable":true,"href":"https:\/\/ceoparts.com\/it\/wp-json\/wp\/v2\/media\/16459"}],"wp:attachment":[{"href":"https:\/\/ceoparts.com\/it\/wp-json\/wp\/v2\/media?parent=10603"}],"wp:term":[{"taxonomy":"product_brand","embeddable":true,"href":"https:\/\/ceoparts.com\/it\/wp-json\/wp\/v2\/product_brand?post=10603"},{"taxonomy":"product_cat","embeddable":true,"href":"https:\/\/ceoparts.com\/it\/wp-json\/wp\/v2\/product_cat?post=10603"},{"taxonomy":"product_tag","embeddable":true,"href":"https:\/\/ceoparts.com\/it\/wp-json\/wp\/v2\/product_tag?post=10603"}],"curies":[{"name":"wp","href":"https:\/\/api.w.org\/{rel}","templated":true}]}}