{"id":10763,"date":"2024-09-23T16:46:03","date_gmt":"2024-09-23T13:46:03","guid":{"rendered":"https:\/\/ceoparts.com\/?post_type=product&#038;p=10763"},"modified":"2026-05-16T17:12:49","modified_gmt":"2026-05-16T14:12:49","slug":"jungheinrich-denge-mekanizmasi-takim","status":"publish","type":"product","link":"https:\/\/ceoparts.com\/it\/urun\/jungheinrich-denge-mekanizmasi-takim\/","title":{"rendered":"140&#215;54 Still EXV 12 Team del meccanismo di equilibrio  &#8211; 50024505511"},"content":{"rendered":"<p>140&#215;54 Still EXV 12 Team del meccanismo di equilibrio  &#8211; 50024505511<\/p>","protected":false},"excerpt":{"rendered":"<p data-start=\"0\" data-end=\"282\"><br data-start=\"2800\" data-end=\"2803\" \/>Il Meccanismo di bilanciamento 140\u00d754 Still EXV 12 \u00e8 progettato per i modelli di transpallet elevatori Still EXV 12. Garantisce la stabilit\u00e0 del carrello e migliora la sicurezza durante il trasporto dei carichi. Realizzato con materiali resistenti all\u2019usura.<\/p>\n<p data-start=\"3063\" data-end=\"3374\"><strong data-start=\"3063\" data-end=\"3083\">Caratteristiche:<\/strong><br data-start=\"3083\" data-end=\"3086\" \/><strong data-start=\"3086\" data-end=\"3104\">Nome prodotto:<\/strong> Meccanismo di bilanciamento 140\u00d754 Still EXV 12<br data-start=\"3152\" data-end=\"3155\" \/><strong data-start=\"3155\" data-end=\"3172\">Codice parte:<\/strong> 50024505511<br data-start=\"3184\" data-end=\"3187\" \/><strong data-start=\"3187\" data-end=\"3201\">Materiale:<\/strong> Lega metallica durevole<br data-start=\"3225\" data-end=\"3228\" \/><strong data-start=\"3228\" data-end=\"3249\">Area di utilizzo:<\/strong> Sistema di bilanciamento per transpallet Still EXV 12<br data-start=\"3303\" data-end=\"3306\" \/><strong data-start=\"3306\" data-end=\"3320\">Vantaggio:<\/strong> Stabilit\u00e0 del carico, alta resistenza, lunga durata<\/p>\n<p data-start=\"3376\" data-end=\"3633\">\n","protected":false},"featured_media":13808,"template":"","meta":[],"product_brand":[],"product_cat":[241,242,420,422],"product_tag":[],"class_list":{"0":"post-10763","1":"product","2":"type-product","3":"status-publish","4":"has-post-thumbnail","6":"product_cat-still","7":"product_cat-denge-tekeri-still","8":"product_cat-denge-mekanizmalar","9":"product_cat-jungheinrich-denge-mekanizma","11":"first","12":"instock","13":"taxable","14":"shipping-taxable","15":"purchasable","16":"product-type-simple"},"_links":{"self":[{"href":"https:\/\/ceoparts.com\/it\/wp-json\/wp\/v2\/product\/10763","targetHints":{"allow":["GET"]}}],"collection":[{"href":"https:\/\/ceoparts.com\/it\/wp-json\/wp\/v2\/product"}],"about":[{"href":"https:\/\/ceoparts.com\/it\/wp-json\/wp\/v2\/types\/product"}],"wp:featuredmedia":[{"embeddable":true,"href":"https:\/\/ceoparts.com\/it\/wp-json\/wp\/v2\/media\/13808"}],"wp:attachment":[{"href":"https:\/\/ceoparts.com\/it\/wp-json\/wp\/v2\/media?parent=10763"}],"wp:term":[{"taxonomy":"product_brand","embeddable":true,"href":"https:\/\/ceoparts.com\/it\/wp-json\/wp\/v2\/product_brand?post=10763"},{"taxonomy":"product_cat","embeddable":true,"href":"https:\/\/ceoparts.com\/it\/wp-json\/wp\/v2\/product_cat?post=10763"},{"taxonomy":"product_tag","embeddable":true,"href":"https:\/\/ceoparts.com\/it\/wp-json\/wp\/v2\/product_tag?post=10763"}],"curies":[{"name":"wp","href":"https:\/\/api.w.org\/{rel}","templated":true}]}}