{"id":10833,"date":"2024-09-24T10:23:03","date_gmt":"2024-09-24T07:23:03","guid":{"rendered":"https:\/\/ceoparts.com\/?post_type=product&#038;p=10833"},"modified":"2026-05-16T11:56:50","modified_gmt":"2026-05-16T08:56:50","slug":"wicke-ucgen-denge-mekanizma-takim","status":"publish","type":"product","link":"https:\/\/ceoparts.com\/it\/urun\/wicke-ucgen-denge-mekanizma-takim\/","title":{"rendered":"Meccanismo di bilanciamento BT Wicke Vulkollan Toyota LPE\/SPE &#8211; 7611200"},"content":{"rendered":"<p>Meccanismo di bilanciamento BT Wicke Vulkollan Toyota LPE\/SPE &#8211; 7611200<\/p>\n<p>Set meccanismo di bilanciamento del nuovo case Wicke<\/p>\n<p>BT 7611200 7523193 \u00d8 = 125mm<\/p>\n<p>BT Toyota LPE200 LPE220 LPE250<\/p>\n<p>SPE120L<br \/>\nSPE140L<br \/>\nSPE160L<br \/>\nSPE200D<br \/>\nSPE200L<br \/>\nSWE145L<br \/>\nSWE160L<br \/>\nSWE200L<\/p>","protected":false},"excerpt":{"rendered":"<p data-start=\"0\" data-end=\"325\"><br data-start=\"3430\" data-end=\"3433\" \/>BT Wicke Vulkollan Toyota LPE\/SPE Meccanismo di bilanciamento \u00e8 un componente di alta qualit\u00e0 utilizzato nel sistema di bilanciamento dei carrelli elevatori. Realizzato con materiale Vulkollan resistente, \u00e8 resistente all\u2019usura e agli urti. Progettato specificamente per i modelli Toyota LPE e SPE, migliora la stabilit\u00e0 del carico per un funzionamento sicuro.<\/p>\n<p data-start=\"3795\" data-end=\"4170\"><strong data-start=\"3795\" data-end=\"3815\">Caratteristiche:<\/strong><br data-start=\"3815\" data-end=\"3818\" \/><strong data-start=\"3818\" data-end=\"3836\">Nome prodotto:<\/strong> BT Wicke Vulkollan Toyota LPE\/SPE Meccanismo di bilanciamento<br data-start=\"3898\" data-end=\"3901\" \/><strong data-start=\"3901\" data-end=\"3918\">Codice parte:<\/strong> 7611200<br data-start=\"3926\" data-end=\"3929\" \/><strong data-start=\"3929\" data-end=\"3943\">Materiale:<\/strong> Rivestimento Vulkollan, corpo metallico<br data-start=\"3983\" data-end=\"3986\" \/><strong data-start=\"3986\" data-end=\"4007\">Area di utilizzo:<\/strong> Meccanismo di bilanciamento per carrelli elevatori Toyota LPE e SPE<br data-start=\"4075\" data-end=\"4078\" \/><strong data-start=\"4078\" data-end=\"4092\">Vantaggio:<\/strong> Alta durabilit\u00e0, resistenza a urti e usura, migliorata stabilit\u00e0 del carico<\/p>\n<p data-start=\"4172\" data-end=\"4531\">\n","protected":false},"featured_media":13841,"template":"","meta":[],"product_brand":[],"product_cat":[424,521,531,532,251,401,420],"product_tag":[],"class_list":{"0":"post-10833","1":"product","2":"type-product","3":"status-publish","4":"has-post-thumbnail","6":"product_cat-wicke-denge-mekanizma","7":"product_cat-toyota","8":"product_cat-mekanizmalar-toyota","9":"product_cat-mekanizmalar-wicke","10":"product_cat-bt","11":"product_cat-wicke","12":"product_cat-denge-mekanizmalar","14":"first","15":"instock","16":"taxable","17":"shipping-taxable","18":"purchasable","19":"product-type-simple"},"_links":{"self":[{"href":"https:\/\/ceoparts.com\/it\/wp-json\/wp\/v2\/product\/10833","targetHints":{"allow":["GET"]}}],"collection":[{"href":"https:\/\/ceoparts.com\/it\/wp-json\/wp\/v2\/product"}],"about":[{"href":"https:\/\/ceoparts.com\/it\/wp-json\/wp\/v2\/types\/product"}],"wp:featuredmedia":[{"embeddable":true,"href":"https:\/\/ceoparts.com\/it\/wp-json\/wp\/v2\/media\/13841"}],"wp:attachment":[{"href":"https:\/\/ceoparts.com\/it\/wp-json\/wp\/v2\/media?parent=10833"}],"wp:term":[{"taxonomy":"product_brand","embeddable":true,"href":"https:\/\/ceoparts.com\/it\/wp-json\/wp\/v2\/product_brand?post=10833"},{"taxonomy":"product_cat","embeddable":true,"href":"https:\/\/ceoparts.com\/it\/wp-json\/wp\/v2\/product_cat?post=10833"},{"taxonomy":"product_tag","embeddable":true,"href":"https:\/\/ceoparts.com\/it\/wp-json\/wp\/v2\/product_tag?post=10833"}],"curies":[{"name":"wp","href":"https:\/\/api.w.org\/{rel}","templated":true}]}}