{"id":11053,"date":"2024-10-01T15:02:31","date_gmt":"2024-10-01T12:02:31","guid":{"rendered":"https:\/\/ceoparts.com\/?post_type=product&#038;p=11053"},"modified":"2026-05-16T14:01:44","modified_gmt":"2026-05-16T11:01:44","slug":"300x106-30-wicke-vulkollan-6b-frenli-yuk-tekeri","status":"publish","type":"product","link":"https:\/\/ceoparts.com\/it\/urun\/300x106-30-wicke-vulkollan-6b-frenli-yuk-tekeri\/","title":{"rendered":"300&#215;106-30 Wicke Vulkollan 6B Con Freno Ruote di carico &#8211; 7578681"},"content":{"rendered":"<p>300&#215;106-30 Wicke Vulkollan 6B Con Freno Ruote di carico &#8211; 7578681<\/p>","protected":false},"excerpt":{"rendered":"<p data-start=\"0\" data-end=\"396\"><br data-start=\"3889\" data-end=\"3892\" \/>300\u00d7106-30 ruota di carico frenata Wicke Vulkollan 6B \u00e8 una ruota di alta qualit\u00e0 utilizzata per carrelli elevatori e veicoli industriali. Ha un diametro di 300 mm, una larghezza di 106 mm e un foro da 30 mm. Dotata di sistema a 6 cuscinetti a sfera. Il rivestimento Wicke Vulkollan offre elevata resistenza all\u2019usura ed elasticit\u00e0. Il sistema frenante migliora il controllo del veicolo e garantisce sicurezza.<\/p>\n<p data-start=\"4304\" data-end=\"4670\"><strong data-start=\"4304\" data-end=\"4324\">Caratteristiche:<\/strong><br data-start=\"4324\" data-end=\"4327\" \/><strong data-start=\"4327\" data-end=\"4345\">Nome prodotto:<\/strong> 300\u00d7106-30 ruota di carico frenata Wicke Vulkollan 6B<br data-start=\"4399\" data-end=\"4402\" \/><strong data-start=\"4402\" data-end=\"4419\">Codice parte:<\/strong> 7578681<br data-start=\"4427\" data-end=\"4430\" \/><strong data-start=\"4430\" data-end=\"4444\">Materiale:<\/strong> Rivestimento Wicke Vulkollan, corpo in acciaio<br data-start=\"4491\" data-end=\"4494\" \/><strong data-start=\"4494\" data-end=\"4515\">Area di utilizzo:<\/strong> Ruota di carico per carrelli elevatori e veicoli industriali<br data-start=\"4576\" data-end=\"4579\" \/><strong data-start=\"4579\" data-end=\"4593\">Vantaggio:<\/strong> Alta resistenza all\u2019usura, sistema frenante, struttura elastica e durevole<\/p>\n<p data-start=\"4672\" data-end=\"5092\">\n","protected":false},"featured_media":11057,"template":"","meta":[],"product_brand":[],"product_cat":[405,194],"product_tag":[],"class_list":{"0":"post-11053","1":"product","2":"type-product","3":"status-publish","4":"has-post-thumbnail","6":"product_cat-yuk-tekeri-wicke","7":"product_cat-yuk-tekeri","9":"first","10":"instock","11":"taxable","12":"shipping-taxable","13":"purchasable","14":"product-type-simple"},"_links":{"self":[{"href":"https:\/\/ceoparts.com\/it\/wp-json\/wp\/v2\/product\/11053","targetHints":{"allow":["GET"]}}],"collection":[{"href":"https:\/\/ceoparts.com\/it\/wp-json\/wp\/v2\/product"}],"about":[{"href":"https:\/\/ceoparts.com\/it\/wp-json\/wp\/v2\/types\/product"}],"wp:featuredmedia":[{"embeddable":true,"href":"https:\/\/ceoparts.com\/it\/wp-json\/wp\/v2\/media\/11057"}],"wp:attachment":[{"href":"https:\/\/ceoparts.com\/it\/wp-json\/wp\/v2\/media?parent=11053"}],"wp:term":[{"taxonomy":"product_brand","embeddable":true,"href":"https:\/\/ceoparts.com\/it\/wp-json\/wp\/v2\/product_brand?post=11053"},{"taxonomy":"product_cat","embeddable":true,"href":"https:\/\/ceoparts.com\/it\/wp-json\/wp\/v2\/product_cat?post=11053"},{"taxonomy":"product_tag","embeddable":true,"href":"https:\/\/ceoparts.com\/it\/wp-json\/wp\/v2\/product_tag?post=11053"}],"curies":[{"name":"wp","href":"https:\/\/api.w.org\/{rel}","templated":true}]}}