{"id":11155,"date":"2024-10-08T15:50:17","date_gmt":"2024-10-08T12:50:17","guid":{"rendered":"https:\/\/ceoparts.com\/?post_type=product&#038;p=11155"},"modified":"2026-05-16T16:32:48","modified_gmt":"2026-05-16T13:32:48","slug":"125x50-54-20-wicke-denge-tekeri-156259","status":"publish","type":"product","link":"https:\/\/ceoparts.com\/it\/urun\/125x50-54-20-wicke-denge-tekeri-156259\/","title":{"rendered":"125&#215;50\/54-20 Wicke Ruote Bilanciate &#8211; 156259"},"content":{"rendered":"<p>125&#215;50\/54-20 Wicke Ruote Bilanciate &#8211; 156259<\/p>\n<p><\/p>\n<p>MO 15<\/p>\n<p>PPO 1500MX<\/p>\n<p>MPH 16<br \/>\nMPL 10<br \/>\nMPL 12<br \/>\nMPL 12 F<br \/>\nMPL 16D<\/p>\n<p>PPH 1600 MX<\/p>\n<p>PPS 1000 MX<br \/>\nPPS 1200 MX<br \/>\nPPS 1200MXF<br \/>\nPPS 1600 MXD<\/p>\n<p>S12 F<br \/>\nS16 D<\/p>\n<p>SWE 080 L<br \/>\nSWE100 STAXIO<br \/>\nSWE 120 IKEA<br \/>\nSWE 120 STAXIO<br \/>\nSWE 120 L<br \/>\nSWE 120 LIKEA<br \/>\nSWE 140 STAXIO<br \/>\nSWE 140 L STAXIO<br \/>\nSWE 160 D IKEA<br \/>\nSWE 160D<br \/>\nSWE 200 D IKEA<br \/>\nSWE 200 D<\/p>\n<p>LWE 140 LEVIO<br \/>\nLWE 160LEVIO<br \/>\nLWE 180<br \/>\nLWE 180 LEVIO<br \/>\nLWE 200<br \/>\nLWE 200 N<br \/>\nLWE 250LEVIO<\/p>\n<p>MP 14 C<br \/>\nMP 14<br \/>\nMP 16<br \/>\nMP 20<br \/>\nMP 20L<\/p>\n<p>PPL 2000 MX<\/p>\n<p>PPT 1400 C<br \/>\nPPT 1400 MX<br \/>\nPPT 1400MXC<br \/>\nPPT 1600 MX<br \/>\nPPT 1800 MMD<br \/>\nPPT 2000 MX<br \/>\nPPT 2000MMD<\/p>\n<p>W18 ORION<br \/>\nW20 ORION<br \/>\nW20 N<\/p>","protected":false},"excerpt":{"rendered":"<p data-start=\"0\" data-end=\"415\"><br data-start=\"3805\" data-end=\"3808\" \/>125\u00d750\/54-20 Wicke ruota di carico \u00e8 una ruota robusta e di alta qualit\u00e0 per carrelli elevatori e attrezzature di magazzino. Con un diametro di 125 mm, una larghezza di 50 mm e un foro di 54 mm, questo modello migliora la manovrabilit\u00e0 negli spazi ristretti, mantenendo stabilit\u00e0 e sicurezza. Il rivestimento in poliuretano di alta qualit\u00e0 Wicke garantisce una lunga durata e un\u2019eccellente resistenza all\u2019usura.<\/p>\n<p data-start=\"4221\" data-end=\"4591\"><strong data-start=\"4221\" data-end=\"4241\">Caratteristiche:<\/strong><br data-start=\"4241\" data-end=\"4244\" \/><strong data-start=\"4244\" data-end=\"4262\">Nome prodotto:<\/strong> 125\u00d750\/54-20 Wicke ruota di carico<br data-start=\"4297\" data-end=\"4300\" \/><strong data-start=\"4300\" data-end=\"4317\">Codice parte:<\/strong> 156259<br data-start=\"4324\" data-end=\"4327\" \/><strong data-start=\"4327\" data-end=\"4341\">Materiale:<\/strong> Rivestimento in poliuretano, corpo in acciaio<br data-start=\"4387\" data-end=\"4390\" \/><strong data-start=\"4390\" data-end=\"4411\">Area di utilizzo:<\/strong> Ruota di carico per carrelli elevatori e attrezzature di magazzino<br data-start=\"4478\" data-end=\"4481\" \/><strong data-start=\"4481\" data-end=\"4495\">Vantaggio:<\/strong> Elevata resistenza all\u2019usura, funzionamento silenzioso, ottima manovrabilit\u00e0 in spazi stretti<\/p>\n<p data-start=\"4593\" data-end=\"5035\">\n","protected":false},"featured_media":12047,"template":"","meta":[],"product_brand":[],"product_cat":[403,185],"product_tag":[],"class_list":{"0":"post-11155","1":"product","2":"type-product","3":"status-publish","4":"has-post-thumbnail","6":"product_cat-denge-tekeri-wicke","7":"product_cat-denge-tekeri","9":"first","10":"instock","11":"taxable","12":"shipping-taxable","13":"purchasable","14":"product-type-simple"},"_links":{"self":[{"href":"https:\/\/ceoparts.com\/it\/wp-json\/wp\/v2\/product\/11155","targetHints":{"allow":["GET"]}}],"collection":[{"href":"https:\/\/ceoparts.com\/it\/wp-json\/wp\/v2\/product"}],"about":[{"href":"https:\/\/ceoparts.com\/it\/wp-json\/wp\/v2\/types\/product"}],"wp:featuredmedia":[{"embeddable":true,"href":"https:\/\/ceoparts.com\/it\/wp-json\/wp\/v2\/media\/12047"}],"wp:attachment":[{"href":"https:\/\/ceoparts.com\/it\/wp-json\/wp\/v2\/media?parent=11155"}],"wp:term":[{"taxonomy":"product_brand","embeddable":true,"href":"https:\/\/ceoparts.com\/it\/wp-json\/wp\/v2\/product_brand?post=11155"},{"taxonomy":"product_cat","embeddable":true,"href":"https:\/\/ceoparts.com\/it\/wp-json\/wp\/v2\/product_cat?post=11155"},{"taxonomy":"product_tag","embeddable":true,"href":"https:\/\/ceoparts.com\/it\/wp-json\/wp\/v2\/product_tag?post=11155"}],"curies":[{"name":"wp","href":"https:\/\/api.w.org\/{rel}","templated":true}]}}