{"id":11192,"date":"2024-10-09T14:18:50","date_gmt":"2024-10-09T11:18:50","guid":{"rendered":"https:\/\/ceoparts.com\/?post_type=product&#038;p=11192"},"modified":"2026-05-16T16:32:59","modified_gmt":"2026-05-16T13:32:59","slug":"230x70-45-wicke-gri-yuruyus-tekeri","status":"publish","type":"product","link":"https:\/\/ceoparts.com\/it\/urun\/230x70-45-wicke-gri-yuruyus-tekeri\/","title":{"rendered":"230&#215;75-45 Wicke Grigio passeggio &#8211; 39902358"},"content":{"rendered":"<p>230&#215;75-45 Wicke Grigio passeggio &#8211; 39902358<\/p>\n<p>50014505505, 50014505506, 0009903820, 0009930820, 0039902348, 0039902353, 0039902358<\/p>\n<p>&nbsp;<\/p>\n<table border=\"0\" frame=\"void\" rules=\"none\" cellspacing=\"0\">\n<colgroup>\n<col width=\"98\" \/>\n<col width=\"156\" \/><\/colgroup>\n<tbody>\n<tr>\n<td align=\"left\" width=\"98\" height=\"17\">1151<\/td>\n<td align=\"left\" width=\"156\">T16\/T16P\/T20\/T20P<\/td>\n<\/tr>\n<tr>\n<td align=\"left\" height=\"17\">1152<\/td>\n<td align=\"left\">T16\/T18\/T20\/T16L<\/td>\n<\/tr>\n<tr>\n<td align=\"left\" height=\"17\">1169<\/td>\n<td align=\"left\">L10\/L12<\/td>\n<\/tr>\n<tr>\n<td align=\"left\" height=\"17\">1172<\/td>\n<td align=\"left\">L10\/L12\/L12i<\/td>\n<\/tr>\n<\/tbody>\n<\/table>\n<p>1160\u00a0\u00a0\u00a0\u00a0\u00a0\u00a0\u00a0\u00a0\u00a0\u00a0\u00a0\u00a0\u00a0\u00a0\u00a0\u00a0\u00a0DO6\/D08<\/p>","protected":false},"excerpt":{"rendered":"<p data-start=\"0\" data-end=\"348\"><br data-start=\"3605\" data-end=\"3608\" \/>230\u00d775-45 Wicke ruota di rotolamento grigia \u00e8 una ruota resistente e di alta qualit\u00e0 progettata per carrelli elevatori e veicoli industriali. Con un diametro di 230 mm, una larghezza di 75 mm e un foro di 45 mm, questo prodotto presenta un rivestimento in gomma grigia Wicke che garantisce una guida stabile e sicura. Offre un\u2019elevata resistenza all\u2019usura in condizioni di lavoro difficili.<\/p>\n<p data-start=\"4000\" data-end=\"4357\"><strong data-start=\"4000\" data-end=\"4020\">Caratteristiche:<\/strong><br data-start=\"4020\" data-end=\"4023\" \/><strong data-start=\"4023\" data-end=\"4041\">Nome prodotto:<\/strong> 230\u00d775-45 Wicke ruota di rotolamento grigia<br data-start=\"4085\" data-end=\"4088\" \/><strong data-start=\"4088\" data-end=\"4105\">Codice parte:<\/strong> 39902358<br data-start=\"4114\" data-end=\"4117\" \/><strong data-start=\"4117\" data-end=\"4131\">Materiale:<\/strong> Rivestimento in gomma grigia, corpo metallico robusto<br data-start=\"4185\" data-end=\"4188\" \/><strong data-start=\"4188\" data-end=\"4209\">Area di utilizzo:<\/strong> Ruota di rotolamento per carrelli elevatori e veicoli industriali<br data-start=\"4275\" data-end=\"4278\" \/><strong data-start=\"4278\" data-end=\"4292\">Vantaggio:<\/strong> Alta resistenza all\u2019usura, costruzione durevole e lunga durata<\/p>\n<p data-start=\"4359\" data-end=\"4751\">\n","protected":false},"featured_media":11193,"template":"","meta":[],"product_brand":[],"product_cat":[404,193],"product_tag":[],"class_list":{"0":"post-11192","1":"product","2":"type-product","3":"status-publish","4":"has-post-thumbnail","6":"product_cat-yuruyus-tekeri-wicke","7":"product_cat-yuruyus-tekeri","9":"first","10":"instock","11":"taxable","12":"shipping-taxable","13":"purchasable","14":"product-type-simple"},"_links":{"self":[{"href":"https:\/\/ceoparts.com\/it\/wp-json\/wp\/v2\/product\/11192","targetHints":{"allow":["GET"]}}],"collection":[{"href":"https:\/\/ceoparts.com\/it\/wp-json\/wp\/v2\/product"}],"about":[{"href":"https:\/\/ceoparts.com\/it\/wp-json\/wp\/v2\/types\/product"}],"wp:featuredmedia":[{"embeddable":true,"href":"https:\/\/ceoparts.com\/it\/wp-json\/wp\/v2\/media\/11193"}],"wp:attachment":[{"href":"https:\/\/ceoparts.com\/it\/wp-json\/wp\/v2\/media?parent=11192"}],"wp:term":[{"taxonomy":"product_brand","embeddable":true,"href":"https:\/\/ceoparts.com\/it\/wp-json\/wp\/v2\/product_brand?post=11192"},{"taxonomy":"product_cat","embeddable":true,"href":"https:\/\/ceoparts.com\/it\/wp-json\/wp\/v2\/product_cat?post=11192"},{"taxonomy":"product_tag","embeddable":true,"href":"https:\/\/ceoparts.com\/it\/wp-json\/wp\/v2\/product_tag?post=11192"}],"curies":[{"name":"wp","href":"https:\/\/api.w.org\/{rel}","templated":true}]}}