{"id":11206,"date":"2024-10-09T15:52:10","date_gmt":"2024-10-09T12:52:10","guid":{"rendered":"https:\/\/ceoparts.com\/?post_type=product&#038;p=11206"},"modified":"2026-05-16T09:41:32","modified_gmt":"2026-05-16T06:41:32","slug":"230x75-45-tellure-rota-kanalli-yuruyus-tekeri","status":"publish","type":"product","link":"https:\/\/ceoparts.com\/it\/urun\/230x75-45-tellure-rota-kanalli-yuruyus-tekeri\/","title":{"rendered":"230&#215;75-45 Tellure Rota Scanalato, Ruota da passeggio &#8211; 4359920, 4400716, 0009903819"},"content":{"rendered":"<p>230&#215;75-45 Tellure Rota Scanalato, Ruota da passeggio &#8211; 4359920, 4400716, 0009903819<\/p>\n<p>LINDE 0009903819, 0009934071<\/p>\n<p>1151\u00a0T16\/T16P\/T20\/T20P<br \/>\n1152\u00a0T16\/T18\/T20\/T16L<br \/>\n1160\u00a0D06\/D08<br \/>\n1169\u00a0L10\/L12\/L14C<br \/>\n1169\u00a0L10P\/L12P\/L14P<br \/>\n1172\u00a0L10\/L12\/L12i<\/p>\n<p>Still 4359920 4400716<\/p>\n<p>EXU<br \/>\nEXU AC16 (0143, 0150, 0151, 0152)<br \/>\nEXU AC18 (0143, 0150, 0151, 0152)<br \/>\nEXU AC20 (0143, 0150, 0151, 0152)<br \/>\nEXU AC22 (0143, 0150, 0151, 0152)<br \/>\nEXU LINDE USA (0147)<br \/>\nEXU-H (0202)<br \/>\nEXU-H AC (0203)<br \/>\nEXU-H AC Autolift (0161, 0162, 0163)<br \/>\nEXU-SF20 (0160, 0179)<br \/>\nEXU-SF20 09\/2013-&gt;<br \/>\nEXV<br \/>\nEXV10 (4572) 02\/2015-&gt;<br \/>\nEXV10BASIC (4572) 02\/2015-&gt;<br \/>\nEXV12 (4572) 02\/2015-&gt;<br \/>\nEXV12I (4572) 02\/2015-&gt;<br \/>\nEXV14C (4572) 02\/2015-&gt;<br \/>\nEXV14IC (4572) 02\/2015-&gt;<br \/>\nEXVBasic (0251, 0252, 0253, 0254)<br \/>\nEXVBasic (0270, 0271, 0272, 0273) 01\/2013-&gt;<br \/>\nEXD<br \/>\nEXD-SF20 (0260,0261, 0283, 0284)<br \/>\nEXD-SF20 (0283, 0284)<br \/>\nEXD18 (0285, 0286)<br \/>\nEXD20 (0260,0261, 0283, 0284)<br \/>\nEXD20 (0283, 0284)<br \/>\nEGU<br \/>\nEGU 16 (0115, 0117, 0119, 0125)<br \/>\nEGU 18 (0115, 0117, 0119, 0125)<br \/>\nEGU 20 (0115, 0117, 0119, 0125)<br \/>\nEGU 20-S (0115, 0117, 0119, 0125)<br \/>\nEGU-H (0201)<br \/>\nEGU20 (0122)<br \/>\nEGU20S (0123)<br \/>\nEGV<br \/>\nEGV14 (0248,0250)<br \/>\nEGV16 (0248,0250)<br \/>\nLTX<br \/>\nLTX-T04<br \/>\nLTX20<br \/>\nTSD<br \/>\nTSD-SF20<br \/>\nTSD20<br \/>\nEGD<br \/>\nEGD16 (0219)<br \/>\nCL<br \/>\nCL10 Basic (4572) 01\/2013 -&gt;<br \/>\nCL12 Basic (4572) 01\/2013-&gt;<br \/>\nCL12i Basic (4572) 01\/2013-&gt;<\/p>","protected":false},"excerpt":{"rendered":"<p data-start=\"0\" data-end=\"409\"><br data-start=\"4134\" data-end=\"4137\" \/>230\u00d775-45 Tellure Rota ruota di rotolamento scanalata \u00e8 una ruota resistente e di alta qualit\u00e0 utilizzata per carrelli elevatori e veicoli industriali. Con un diametro di 230 mm, una larghezza di 75 mm e un foro di 45 mm, questo prodotto presenta un rivestimento in gomma scanalata speciale Tellure Rota che offre un\u2019eccellente trazione e lunga durata in condizioni difficili. La superficie scanalata previene lo slittamento e garantisce una guida stabile e sicura.<\/p>\n<p data-start=\"4604\" data-end=\"4994\"><strong data-start=\"4604\" data-end=\"4624\">Caratteristiche:<\/strong><br data-start=\"4624\" data-end=\"4627\" \/><strong data-start=\"4627\" data-end=\"4645\">Nome prodotto:<\/strong> 230\u00d775-45 Tellure Rota ruota di rotolamento scanalata<br data-start=\"4699\" data-end=\"4702\" \/><strong data-start=\"4702\" data-end=\"4719\">Codice parte:<\/strong> 4359920, 4400716, 0009903819<br data-start=\"4748\" data-end=\"4751\" \/><strong data-start=\"4751\" data-end=\"4765\">Materiale:<\/strong> Rivestimento in gomma scanalata, corpo metallico robusto<br data-start=\"4822\" data-end=\"4825\" \/><strong data-start=\"4825\" data-end=\"4846\">Area di utilizzo:<\/strong> Ruota di rotolamento per carrelli elevatori e veicoli industriali<br data-start=\"4912\" data-end=\"4915\" \/><strong data-start=\"4915\" data-end=\"4929\">Vantaggio:<\/strong> Superficie scanalata, alta resistenza all\u2019usura e lunga durata<\/p>\n<p data-start=\"4996\" data-end=\"5462\">\n","protected":false},"featured_media":11207,"template":"","meta":[],"product_brand":[],"product_cat":[251,254,412,414,241,244,246,249,193],"product_tag":[],"class_list":{"0":"post-11206","1":"product","2":"type-product","3":"status-publish","4":"has-post-thumbnail","6":"product_cat-bt","7":"product_cat-yuruyus-tekeri-bt","8":"product_cat-tellure-rota","9":"product_cat-yuruyus-tekeri-rota","10":"product_cat-still","11":"product_cat-yuruyus-tekeri-still","12":"product_cat-linde","13":"product_cat-yuruyus-tekeri-linde","14":"product_cat-yuruyus-tekeri","16":"first","17":"instock","18":"taxable","19":"shipping-taxable","20":"purchasable","21":"product-type-simple"},"_links":{"self":[{"href":"https:\/\/ceoparts.com\/it\/wp-json\/wp\/v2\/product\/11206","targetHints":{"allow":["GET"]}}],"collection":[{"href":"https:\/\/ceoparts.com\/it\/wp-json\/wp\/v2\/product"}],"about":[{"href":"https:\/\/ceoparts.com\/it\/wp-json\/wp\/v2\/types\/product"}],"wp:featuredmedia":[{"embeddable":true,"href":"https:\/\/ceoparts.com\/it\/wp-json\/wp\/v2\/media\/11207"}],"wp:attachment":[{"href":"https:\/\/ceoparts.com\/it\/wp-json\/wp\/v2\/media?parent=11206"}],"wp:term":[{"taxonomy":"product_brand","embeddable":true,"href":"https:\/\/ceoparts.com\/it\/wp-json\/wp\/v2\/product_brand?post=11206"},{"taxonomy":"product_cat","embeddable":true,"href":"https:\/\/ceoparts.com\/it\/wp-json\/wp\/v2\/product_cat?post=11206"},{"taxonomy":"product_tag","embeddable":true,"href":"https:\/\/ceoparts.com\/it\/wp-json\/wp\/v2\/product_tag?post=11206"}],"curies":[{"name":"wp","href":"https:\/\/api.w.org\/{rel}","templated":true}]}}